{"id":5348,"date":"2021-06-17T08:15:47","date_gmt":"2021-06-17T08:15:47","guid":{"rendered":"https:\/\/www.moriartyinjurylawyer.com\/?page_id=5348"},"modified":"2021-06-25T08:58:44","modified_gmt":"2021-06-25T08:58:44","slug":"home","status":"publish","type":"page","link":"https:\/\/www.moriartyinjurylawyer.com\/es\/","title":{"rendered":"Inicio"},"content":{"rendered":"<h1>Abogado Especialista en Negligencias M\u00e9dicas en Atlanta<\/h1>\n<p>\u00bfEst\u00e1 usted buscando al abogado especializado en negligencias m\u00e9dicas m\u00e1s calificado? Cuando ocurre un da\u00f1o personal o lesi\u00f3n corporal como consecuencia de una negligencia m\u00e9dica, ya sea provocada por una persona, profesional m\u00e9dico o centro de salud, es importante asesorarse con un abogado experimentado en lesiones por negligencias m\u00e9dicas en Atlanta y buscar la asesor\u00eda y representaci\u00f3n legal adecuadas. Los gastos y perjuicios causados por lesiones debidas a negligencia m\u00e9dica pueden afectar en gran medida su vida y la de sus seres queridos. Las acciones legales que un abogado experto en negligencias m\u00e9dicas en Atlanta lleve a cabo, pueden adem\u00e1s ayudar a evitar que ocurran similares atrocidades a otros en un futuro, a la vez de compensarlo a usted por las lesiones, gastos y da\u00f1os que le hayan ocasionado. El abogado especializado en lesiones en Atlanta, Daniel J. Moriarty, ha dedicado muchos a\u00f1os a lograr justicia para los clientes que han sufrido da\u00f1os corporales debido a la negligencia de otros. Trabaja sin descanso para garantizar que sus clientes obtengan el resultado m\u00e1s favorable posible en los casos de lesiones o negligencias m\u00e9dicas que lleva.<\/p>\n<p>La palabra \u201caccidente\u201d puede ser interpretada como no intencional o fortuito, pero a menudo los accidentes se pueden evitar. Cuando usted sufre lesiones como consecuencia de un accidente automovil\u00edstico o n\u00e1utico causado por el conductor del veh\u00edculo o de la embarcaci\u00f3n, merece ser indemnizado. Los gastos m\u00e9dicos, la p\u00e9rdida del trabajo, la discapacidad y muchos otros posibles costos deben ser cubiertos cuando usted resulta lesionado o pierde a un ser querido debido a un accidente que podr\u00eda haberse impedido. El equipo legal para lesiones personales y negligencias m\u00e9dicas de Moriarty Injury Lawyer \/ Abogado Especialista en Lesiones en Atlanta, le ayudar\u00e1 a obtener la compensaci\u00f3n que usted se merece y le proteger\u00e1, junto a su familia, de futuras p\u00e9rdidas econ\u00f3micas. Si usted ha sufrido alg\u00fan da\u00f1o debido a la negligencia de otro, por favor llame ahora a nuestro experimentado abogado especialista en lesiones personales de Atlanta y experto en demandas por negligencia m\u00e9dica, y programe una primera consulta.<\/p>\n","protected":false},"excerpt":{"rendered":"<p>Abogado Especialista en Negligencias M\u00e9dicas en Atlanta \u00bfEst\u00e1 usted buscando al abogado especializado en negligencias m\u00e9dicas m\u00e1s calificado? Cuando ocurre un da\u00f1o personal o lesi\u00f3n corporal como consecuencia de una negligencia m\u00e9dica, ya sea provocada por una persona, profesional m\u00e9dico o centro de salud, es importante asesorarse con un abogado experimentado en lesiones por negligencias&hellip;<\/p>\n","protected":false},"author":1,"featured_media":20486,"parent":0,"menu_order":-1,"comment_status":"closed","ping_status":"closed","template":"template-landing-es.php","meta":{"_acf_changed":false,"footnotes":""},"class_list":["post-5348","page","type-page","status-publish","has-post-thumbnail"],"acf":[],"yoast_head":"<!-- This site is optimized with the Yoast SEO plugin v25.6 - https:\/\/yoast.com\/wordpress\/plugins\/seo\/ -->\n<title>Abogado Especialista en Negligencias M\u00e9dicas en Atlanta | Demanda por Mala Praxis y Negligencia M\u00e9dica<\/title>\n<meta name=\"description\" content=\"\u00bfAlguna vez ha sido usted v\u00edctima de una negligencia m\u00e9dica? \u00a1Busque la justicia y la indemnizaci\u00f3n que usted se merece, llamando ahora mismo al experimentado equipo legal, especialista en negligencias m\u00e9dicas de Moriarty Injury Lawyer \/ Abogado Especialista en Lesiones!\" \/>\n<meta name=\"robots\" content=\"index, follow, max-snippet:-1, max-image-preview:large, max-video-preview:-1\" \/>\n<link rel=\"canonical\" href=\"https:\/\/www.moriartyinjurylawyer.com\/es\/\" \/>\n<meta property=\"og:locale\" content=\"es_ES\" \/>\n<meta property=\"og:type\" content=\"article\" \/>\n<meta property=\"og:title\" content=\"Abogado Especialista en Negligencias M\u00e9dicas en Atlanta | Demanda por Mala Praxis y Negligencia M\u00e9dica\" \/>\n<meta property=\"og:description\" content=\"\u00bfAlguna vez ha sido usted v\u00edctima de una negligencia m\u00e9dica? \u00a1Busque la justicia y la indemnizaci\u00f3n que usted se merece, llamando ahora mismo al experimentado equipo legal, especialista en negligencias m\u00e9dicas de Moriarty Injury Lawyer \/ Abogado Especialista en Lesiones!\" \/>\n<meta property=\"og:url\" content=\"https:\/\/www.moriartyinjurylawyer.com\/es\/\" \/>\n<meta property=\"og:site_name\" content=\"Moriarty Injury Lawyer\" \/>\n<meta property=\"article:modified_time\" content=\"2021-06-25T08:58:44+00:00\" \/>\n<meta name=\"twitter:card\" content=\"summary_large_image\" \/>\n<meta name=\"twitter:label1\" content=\"Tiempo de lectura\" \/>\n\t<meta name=\"twitter:data1\" content=\"2 minutos\" \/>\n<!-- \/ Yoast SEO plugin. -->","yoast_head_json":{"title":"Abogado Especialista en Negligencias M\u00e9dicas en Atlanta | Demanda por Mala Praxis y Negligencia M\u00e9dica","description":"\u00bfAlguna vez ha sido usted v\u00edctima de una negligencia m\u00e9dica? \u00a1Busque la justicia y la indemnizaci\u00f3n que usted se merece, llamando ahora mismo al experimentado equipo legal, especialista en negligencias m\u00e9dicas de Moriarty Injury Lawyer \/ Abogado Especialista en Lesiones!","robots":{"index":"index","follow":"follow","max-snippet":"max-snippet:-1","max-image-preview":"max-image-preview:large","max-video-preview":"max-video-preview:-1"},"canonical":"https:\/\/www.moriartyinjurylawyer.com\/es\/","og_locale":"es_ES","og_type":"article","og_title":"Abogado Especialista en Negligencias M\u00e9dicas en Atlanta | Demanda por Mala Praxis y Negligencia M\u00e9dica","og_description":"\u00bfAlguna vez ha sido usted v\u00edctima de una negligencia m\u00e9dica? \u00a1Busque la justicia y la indemnizaci\u00f3n que usted se merece, llamando ahora mismo al experimentado equipo legal, especialista en negligencias m\u00e9dicas de Moriarty Injury Lawyer \/ Abogado Especialista en Lesiones!","og_url":"https:\/\/www.moriartyinjurylawyer.com\/es\/","og_site_name":"Moriarty Injury Lawyer","article_modified_time":"2021-06-25T08:58:44+00:00","twitter_card":"summary_large_image","twitter_misc":{"Tiempo de lectura":"2 minutos"},"schema":{"@context":"https:\/\/schema.org","@graph":[{"@type":"WebPage","@id":"https:\/\/www.moriartyinjurylawyer.com\/es\/","url":"https:\/\/www.moriartyinjurylawyer.com\/es\/","name":"Abogado Especialista en Negligencias M\u00e9dicas en Atlanta | Demanda por Mala Praxis y Negligencia M\u00e9dica","isPartOf":{"@id":"https:\/\/www.moriartyinjurylawyer.com\/#website"},"primaryImageOfPage":{"@id":"https:\/\/www.moriartyinjurylawyer.com\/es\/#primaryimage"},"image":{"@id":"https:\/\/www.moriartyinjurylawyer.com\/es\/#primaryimage"},"thumbnailUrl":"https:\/\/www.moriartyinjurylawyer.com\/wp-content\/uploads\/2025\/08\/intro-background-license-confirmed.jpg","datePublished":"2021-06-17T08:15:47+00:00","dateModified":"2021-06-25T08:58:44+00:00","description":"\u00bfAlguna vez ha sido usted v\u00edctima de una negligencia m\u00e9dica? \u00a1Busque la justicia y la indemnizaci\u00f3n que usted se merece, llamando ahora mismo al experimentado equipo legal, especialista en negligencias m\u00e9dicas de Moriarty Injury Lawyer \/ Abogado Especialista en Lesiones!","breadcrumb":{"@id":"https:\/\/www.moriartyinjurylawyer.com\/es\/#breadcrumb"},"inLanguage":"es","potentialAction":[{"@type":"ReadAction","target":["https:\/\/www.moriartyinjurylawyer.com\/es\/"]}]},{"@type":"ImageObject","inLanguage":"es","@id":"https:\/\/www.moriartyinjurylawyer.com\/es\/#primaryimage","url":"https:\/\/www.moriartyinjurylawyer.com\/wp-content\/uploads\/2025\/08\/intro-background-license-confirmed.jpg","contentUrl":"https:\/\/www.moriartyinjurylawyer.com\/wp-content\/uploads\/2025\/08\/intro-background-license-confirmed.jpg","width":1920,"height":1280,"caption":"Daniel J. Moriarty"},{"@type":"BreadcrumbList","@id":"https:\/\/www.moriartyinjurylawyer.com\/es\/#breadcrumb","itemListElement":[{"@type":"ListItem","position":1,"name":"Home","item":"https:\/\/www.moriartyinjurylawyer.com\/es\/"},{"@type":"ListItem","position":2,"name":"Inicio"}]},{"@type":"WebSite","@id":"https:\/\/www.moriartyinjurylawyer.com\/#website","url":"https:\/\/www.moriartyinjurylawyer.com\/","name":"Moriarty Injury Lawyer","description":"","potentialAction":[{"@type":"SearchAction","target":{"@type":"EntryPoint","urlTemplate":"https:\/\/www.moriartyinjurylawyer.com\/?s={search_term_string}"},"query-input":{"@type":"PropertyValueSpecification","valueRequired":true,"valueName":"search_term_string"}}],"inLanguage":"es"}]}},"_links":{"self":[{"href":"https:\/\/www.moriartyinjurylawyer.com\/es\/wp-json\/wp\/v2\/pages\/5348","targetHints":{"allow":["GET"]}}],"collection":[{"href":"https:\/\/www.moriartyinjurylawyer.com\/es\/wp-json\/wp\/v2\/pages"}],"about":[{"href":"https:\/\/www.moriartyinjurylawyer.com\/es\/wp-json\/wp\/v2\/types\/page"}],"author":[{"embeddable":true,"href":"https:\/\/www.moriartyinjurylawyer.com\/es\/wp-json\/wp\/v2\/users\/1"}],"replies":[{"embeddable":true,"href":"https:\/\/www.moriartyinjurylawyer.com\/es\/wp-json\/wp\/v2\/comments?post=5348"}],"version-history":[{"count":5,"href":"https:\/\/www.moriartyinjurylawyer.com\/es\/wp-json\/wp\/v2\/pages\/5348\/revisions"}],"predecessor-version":[{"id":5587,"href":"https:\/\/www.moriartyinjurylawyer.com\/es\/wp-json\/wp\/v2\/pages\/5348\/revisions\/5587"}],"wp:featuredmedia":[{"embeddable":true,"href":"https:\/\/www.moriartyinjurylawyer.com\/es\/wp-json\/wp\/v2\/media\/20486"}],"wp:attachment":[{"href":"https:\/\/www.moriartyinjurylawyer.com\/es\/wp-json\/wp\/v2\/media?parent=5348"}],"curies":[{"name":"wp","href":"https:\/\/api.w.org\/{rel}","templated":true}]}}