{"id":5358,"date":"2018-07-10T21:15:43","date_gmt":"2018-07-10T21:15:43","guid":{"rendered":"https:\/\/www.moriartyinjurylawyer.com\/meet-daniel-j-moriarty\/"},"modified":"2025-11-11T19:20:29","modified_gmt":"2025-11-11T19:20:29","slug":"meet-daniel-j-moriarty","status":"publish","type":"page","link":"https:\/\/www.moriartyinjurylawyer.com\/es\/conozca-a-daniel-j-moriarty\/","title":{"rendered":"Conozca a Daniel J. Moriarty"},"content":{"rendered":"<p><img loading=\"lazy\" decoding=\"async\" src=\"https:\/\/www.moriartyinjurylawyer.com\/wp-content\/uploads\/2018\/09\/DANIEL_MORIARTY-683x1024.jpg\" alt=\"Daniel J. Moriarty\" class=\"alignright wp-image-1204\" width=\"420\" height=\"629\" srcset=\"https:\/\/www.moriartyinjurylawyer.com\/wp-content\/uploads\/2018\/09\/DANIEL_MORIARTY-683x1024.jpg 683w, https:\/\/www.moriartyinjurylawyer.com\/wp-content\/uploads\/2018\/09\/DANIEL_MORIARTY-200x300.jpg 200w, https:\/\/www.moriartyinjurylawyer.com\/wp-content\/uploads\/2018\/09\/DANIEL_MORIARTY-768x1152.jpg 768w, https:\/\/www.moriartyinjurylawyer.com\/wp-content\/uploads\/2018\/09\/DANIEL_MORIARTY.jpg 800w\" sizes=\"auto, (max-width: 420px) 100vw, 420px\" \/><br \/>\nDaniel defendi\u00f3 a m\u00e9dicos, enfermeras y hospitales en casos de mala pr\u00e1ctica m\u00e9dica durante los primeros seis a\u00f1os de su carrera antes de decidir representar a personas heridas o fallecidas debido a la negligencia de otros. Desde que cambi\u00f3 de bando en 2018, ha asegurado algunos de los veredictos y acuerdos de mala pr\u00e1ctica m\u00e1s altos en la historia de Georgia, incluyendo:<\/p>\n<ul id=\"results\" style=\"padding-top: 100px; margin-top: -100px;\">\n<li>$10 millones de d\u00f3lares por Negligencia Dental \u2013 Veredicto<\/li>\n<li>$20 millones de d\u00f3lares por Negligencia M\u00e9dica<\/li>\n<li>$17.5 millones de d\u00f3lares por Negligencia M\u00e9dica<\/li>\n<li>$50 millones de d\u00f3lares por Negligencia Dental \u2013 Veredicto (nuevo juicio del veredicto anterior)<\/li>\n<li>$8.8 millones de d\u00f3lares por Negligencia M\u00e9dica<\/li>\n<li>$30 millones de d\u00f3lares por Negligencia M\u00e9dica \u2013 Veredicto<\/li>\n<li>$16.8 millones de d\u00f3lares por Negligencia M\u00e9dica<\/li>\n<li>$7.9 millones de d\u00f3lares por Negligencia M\u00e9dica<\/li>\n<li>$15.5 millones de d\u00f3lares por Negligencia M\u00e9dica \u2013 Veredicto<\/li>\n<li>$4.5 millones de d\u00f3lares por Negligencia M\u00e9dica<\/li>\n<li>$5.5 millones de d\u00f3lares por Negligencia M\u00e9dica<\/li>\n<li>$8 millones de d\u00f3lares por Negligencia M\u00e9dica<\/li>\n<li>$4 millones de d\u00f3lares por Negligencia M\u00e9dica<\/li>\n<li>$8 millones de d\u00f3lares por Negligencia M\u00e9dica<\/li>\n<\/ul>\n<p>Los dos veredictos anteriores \u2014 $50 millones por negligencia dental y $30 millones por negligencia m\u00e9dica \u2014 est\u00e1n entre los 10 mejores veredictos de mala pr\u00e1ctica de todos los tiempos en Georgia.  <\/p>\n<p>Daniel tambi\u00e9n ha liderado apelaciones ante la Corte de Apelaciones de Georgia y la Corte de Apelaciones del Und\u00e9cimo Circuito, incluida la reversi\u00f3n de las reclamaciones pro bono de brutalidad policial de un demandante que hab\u00edan sido desestimadas por un juez federal.  <\/p>\n<p>Antes de convertirse en abogado, Daniel ense\u00f1\u00f3 ingl\u00e9s como segundo idioma en la escuela secundaria. Se gradu\u00f3 de la Universidad de Notre Dame, con honores, y de una de las mejores facultades de derecho del pa\u00eds, la Universidad de Texas. Daniel vive en el vecindario de Virginia-Highland en Atlanta con su esposa Casey, su hija June y sus hijos Branch y Bear. Asisten a la Iglesia Cat\u00f3lica del Santuario de la Inmaculada Concepci\u00f3n en el centro de Atlanta.  <\/p>\n<p><span class=\"video-header\">Un video de Daniel Moriarty interrogando a un testigo experto en un juicio de 2016 puede verse a continuaci\u00f3n:<\/span><\/p>\n<div class=\"embed-responsive embed-responsive-16by9\"> <iframe title=\"Demandas por Mala Pr\u00e1ctica M\u00e9dica | Abogado de Lesiones en Atlanta Daniel Moriarty\" class=\"embed-responsive-item\" src=\"https:\/\/www.youtube.com\/embed\/e-bPAqGZL40?rel=0\" allowfullscreen><\/iframe><\/div>\n","protected":false},"excerpt":{"rendered":"<p>Daniel defendi\u00f3 a m\u00e9dicos, enfermeras y hospitales en casos de mala pr\u00e1ctica m\u00e9dica durante los primeros seis a\u00f1os de su carrera antes de decidir representar a personas heridas o fallecidas debido a la negligencia de otros. Desde que cambi\u00f3 de bando en 2018, ha asegurado algunos de los veredictos y acuerdos de mala pr\u00e1ctica m\u00e1s&hellip;<\/p>\n","protected":false},"author":1,"featured_media":0,"parent":0,"menu_order":0,"comment_status":"closed","ping_status":"closed","template":"","meta":{"_acf_changed":false,"footnotes":""},"class_list":["post-5358","page","type-page","status-publish"],"acf":[],"yoast_head":"<!-- This site is optimized with the Yoast SEO plugin v25.6 - https:\/\/yoast.com\/wordpress\/plugins\/seo\/ -->\n<title>Conozca a Daniel J. Moriarty, Abogado de Lesiones en Atlanta | Sandy Springs, Georgia<\/title>\n<meta name=\"description\" content=\"Si usted necesita un abogado experto en lesiones personales, competente y exitoso, Daniel J. Moriarty, de Moriarty Injury Lawyer \/ Abogado Especialista en Lesiones es su mejor opci\u00f3n en el \u00e1rea de Atlanta, Georgia. Obtenga m\u00e1s informaci\u00f3n sobre sus aptitudes y compromiso con sus clientes.\" \/>\n<meta name=\"robots\" content=\"index, follow, max-snippet:-1, max-image-preview:large, max-video-preview:-1\" \/>\n<link rel=\"canonical\" href=\"https:\/\/www.moriartyinjurylawyer.com\/es\/conozca-a-daniel-j-moriarty\/\" \/>\n<meta property=\"og:locale\" content=\"es_ES\" \/>\n<meta property=\"og:type\" content=\"article\" \/>\n<meta property=\"og:title\" content=\"Conozca a Daniel J. Moriarty, Abogado de Lesiones en Atlanta | Sandy Springs, Georgia\" \/>\n<meta property=\"og:description\" content=\"Si usted necesita un abogado experto en lesiones personales, competente y exitoso, Daniel J. Moriarty, de Moriarty Injury Lawyer \/ Abogado Especialista en Lesiones es su mejor opci\u00f3n en el \u00e1rea de Atlanta, Georgia. Obtenga m\u00e1s informaci\u00f3n sobre sus aptitudes y compromiso con sus clientes.\" \/>\n<meta property=\"og:url\" content=\"https:\/\/www.moriartyinjurylawyer.com\/es\/conozca-a-daniel-j-moriarty\/\" \/>\n<meta property=\"og:site_name\" content=\"Moriarty Injury Lawyer\" \/>\n<meta property=\"article:modified_time\" content=\"2025-11-11T19:20:29+00:00\" \/>\n<meta property=\"og:image\" content=\"https:\/\/www.moriartyinjurylawyer.com\/wp-content\/uploads\/2018\/09\/DANIEL_MORIARTY.jpg\" \/>\n\t<meta property=\"og:image:width\" content=\"800\" \/>\n\t<meta property=\"og:image:height\" content=\"1200\" \/>\n\t<meta property=\"og:image:type\" content=\"image\/jpeg\" \/>\n<meta name=\"twitter:card\" content=\"summary_large_image\" \/>\n<meta name=\"twitter:label1\" content=\"Tiempo de lectura\" \/>\n\t<meta name=\"twitter:data1\" content=\"2 minutos\" \/>\n<!-- \/ Yoast SEO plugin. -->","yoast_head_json":{"title":"Conozca a Daniel J. Moriarty, Abogado de Lesiones en Atlanta | Sandy Springs, Georgia","description":"Si usted necesita un abogado experto en lesiones personales, competente y exitoso, Daniel J. Moriarty, de Moriarty Injury Lawyer \/ Abogado Especialista en Lesiones es su mejor opci\u00f3n en el \u00e1rea de Atlanta, Georgia. Obtenga m\u00e1s informaci\u00f3n sobre sus aptitudes y compromiso con sus clientes.","robots":{"index":"index","follow":"follow","max-snippet":"max-snippet:-1","max-image-preview":"max-image-preview:large","max-video-preview":"max-video-preview:-1"},"canonical":"https:\/\/www.moriartyinjurylawyer.com\/es\/conozca-a-daniel-j-moriarty\/","og_locale":"es_ES","og_type":"article","og_title":"Conozca a Daniel J. Moriarty, Abogado de Lesiones en Atlanta | Sandy Springs, Georgia","og_description":"Si usted necesita un abogado experto en lesiones personales, competente y exitoso, Daniel J. Moriarty, de Moriarty Injury Lawyer \/ Abogado Especialista en Lesiones es su mejor opci\u00f3n en el \u00e1rea de Atlanta, Georgia. Obtenga m\u00e1s informaci\u00f3n sobre sus aptitudes y compromiso con sus clientes.","og_url":"https:\/\/www.moriartyinjurylawyer.com\/es\/conozca-a-daniel-j-moriarty\/","og_site_name":"Moriarty Injury Lawyer","article_modified_time":"2025-11-11T19:20:29+00:00","og_image":[{"width":800,"height":1200,"url":"https:\/\/www.moriartyinjurylawyer.com\/wp-content\/uploads\/2018\/09\/DANIEL_MORIARTY.jpg","type":"image\/jpeg"}],"twitter_card":"summary_large_image","twitter_misc":{"Tiempo de lectura":"2 minutos"},"schema":{"@context":"https:\/\/schema.org","@graph":[{"@type":"WebPage","@id":"https:\/\/www.moriartyinjurylawyer.com\/es\/conozca-a-daniel-j-moriarty\/","url":"https:\/\/www.moriartyinjurylawyer.com\/es\/conozca-a-daniel-j-moriarty\/","name":"Conozca a Daniel J. Moriarty, Abogado de Lesiones en Atlanta | Sandy Springs, Georgia","isPartOf":{"@id":"https:\/\/www.moriartyinjurylawyer.com\/#website"},"primaryImageOfPage":{"@id":"https:\/\/www.moriartyinjurylawyer.com\/es\/conozca-a-daniel-j-moriarty\/#primaryimage"},"image":{"@id":"https:\/\/www.moriartyinjurylawyer.com\/es\/conozca-a-daniel-j-moriarty\/#primaryimage"},"thumbnailUrl":"https:\/\/www.moriartyinjurylawyer.com\/wp-content\/uploads\/2018\/09\/DANIEL_MORIARTY-683x1024.jpg","datePublished":"2018-07-10T21:15:43+00:00","dateModified":"2025-11-11T19:20:29+00:00","description":"Si usted necesita un abogado experto en lesiones personales, competente y exitoso, Daniel J. Moriarty, de Moriarty Injury Lawyer \/ Abogado Especialista en Lesiones es su mejor opci\u00f3n en el \u00e1rea de Atlanta, Georgia. Obtenga m\u00e1s informaci\u00f3n sobre sus aptitudes y compromiso con sus clientes.","breadcrumb":{"@id":"https:\/\/www.moriartyinjurylawyer.com\/es\/conozca-a-daniel-j-moriarty\/#breadcrumb"},"inLanguage":"es","potentialAction":[{"@type":"ReadAction","target":["https:\/\/www.moriartyinjurylawyer.com\/es\/conozca-a-daniel-j-moriarty\/"]}]},{"@type":"ImageObject","inLanguage":"es","@id":"https:\/\/www.moriartyinjurylawyer.com\/es\/conozca-a-daniel-j-moriarty\/#primaryimage","url":"https:\/\/www.moriartyinjurylawyer.com\/wp-content\/uploads\/2018\/09\/DANIEL_MORIARTY-683x1024.jpg","contentUrl":"https:\/\/www.moriartyinjurylawyer.com\/wp-content\/uploads\/2018\/09\/DANIEL_MORIARTY-683x1024.jpg"},{"@type":"BreadcrumbList","@id":"https:\/\/www.moriartyinjurylawyer.com\/es\/conozca-a-daniel-j-moriarty\/#breadcrumb","itemListElement":[{"@type":"ListItem","position":1,"name":"Home","item":"https:\/\/www.moriartyinjurylawyer.com\/es\/"},{"@type":"ListItem","position":2,"name":"Conozca a Daniel J. Moriarty"}]},{"@type":"WebSite","@id":"https:\/\/www.moriartyinjurylawyer.com\/#website","url":"https:\/\/www.moriartyinjurylawyer.com\/","name":"Moriarty Injury Lawyer","description":"","potentialAction":[{"@type":"SearchAction","target":{"@type":"EntryPoint","urlTemplate":"https:\/\/www.moriartyinjurylawyer.com\/?s={search_term_string}"},"query-input":{"@type":"PropertyValueSpecification","valueRequired":true,"valueName":"search_term_string"}}],"inLanguage":"es"}]}},"_links":{"self":[{"href":"https:\/\/www.moriartyinjurylawyer.com\/es\/wp-json\/wp\/v2\/pages\/5358","targetHints":{"allow":["GET"]}}],"collection":[{"href":"https:\/\/www.moriartyinjurylawyer.com\/es\/wp-json\/wp\/v2\/pages"}],"about":[{"href":"https:\/\/www.moriartyinjurylawyer.com\/es\/wp-json\/wp\/v2\/types\/page"}],"author":[{"embeddable":true,"href":"https:\/\/www.moriartyinjurylawyer.com\/es\/wp-json\/wp\/v2\/users\/1"}],"replies":[{"embeddable":true,"href":"https:\/\/www.moriartyinjurylawyer.com\/es\/wp-json\/wp\/v2\/comments?post=5358"}],"version-history":[{"count":5,"href":"https:\/\/www.moriartyinjurylawyer.com\/es\/wp-json\/wp\/v2\/pages\/5358\/revisions"}],"predecessor-version":[{"id":22325,"href":"https:\/\/www.moriartyinjurylawyer.com\/es\/wp-json\/wp\/v2\/pages\/5358\/revisions\/22325"}],"wp:attachment":[{"href":"https:\/\/www.moriartyinjurylawyer.com\/es\/wp-json\/wp\/v2\/media?parent=5358"}],"curies":[{"name":"wp","href":"https:\/\/api.w.org\/{rel}","templated":true}]}}