{"id":5373,"date":"2021-06-18T12:30:49","date_gmt":"2021-06-18T12:30:49","guid":{"rendered":"https:\/\/www.moriartyinjurylawyer.com\/?page_id=5373"},"modified":"2021-06-23T09:53:33","modified_gmt":"2021-06-23T09:53:33","slug":"accidentes","status":"publish","type":"page","link":"https:\/\/www.moriartyinjurylawyer.com\/es\/especialidades\/accidentes\/","title":{"rendered":"Accidentes"},"content":{"rendered":"<h2>Abogado Especialista en Demandas por Accidentes<\/h2>\n<p>Cuando alguien es v\u00edctima de un accidente vehicular, ya sea en la carretera o en el agua, solemos asumir que las lesiones sufridas estar\u00e1n cubiertas por un seguro. Sin embargo, no siempre resulta todo as\u00ed de simple. Incluso cuando la persona o empresa responsable del veh\u00edculo cuenta con un seguro, puede darse la circunstancia de que \u00e9ste no est\u00e9 dispuesto a cubrir con todos los da\u00f1os causados por dicho accidente. Es entonces cuando usted necesita a un experto legal de su lado que le ayude a proteger su derecho de obtener una indemnizaci\u00f3n que le compense por las lesiones y da\u00f1os sufridos. El equipo de Moriarty Injury Lawyer \/ Abogado Especialista en Lesiones antepone, en primer lugar, los derechos de sus clientes, luchando por asegurar que obtengan las indemnizaciones que merecen cuando son v\u00edctimas de un accidente de tr\u00e1nsito terrestre o n\u00e1utico.<\/p>\n<p>Es importante recordar que las compa\u00f1\u00edas de seguros son empresas con fines de lucro y que, por tanto, no est\u00e1n dispuestas a pagar m\u00e1s de lo que ellas mismas determinen. Una cosa es reparar su auto cuando un conductor distra\u00eddo lo golpea, y algo muy diferente ocurre cuando alguien resulta gravemente herido. Es posible que necesite tratamientos m\u00e9dicos a largo plazo o que pierda jornadas laborales. Incluso puede llegar a sufrir alguna discapacidad permanente o resultar desfigurado. Si es as\u00ed, usted necesitar\u00e1 un abogado que trabaje para conseguirle la indemnizaci\u00f3n que compense todo cuanto merece, y no \u00fanicamente lo que la compa\u00f1\u00eda de seguros determine que es \u201cjusto\u201d.<\/p>\n<div id=\"content-cta\" class=\"my-4\" style=\"background-image: url('https:\/\/www.moriartyinjurylawyer.com\/wp-content\/uploads\/2018\/07\/Moriarty_Logo_Favicon.png\">\n\u00bfNecesita ayuda legal? <a href=\"https:\/\/www.moriartyinjurylawyer.com\/es\/contactenos\/\">\u00a1Haga clic aqu\u00ed y le apoyaremos!<\/a><\/div>\n\n<h3>Abogado Especialista en Accidentes en Atlanta<\/h3>\n<p>Usted nunca deber\u00eda sufrir dificultades econ\u00f3micas como consecuencia de un accidente provocado por otra persona. Si ha sido v\u00edctima de un accidente, existen muchas opciones de obtener la compensaci\u00f3n que usted merece. Cuando su auto es golpeado por un conductor ebrio o cuando su conductor de Uber tiene un accidente con usted como pasajero, puede ponerse en las manos de nuestro equipo, que le ayudar\u00e1 a obtener los mejores resultados en su demanda por accidente. Manejamos los siguientes tipos de demandas por accidentes:<\/p>\n<ul>\n<li>Patinetes y monopatines<\/li>\n<li>Conductor distra\u00eddo (chateando)<\/li>\n<li>Responsabilidad legal por venta de alcohol<\/li>\n<li>Lesiones por uso de lanchas y motos acu\u00e1ticas en estado de ebriedad<\/li>\n<li>Conducci\u00f3n en estado de ebriedad<\/li>\n<li>Veh\u00edculos de motor<\/li>\n<li>Transporte m\u00e9dico no de emergencia<\/li>\n<li>Camiones<\/li>\n<li>Accidentes de Uber y Lyft<\/li>\n<\/ul>\n<p>Si usted ha resultado herido o ha perdido a un ser querido en un accidente, p\u00f3ngase en contacto con nuestro equipo en Moriarty Injury Lawyer \/ Abogado Especialista en Lesiones, para programar una consulta gratuita donde podremos analizar su caso y aconsejarle sobre las diferentes opciones de c\u00f3mo proceder.<\/p>\n","protected":false},"excerpt":{"rendered":"<p>Abogado Especialista en Demandas por Accidentes Cuando alguien es v\u00edctima de un accidente vehicular, ya sea en la carretera o en el agua, solemos asumir que las lesiones sufridas estar\u00e1n cubiertas por un seguro. Sin embargo, no siempre resulta todo as\u00ed de simple. Incluso cuando la persona o empresa responsable del veh\u00edculo cuenta con un&hellip;<\/p>\n","protected":false},"author":1,"featured_media":5313,"parent":5799,"menu_order":0,"comment_status":"closed","ping_status":"closed","template":"","meta":{"_acf_changed":false,"footnotes":""},"class_list":["post-5373","page","type-page","status-publish","has-post-thumbnail"],"acf":[],"yoast_head":"<!-- This site is optimized with the Yoast SEO plugin v25.6 - https:\/\/yoast.com\/wordpress\/plugins\/seo\/ -->\n<title>Abogado Especialista en Accidentes en Atlanta, Georgia | Reclamaciones en Demandas por Lesiones en Sandy Springs<\/title>\n<meta name=\"description\" content=\"\u00bfUsted o alg\u00fan miembro de su familia han resultado heridos en un accidente de tr\u00e1nsito terrestre o n\u00e1utico en el \u00e1rea de Atlanta? Si es as\u00ed, p\u00f3ngase en contacto con Moriarty Injury Lawyer \/ Abogado Especialista en Lesiones y analizaremos su caso. Usted podr\u00eda recibir una compensaci\u00f3n gracias a una demanda por accidente.\" \/>\n<meta name=\"robots\" content=\"index, follow, max-snippet:-1, max-image-preview:large, max-video-preview:-1\" \/>\n<link rel=\"canonical\" href=\"https:\/\/www.moriartyinjurylawyer.com\/es\/especialidades\/accidentes\/\" \/>\n<meta property=\"og:locale\" content=\"es_ES\" \/>\n<meta property=\"og:type\" content=\"article\" \/>\n<meta property=\"og:title\" content=\"Abogado Especialista en Accidentes en Atlanta, Georgia | Reclamaciones en Demandas por Lesiones en Sandy Springs\" \/>\n<meta property=\"og:description\" content=\"\u00bfUsted o alg\u00fan miembro de su familia han resultado heridos en un accidente de tr\u00e1nsito terrestre o n\u00e1utico en el \u00e1rea de Atlanta? Si es as\u00ed, p\u00f3ngase en contacto con Moriarty Injury Lawyer \/ Abogado Especialista en Lesiones y analizaremos su caso. Usted podr\u00eda recibir una compensaci\u00f3n gracias a una demanda por accidente.\" \/>\n<meta property=\"og:url\" content=\"https:\/\/www.moriartyinjurylawyer.com\/es\/especialidades\/accidentes\/\" \/>\n<meta property=\"og:site_name\" content=\"Moriarty Injury Lawyer\" \/>\n<meta property=\"article:modified_time\" content=\"2021-06-23T09:53:33+00:00\" \/>\n<meta property=\"og:image\" content=\"https:\/\/www.moriartyinjurylawyer.com\/wp-content\/uploads\/2018\/07\/header-accident.jpg\" \/>\n\t<meta property=\"og:image:width\" content=\"1920\" \/>\n\t<meta property=\"og:image:height\" content=\"600\" \/>\n\t<meta property=\"og:image:type\" content=\"image\/jpeg\" \/>\n<meta name=\"twitter:card\" content=\"summary_large_image\" \/>\n<meta name=\"twitter:label1\" content=\"Tiempo de lectura\" \/>\n\t<meta name=\"twitter:data1\" content=\"2 minutos\" \/>\n<!-- \/ Yoast SEO plugin. -->","yoast_head_json":{"title":"Abogado Especialista en Accidentes en Atlanta, Georgia | Reclamaciones en Demandas por Lesiones en Sandy Springs","description":"\u00bfUsted o alg\u00fan miembro de su familia han resultado heridos en un accidente de tr\u00e1nsito terrestre o n\u00e1utico en el \u00e1rea de Atlanta? Si es as\u00ed, p\u00f3ngase en contacto con Moriarty Injury Lawyer \/ Abogado Especialista en Lesiones y analizaremos su caso. Usted podr\u00eda recibir una compensaci\u00f3n gracias a una demanda por accidente.","robots":{"index":"index","follow":"follow","max-snippet":"max-snippet:-1","max-image-preview":"max-image-preview:large","max-video-preview":"max-video-preview:-1"},"canonical":"https:\/\/www.moriartyinjurylawyer.com\/es\/especialidades\/accidentes\/","og_locale":"es_ES","og_type":"article","og_title":"Abogado Especialista en Accidentes en Atlanta, Georgia | Reclamaciones en Demandas por Lesiones en Sandy Springs","og_description":"\u00bfUsted o alg\u00fan miembro de su familia han resultado heridos en un accidente de tr\u00e1nsito terrestre o n\u00e1utico en el \u00e1rea de Atlanta? Si es as\u00ed, p\u00f3ngase en contacto con Moriarty Injury Lawyer \/ Abogado Especialista en Lesiones y analizaremos su caso. Usted podr\u00eda recibir una compensaci\u00f3n gracias a una demanda por accidente.","og_url":"https:\/\/www.moriartyinjurylawyer.com\/es\/especialidades\/accidentes\/","og_site_name":"Moriarty Injury Lawyer","article_modified_time":"2021-06-23T09:53:33+00:00","og_image":[{"width":1920,"height":600,"url":"https:\/\/www.moriartyinjurylawyer.com\/wp-content\/uploads\/2018\/07\/header-accident.jpg","type":"image\/jpeg"}],"twitter_card":"summary_large_image","twitter_misc":{"Tiempo de lectura":"2 minutos"},"schema":{"@context":"https:\/\/schema.org","@graph":[{"@type":"WebPage","@id":"https:\/\/www.moriartyinjurylawyer.com\/es\/especialidades\/accidentes\/","url":"https:\/\/www.moriartyinjurylawyer.com\/es\/especialidades\/accidentes\/","name":"Abogado Especialista en Accidentes en Atlanta, Georgia | Reclamaciones en Demandas por Lesiones en Sandy Springs","isPartOf":{"@id":"https:\/\/www.moriartyinjurylawyer.com\/#website"},"primaryImageOfPage":{"@id":"https:\/\/www.moriartyinjurylawyer.com\/es\/especialidades\/accidentes\/#primaryimage"},"image":{"@id":"https:\/\/www.moriartyinjurylawyer.com\/es\/especialidades\/accidentes\/#primaryimage"},"thumbnailUrl":"https:\/\/www.moriartyinjurylawyer.com\/wp-content\/uploads\/2018\/07\/header-accident.jpg","datePublished":"2021-06-18T12:30:49+00:00","dateModified":"2021-06-23T09:53:33+00:00","description":"\u00bfUsted o alg\u00fan miembro de su familia han resultado heridos en un accidente de tr\u00e1nsito terrestre o n\u00e1utico en el \u00e1rea de Atlanta? Si es as\u00ed, p\u00f3ngase en contacto con Moriarty Injury Lawyer \/ Abogado Especialista en Lesiones y analizaremos su caso. Usted podr\u00eda recibir una compensaci\u00f3n gracias a una demanda por accidente.","breadcrumb":{"@id":"https:\/\/www.moriartyinjurylawyer.com\/es\/especialidades\/accidentes\/#breadcrumb"},"inLanguage":"es","potentialAction":[{"@type":"ReadAction","target":["https:\/\/www.moriartyinjurylawyer.com\/es\/especialidades\/accidentes\/"]}]},{"@type":"ImageObject","inLanguage":"es","@id":"https:\/\/www.moriartyinjurylawyer.com\/es\/especialidades\/accidentes\/#primaryimage","url":"https:\/\/www.moriartyinjurylawyer.com\/wp-content\/uploads\/2018\/07\/header-accident.jpg","contentUrl":"https:\/\/www.moriartyinjurylawyer.com\/wp-content\/uploads\/2018\/07\/header-accident.jpg","width":1920,"height":600,"caption":"Accident Lawsuit Lawyer"},{"@type":"BreadcrumbList","@id":"https:\/\/www.moriartyinjurylawyer.com\/es\/especialidades\/accidentes\/#breadcrumb","itemListElement":[{"@type":"ListItem","position":1,"name":"Home","item":"https:\/\/www.moriartyinjurylawyer.com\/es\/"},{"@type":"ListItem","position":2,"name":"Especialidades","item":"https:\/\/www.moriartyinjurylawyer.com\/es\/especialidades\/"},{"@type":"ListItem","position":3,"name":"Accidentes"}]},{"@type":"WebSite","@id":"https:\/\/www.moriartyinjurylawyer.com\/#website","url":"https:\/\/www.moriartyinjurylawyer.com\/","name":"Moriarty Injury Lawyer","description":"","potentialAction":[{"@type":"SearchAction","target":{"@type":"EntryPoint","urlTemplate":"https:\/\/www.moriartyinjurylawyer.com\/?s={search_term_string}"},"query-input":{"@type":"PropertyValueSpecification","valueRequired":true,"valueName":"search_term_string"}}],"inLanguage":"es"}]}},"_links":{"self":[{"href":"https:\/\/www.moriartyinjurylawyer.com\/es\/wp-json\/wp\/v2\/pages\/5373","targetHints":{"allow":["GET"]}}],"collection":[{"href":"https:\/\/www.moriartyinjurylawyer.com\/es\/wp-json\/wp\/v2\/pages"}],"about":[{"href":"https:\/\/www.moriartyinjurylawyer.com\/es\/wp-json\/wp\/v2\/types\/page"}],"author":[{"embeddable":true,"href":"https:\/\/www.moriartyinjurylawyer.com\/es\/wp-json\/wp\/v2\/users\/1"}],"replies":[{"embeddable":true,"href":"https:\/\/www.moriartyinjurylawyer.com\/es\/wp-json\/wp\/v2\/comments?post=5373"}],"version-history":[{"count":2,"href":"https:\/\/www.moriartyinjurylawyer.com\/es\/wp-json\/wp\/v2\/pages\/5373\/revisions"}],"predecessor-version":[{"id":5572,"href":"https:\/\/www.moriartyinjurylawyer.com\/es\/wp-json\/wp\/v2\/pages\/5373\/revisions\/5572"}],"up":[{"embeddable":true,"href":"https:\/\/www.moriartyinjurylawyer.com\/es\/wp-json\/wp\/v2\/pages\/5799"}],"wp:featuredmedia":[{"embeddable":true,"href":"https:\/\/www.moriartyinjurylawyer.com\/es\/wp-json\/wp\/v2\/media\/5313"}],"wp:attachment":[{"href":"https:\/\/www.moriartyinjurylawyer.com\/es\/wp-json\/wp\/v2\/media?parent=5373"}],"curies":[{"name":"wp","href":"https:\/\/api.w.org\/{rel}","templated":true}]}}