{"id":5376,"date":"2021-06-18T12:43:46","date_gmt":"2021-06-18T12:43:46","guid":{"rendered":"https:\/\/www.moriartyinjurylawyer.com\/?page_id=5376"},"modified":"2021-06-18T12:54:15","modified_gmt":"2021-06-18T12:54:15","slug":"negligencia-quiropractica","status":"publish","type":"page","link":"https:\/\/www.moriartyinjurylawyer.com\/es\/negligencia-quiropractica\/","title":{"rendered":"Mala Praxis Quiropr\u00e1ctica"},"content":{"rendered":"<h2>Abogado Especialista en Mala Praxis Quiropr\u00e1ctica<\/h2>\n<p>De los quiropr\u00e1cticos, al igual que de los m\u00e9dicos, se espera que proporcionen tratamientos seguros a sus pacientes. Ellos se rigen bajo est\u00e1ndares similares en la atenci\u00f3n a sus pacientes. Si realizaran tratamientos innecesarios o utilizaran m\u00e9todos inadecuados que causen lesiones o da\u00f1os, podr\u00edan ser considerados responsables a trav\u00e9s de una demanda por mala pr\u00e1ctica quiropr\u00e1ctica. Si usted ha sufrido lesiones por parte de un quiropr\u00e1ctico en el \u00e1rea de Atlanta, nuestro equipo legal en Moriarty Injury Lawyer \/ Abogado Especialista en Lesiones puede ayudarlo a explorar sus opciones para obtener una compensaci\u00f3n.<\/p>\n<p>Los quiropr\u00e1cticos realizan terapias en la columna vertebral y en diferentes tejidos para aliviar el dolor y mejorar la funcionalidad de sus pacientes. Desafortunadamente, cuando se aplican tratamientos o m\u00e9todos incorrectos, es posible que, en lugar de alivio, se produzca un da\u00f1o. El diagn\u00f3stico err\u00f3neo de una dolencia, la realizaci\u00f3n de un tratamiento innecesario y la utilizaci\u00f3n de un m\u00e9todo incorrecto pueden conducir a lesiones graves e incluso a la muerte en casos extremos. Las lesiones m\u00e1s comunes por una mala atenci\u00f3n quiropr\u00e1ctica suelen ser:<\/p>\n<ul>\n<li>Lesiones en la columna vertebral<\/li>\n<li>Lesiones nerviosas<\/li>\n<li>Hernias de disco<\/li>\n<li>Da\u00f1o cerebrovascular<\/li>\n<li>Da\u00f1o neurol\u00f3gico<\/li>\n<li>V\u00e9rtigo<\/li>\n<li>Par\u00e1lisis local<\/li>\n<li>Ci\u00e1tica<\/li>\n<\/ul>\n<p>Cuando se realiza un tratamiento incorrecto o cuando el quiropr\u00e1ctico utiliza t\u00e9cnicas que causan lesiones, debe ocurrir lo mismo que con cualquier otro profesional m\u00e9dico. Es obligaci\u00f3n de todo quiropr\u00e1ctico contar con un seguro de responsabilidad civil que cubra los servicios que ofrece y se haga responsable de las lesiones que pudiera causar en sus pacientes.<\/p>\n<h3>Lesiones por Negligencia Quiropr\u00e1ctica<\/h3>\n<p>A pesar de que los quiropr\u00e1cticos no pueden recetar medicamentos o realizar cirug\u00eda, pueden causar da\u00f1os severos e incluso la muerte cuando son negligentes. Si le ocurriera alguna lesi\u00f3n y llegara a requerir asistencia legal para demandar un caso de mala praxis quiropr\u00e1ctica, nuestro equipo en Moriarty Injury Lawyer \/ Abogado Especialista en Lesiones tiene la experiencia y los conocimientos que usted necesitar\u00e1. Nosotros analizaremos su caso y le aconsejaremos sobre las posibles opciones de compensaci\u00f3n por las lesiones quiropr\u00e1cticas sufridas debido a negligencia, incluyendo:<\/p>\n<ul>\n<li>Accidente cerebrovascular causado por quiropr\u00e1ctico<\/li>\n<\/ul>\n<p>Si como consecuencia de un tratamiento quiropr\u00e1ctico usted ha sufrido lesiones o ha perdido a un ser querido, comun\u00edquese con nuestro equipo en nuestras oficinas de Atlanta, donde le ofreceremos una consulta gratuita en la que analizaremos su caso. Usted podr\u00eda recibir una indemnizaci\u00f3n que le compense por las facturas m\u00e9dicas, medicamentos, p\u00e9rdida de salarios y otros da\u00f1os sufridos mediante una demanda por negligencia quiropr\u00e1ctica.<\/p>\n","protected":false},"excerpt":{"rendered":"<p>Abogado Especialista en Mala Praxis Quiropr\u00e1ctica De los quiropr\u00e1cticos, al igual que de los m\u00e9dicos, se espera que proporcionen tratamientos seguros a sus pacientes. Ellos se rigen bajo est\u00e1ndares similares en la atenci\u00f3n a sus pacientes. Si realizaran tratamientos innecesarios o utilizaran m\u00e9todos inadecuados que causen lesiones o da\u00f1os, podr\u00edan ser considerados responsables a trav\u00e9s&hellip;<\/p>\n","protected":false},"author":1,"featured_media":5315,"parent":5799,"menu_order":0,"comment_status":"closed","ping_status":"closed","template":"","meta":{"_acf_changed":false,"footnotes":""},"class_list":["post-5376","page","type-page","status-publish","has-post-thumbnail"],"acf":[],"yoast_head":"<!-- This site is optimized with the Yoast SEO plugin v25.6 - https:\/\/yoast.com\/wordpress\/plugins\/seo\/ -->\n<title>Abogado Especialista en Negligencia Quiropr\u00e1ctica en Atlanta, Georgia | Demanda por Lesiones Quiropr\u00e1cticas<\/title>\n<meta name=\"description\" content=\"\u00bfUsted o alg\u00fan miembro de su familia han resultado damnificados por los servicios de un quiropr\u00e1ctico negligente? Si es as\u00ed, podr\u00edan recibir una indemnizaci\u00f3n por las lesiones sufridas. P\u00f3ngase en contacto con Moriarty Injury Lawyer \/ Abogado Especialista en Lesiones para ser asesorado sobre la presentaci\u00f3n de una demanda por negligencia quiropr\u00e1ctica.\" \/>\n<meta name=\"robots\" content=\"index, follow, max-snippet:-1, max-image-preview:large, max-video-preview:-1\" \/>\n<link rel=\"canonical\" href=\"https:\/\/www.moriartyinjurylawyer.com\/es\/negligencia-quiropractica\/\" \/>\n<meta property=\"og:locale\" content=\"es_ES\" \/>\n<meta property=\"og:type\" content=\"article\" \/>\n<meta property=\"og:title\" content=\"Abogado Especialista en Negligencia Quiropr\u00e1ctica en Atlanta, Georgia | Demanda por Lesiones Quiropr\u00e1cticas\" \/>\n<meta property=\"og:description\" content=\"\u00bfUsted o alg\u00fan miembro de su familia han resultado damnificados por los servicios de un quiropr\u00e1ctico negligente? Si es as\u00ed, podr\u00edan recibir una indemnizaci\u00f3n por las lesiones sufridas. P\u00f3ngase en contacto con Moriarty Injury Lawyer \/ Abogado Especialista en Lesiones para ser asesorado sobre la presentaci\u00f3n de una demanda por negligencia quiropr\u00e1ctica.\" \/>\n<meta property=\"og:url\" content=\"https:\/\/www.moriartyinjurylawyer.com\/es\/negligencia-quiropractica\/\" \/>\n<meta property=\"og:site_name\" content=\"Moriarty Injury Lawyer\" \/>\n<meta property=\"article:modified_time\" content=\"2021-06-18T12:54:15+00:00\" \/>\n<meta property=\"og:image\" content=\"https:\/\/www.moriartyinjurylawyer.com\/wp-content\/uploads\/2018\/07\/header-back.jpg\" \/>\n\t<meta property=\"og:image:width\" content=\"1920\" \/>\n\t<meta property=\"og:image:height\" content=\"600\" \/>\n\t<meta property=\"og:image:type\" content=\"image\/jpeg\" \/>\n<meta name=\"twitter:card\" content=\"summary_large_image\" \/>\n<meta name=\"twitter:label1\" content=\"Tiempo de lectura\" \/>\n\t<meta name=\"twitter:data1\" content=\"2 minutos\" \/>\n<!-- \/ Yoast SEO plugin. -->","yoast_head_json":{"title":"Abogado Especialista en Negligencia Quiropr\u00e1ctica en Atlanta, Georgia | Demanda por Lesiones Quiropr\u00e1cticas","description":"\u00bfUsted o alg\u00fan miembro de su familia han resultado damnificados por los servicios de un quiropr\u00e1ctico negligente? Si es as\u00ed, podr\u00edan recibir una indemnizaci\u00f3n por las lesiones sufridas. P\u00f3ngase en contacto con Moriarty Injury Lawyer \/ Abogado Especialista en Lesiones para ser asesorado sobre la presentaci\u00f3n de una demanda por negligencia quiropr\u00e1ctica.","robots":{"index":"index","follow":"follow","max-snippet":"max-snippet:-1","max-image-preview":"max-image-preview:large","max-video-preview":"max-video-preview:-1"},"canonical":"https:\/\/www.moriartyinjurylawyer.com\/es\/negligencia-quiropractica\/","og_locale":"es_ES","og_type":"article","og_title":"Abogado Especialista en Negligencia Quiropr\u00e1ctica en Atlanta, Georgia | Demanda por Lesiones Quiropr\u00e1cticas","og_description":"\u00bfUsted o alg\u00fan miembro de su familia han resultado damnificados por los servicios de un quiropr\u00e1ctico negligente? Si es as\u00ed, podr\u00edan recibir una indemnizaci\u00f3n por las lesiones sufridas. P\u00f3ngase en contacto con Moriarty Injury Lawyer \/ Abogado Especialista en Lesiones para ser asesorado sobre la presentaci\u00f3n de una demanda por negligencia quiropr\u00e1ctica.","og_url":"https:\/\/www.moriartyinjurylawyer.com\/es\/negligencia-quiropractica\/","og_site_name":"Moriarty Injury Lawyer","article_modified_time":"2021-06-18T12:54:15+00:00","og_image":[{"width":1920,"height":600,"url":"https:\/\/www.moriartyinjurylawyer.com\/wp-content\/uploads\/2018\/07\/header-back.jpg","type":"image\/jpeg"}],"twitter_card":"summary_large_image","twitter_misc":{"Tiempo de lectura":"2 minutos"},"schema":{"@context":"https:\/\/schema.org","@graph":[{"@type":"WebPage","@id":"https:\/\/www.moriartyinjurylawyer.com\/es\/negligencia-quiropractica\/","url":"https:\/\/www.moriartyinjurylawyer.com\/es\/negligencia-quiropractica\/","name":"Abogado Especialista en Negligencia Quiropr\u00e1ctica en Atlanta, Georgia | Demanda por Lesiones Quiropr\u00e1cticas","isPartOf":{"@id":"https:\/\/www.moriartyinjurylawyer.com\/#website"},"primaryImageOfPage":{"@id":"https:\/\/www.moriartyinjurylawyer.com\/es\/negligencia-quiropractica\/#primaryimage"},"image":{"@id":"https:\/\/www.moriartyinjurylawyer.com\/es\/negligencia-quiropractica\/#primaryimage"},"thumbnailUrl":"https:\/\/www.moriartyinjurylawyer.com\/wp-content\/uploads\/2018\/07\/header-back.jpg","datePublished":"2021-06-18T12:43:46+00:00","dateModified":"2021-06-18T12:54:15+00:00","description":"\u00bfUsted o alg\u00fan miembro de su familia han resultado damnificados por los servicios de un quiropr\u00e1ctico negligente? Si es as\u00ed, podr\u00edan recibir una indemnizaci\u00f3n por las lesiones sufridas. P\u00f3ngase en contacto con Moriarty Injury Lawyer \/ Abogado Especialista en Lesiones para ser asesorado sobre la presentaci\u00f3n de una demanda por negligencia quiropr\u00e1ctica.","breadcrumb":{"@id":"https:\/\/www.moriartyinjurylawyer.com\/es\/negligencia-quiropractica\/#breadcrumb"},"inLanguage":"es","potentialAction":[{"@type":"ReadAction","target":["https:\/\/www.moriartyinjurylawyer.com\/es\/negligencia-quiropractica\/"]}]},{"@type":"ImageObject","inLanguage":"es","@id":"https:\/\/www.moriartyinjurylawyer.com\/es\/negligencia-quiropractica\/#primaryimage","url":"https:\/\/www.moriartyinjurylawyer.com\/wp-content\/uploads\/2018\/07\/header-back.jpg","contentUrl":"https:\/\/www.moriartyinjurylawyer.com\/wp-content\/uploads\/2018\/07\/header-back.jpg","width":1920,"height":600,"caption":"Chiropractor Malpractice Lawyer"},{"@type":"BreadcrumbList","@id":"https:\/\/www.moriartyinjurylawyer.com\/es\/negligencia-quiropractica\/#breadcrumb","itemListElement":[{"@type":"ListItem","position":1,"name":"Home","item":"https:\/\/www.moriartyinjurylawyer.com\/es\/"},{"@type":"ListItem","position":2,"name":"Especialidades","item":"https:\/\/www.moriartyinjurylawyer.com\/es\/especialidades\/"},{"@type":"ListItem","position":3,"name":"Mala Praxis Quiropr\u00e1ctica"}]},{"@type":"WebSite","@id":"https:\/\/www.moriartyinjurylawyer.com\/#website","url":"https:\/\/www.moriartyinjurylawyer.com\/","name":"Moriarty Injury Lawyer","description":"","potentialAction":[{"@type":"SearchAction","target":{"@type":"EntryPoint","urlTemplate":"https:\/\/www.moriartyinjurylawyer.com\/?s={search_term_string}"},"query-input":{"@type":"PropertyValueSpecification","valueRequired":true,"valueName":"search_term_string"}}],"inLanguage":"es"}]}},"_links":{"self":[{"href":"https:\/\/www.moriartyinjurylawyer.com\/es\/wp-json\/wp\/v2\/pages\/5376","targetHints":{"allow":["GET"]}}],"collection":[{"href":"https:\/\/www.moriartyinjurylawyer.com\/es\/wp-json\/wp\/v2\/pages"}],"about":[{"href":"https:\/\/www.moriartyinjurylawyer.com\/es\/wp-json\/wp\/v2\/types\/page"}],"author":[{"embeddable":true,"href":"https:\/\/www.moriartyinjurylawyer.com\/es\/wp-json\/wp\/v2\/users\/1"}],"replies":[{"embeddable":true,"href":"https:\/\/www.moriartyinjurylawyer.com\/es\/wp-json\/wp\/v2\/comments?post=5376"}],"version-history":[{"count":2,"href":"https:\/\/www.moriartyinjurylawyer.com\/es\/wp-json\/wp\/v2\/pages\/5376\/revisions"}],"predecessor-version":[{"id":5471,"href":"https:\/\/www.moriartyinjurylawyer.com\/es\/wp-json\/wp\/v2\/pages\/5376\/revisions\/5471"}],"up":[{"embeddable":true,"href":"https:\/\/www.moriartyinjurylawyer.com\/es\/wp-json\/wp\/v2\/pages\/5799"}],"wp:featuredmedia":[{"embeddable":true,"href":"https:\/\/www.moriartyinjurylawyer.com\/es\/wp-json\/wp\/v2\/media\/5315"}],"wp:attachment":[{"href":"https:\/\/www.moriartyinjurylawyer.com\/es\/wp-json\/wp\/v2\/media?parent=5376"}],"curies":[{"name":"wp","href":"https:\/\/api.w.org\/{rel}","templated":true}]}}