{"id":5387,"date":"2021-06-18T13:08:37","date_gmt":"2021-06-18T13:08:37","guid":{"rendered":"https:\/\/www.moriartyinjurylawyer.com\/?page_id=5387"},"modified":"2021-06-18T13:08:47","modified_gmt":"2021-06-18T13:08:47","slug":"negligencia-medica","status":"publish","type":"page","link":"https:\/\/www.moriartyinjurylawyer.com\/es\/demandas-por-negligencia-medica\/","title":{"rendered":"Negligencia M\u00e9dica"},"content":{"rendered":"<h2>Abogado Especialista en Demandas por Negligencia M\u00e9dica<\/h2>\n<p>Una de las consecuencias m\u00e1s devastadores tras ser sometido a un tratamiento m\u00e9dico de cualquier \u00edndole, se produce cuando una negligencia o un error provocan a\u00fan m\u00e1s dolor y sufrimientos. La negligencia m\u00e9dica es un \u00e1rea legislativa que est\u00e1 dirigida a proteger a los pacientes que han sufrido alg\u00fan perjuicio debido a una deficiente atenci\u00f3n sanitaria. En Moriarty Injury Lawyer \/ Abogado Especialista en Lesiones, contamos con un equipo de expertos m\u00e9dicos y legales que estar\u00e1 a su lado cuando usted haya sido perjudicado por la negligencia o el error de un profesional de la salud, ayud\u00e1ndole a recibir la justicia y la compensaci\u00f3n que se merece. Nuestro trabajo ser\u00e1 defender sus derechos y ayudar a evitar que se produzcan futuros perjuicios a otros pacientes.<\/p>\n<h3>Tipos de Demandas por Negligencia M\u00e9dica<\/h3>\n<p>La salud y el bienestar son sus posesiones m\u00e1s valiosas y para protegerlas, usted conf\u00eda en los profesionales m\u00e9dicos a los que acude. Cuando los doctores, enfermeras y otros profesionales de la salud no se apegan a los est\u00e1ndares de atenci\u00f3n aprobados y, como consecuencia de ello, causan un perjuicio a sus pacientes, podr\u00eda estar produci\u00e9ndose un caso de negligencia m\u00e9dica, como, por ejemplo, al recibir un medicamento equivocado en la farmacia o si se produce un error durante una cirug\u00eda. A menudo, la v\u00edctima no es consciente de que se produjo una negligencia hasta que \u00e9sta comienza a provocar dolor, complicaciones m\u00e9dicas o lo que es peor a\u00fan, la muerte.<\/p>\n<p>Cuando se produce una negligencia m\u00e9dica, los doctores y profesionales de la salud tienen equipos de abogados a su lado, que los protegen de los litigios. Nuestro trabajo en Moriarty Injury Lawyer \/ Abogado Especialista en Lesiones es dar a nuestros clientes, cuando menos, la misma protecci\u00f3n legal. Algunas de las causas m\u00e1s comunes en demandas por negligencia m\u00e9dica de nuestros clientes suelen ser:<\/p>\n<ul>\n<li>Da\u00f1o cerebral<\/li>\n<li>S\u00edndrome compartimental<\/li>\n<li>Dosificaci\u00f3n err\u00f3nea<\/li>\n<li>Perforaci\u00f3n esof\u00e1gica tras disectom\u00eda cervical anterior con fusi\u00f3n (DCAF)<\/li>\n<li>Error en la medicaci\u00f3n<\/li>\n<li>Infecci\u00f3n por Staphylococcus Aureus resistente a la meticilina (SARM)<\/li>\n<li>Infarto de miocardio<\/li>\n<li>Fascitis necrotizante<\/li>\n<li>Par\u00e1lisis tras disectom\u00eda cervical anterior con fusi\u00f3n (DCAF)<\/li>\n<li>Septicemia<\/li>\n<li>Lesi\u00f3n de la m\u00e9dula espinal<\/li>\n<li>Infecciones de sitio quir\u00fargico<\/li>\n<\/ul>\n<p>Si usted o alguno de sus familiares ha sufrido alg\u00fan perjuicio como consecuencia de un error m\u00e9dico, negligencia o diagn\u00f3stico err\u00f3neo, p\u00f3ngase en contacto hoy mismo con nuestro equipo en Moriarty Injury Lawyer \/ Abogado Especialista en Lesiones y programe una consulta gratuita, donde analizaremos su caso y determinaremos si usted pudiera ser beneficiario de una indemnizaci\u00f3n que le compense por los tratamientos m\u00e9dicos, medicamentos, salarios perdidos y otros gastos que haya sufrido.<\/p>\n","protected":false},"excerpt":{"rendered":"<p>Abogado Especialista en Demandas por Negligencia M\u00e9dica Una de las consecuencias m\u00e1s devastadores tras ser sometido a un tratamiento m\u00e9dico de cualquier \u00edndole, se produce cuando una negligencia o un error provocan a\u00fan m\u00e1s dolor y sufrimientos. La negligencia m\u00e9dica es un \u00e1rea legislativa que est\u00e1 dirigida a proteger a los pacientes que han sufrido&hellip;<\/p>\n","protected":false},"author":1,"featured_media":0,"parent":5799,"menu_order":0,"comment_status":"closed","ping_status":"closed","template":"","meta":{"_acf_changed":false,"footnotes":""},"class_list":["post-5387","page","type-page","status-publish"],"acf":[],"yoast_head":"<!-- This site is optimized with the Yoast SEO plugin v25.6 - https:\/\/yoast.com\/wordpress\/plugins\/seo\/ -->\n<title>Abogado Especialista en Negligencia M\u00e9dica en Atlanta, Georgia | Demandas por Negligencia M\u00e9dica<\/title>\n<meta name=\"description\" content=\"\u00bfUsted o alg\u00fan ser querido ha sufrido un perjuicio como consecuencia de una mala pr\u00e1ctica m\u00e9dica o negligencia? Si es as\u00ed, p\u00f3ngase en contacto con los expertos de Moriarty Injury Lawyer \/ Abogado Especialista en Lesiones en Atlanta y programe una consulta gratuita. Usted podr\u00eda ser beneficiario de una compensaci\u00f3n en un caso de demanda por negligencia m\u00e9dica.\" \/>\n<meta name=\"robots\" content=\"index, follow, max-snippet:-1, max-image-preview:large, max-video-preview:-1\" \/>\n<link rel=\"canonical\" href=\"https:\/\/www.moriartyinjurylawyer.com\/es\/demandas-por-negligencia-medica\/\" \/>\n<meta property=\"og:locale\" content=\"es_ES\" \/>\n<meta property=\"og:type\" content=\"article\" \/>\n<meta property=\"og:title\" content=\"Abogado Especialista en Negligencia M\u00e9dica en Atlanta, Georgia | Demandas por Negligencia M\u00e9dica\" \/>\n<meta property=\"og:description\" content=\"\u00bfUsted o alg\u00fan ser querido ha sufrido un perjuicio como consecuencia de una mala pr\u00e1ctica m\u00e9dica o negligencia? Si es as\u00ed, p\u00f3ngase en contacto con los expertos de Moriarty Injury Lawyer \/ Abogado Especialista en Lesiones en Atlanta y programe una consulta gratuita. Usted podr\u00eda ser beneficiario de una compensaci\u00f3n en un caso de demanda por negligencia m\u00e9dica.\" \/>\n<meta property=\"og:url\" content=\"https:\/\/www.moriartyinjurylawyer.com\/es\/demandas-por-negligencia-medica\/\" \/>\n<meta property=\"og:site_name\" content=\"Moriarty Injury Lawyer\" \/>\n<meta property=\"article:modified_time\" content=\"2021-06-18T13:08:47+00:00\" \/>\n<meta name=\"twitter:card\" content=\"summary_large_image\" \/>\n<meta name=\"twitter:label1\" content=\"Tiempo de lectura\" \/>\n\t<meta name=\"twitter:data1\" content=\"2 minutos\" \/>\n<!-- \/ Yoast SEO plugin. -->","yoast_head_json":{"title":"Abogado Especialista en Negligencia M\u00e9dica en Atlanta, Georgia | Demandas por Negligencia M\u00e9dica","description":"\u00bfUsted o alg\u00fan ser querido ha sufrido un perjuicio como consecuencia de una mala pr\u00e1ctica m\u00e9dica o negligencia? Si es as\u00ed, p\u00f3ngase en contacto con los expertos de Moriarty Injury Lawyer \/ Abogado Especialista en Lesiones en Atlanta y programe una consulta gratuita. Usted podr\u00eda ser beneficiario de una compensaci\u00f3n en un caso de demanda por negligencia m\u00e9dica.","robots":{"index":"index","follow":"follow","max-snippet":"max-snippet:-1","max-image-preview":"max-image-preview:large","max-video-preview":"max-video-preview:-1"},"canonical":"https:\/\/www.moriartyinjurylawyer.com\/es\/demandas-por-negligencia-medica\/","og_locale":"es_ES","og_type":"article","og_title":"Abogado Especialista en Negligencia M\u00e9dica en Atlanta, Georgia | Demandas por Negligencia M\u00e9dica","og_description":"\u00bfUsted o alg\u00fan ser querido ha sufrido un perjuicio como consecuencia de una mala pr\u00e1ctica m\u00e9dica o negligencia? Si es as\u00ed, p\u00f3ngase en contacto con los expertos de Moriarty Injury Lawyer \/ Abogado Especialista en Lesiones en Atlanta y programe una consulta gratuita. Usted podr\u00eda ser beneficiario de una compensaci\u00f3n en un caso de demanda por negligencia m\u00e9dica.","og_url":"https:\/\/www.moriartyinjurylawyer.com\/es\/demandas-por-negligencia-medica\/","og_site_name":"Moriarty Injury Lawyer","article_modified_time":"2021-06-18T13:08:47+00:00","twitter_card":"summary_large_image","twitter_misc":{"Tiempo de lectura":"2 minutos"},"schema":{"@context":"https:\/\/schema.org","@graph":[{"@type":"WebPage","@id":"https:\/\/www.moriartyinjurylawyer.com\/es\/demandas-por-negligencia-medica\/","url":"https:\/\/www.moriartyinjurylawyer.com\/es\/demandas-por-negligencia-medica\/","name":"Abogado Especialista en Negligencia M\u00e9dica en Atlanta, Georgia | Demandas por Negligencia M\u00e9dica","isPartOf":{"@id":"https:\/\/www.moriartyinjurylawyer.com\/#website"},"datePublished":"2021-06-18T13:08:37+00:00","dateModified":"2021-06-18T13:08:47+00:00","description":"\u00bfUsted o alg\u00fan ser querido ha sufrido un perjuicio como consecuencia de una mala pr\u00e1ctica m\u00e9dica o negligencia? Si es as\u00ed, p\u00f3ngase en contacto con los expertos de Moriarty Injury Lawyer \/ Abogado Especialista en Lesiones en Atlanta y programe una consulta gratuita. Usted podr\u00eda ser beneficiario de una compensaci\u00f3n en un caso de demanda por negligencia m\u00e9dica.","breadcrumb":{"@id":"https:\/\/www.moriartyinjurylawyer.com\/es\/demandas-por-negligencia-medica\/#breadcrumb"},"inLanguage":"es","potentialAction":[{"@type":"ReadAction","target":["https:\/\/www.moriartyinjurylawyer.com\/es\/demandas-por-negligencia-medica\/"]}]},{"@type":"BreadcrumbList","@id":"https:\/\/www.moriartyinjurylawyer.com\/es\/demandas-por-negligencia-medica\/#breadcrumb","itemListElement":[{"@type":"ListItem","position":1,"name":"Home","item":"https:\/\/www.moriartyinjurylawyer.com\/es\/"},{"@type":"ListItem","position":2,"name":"Especialidades","item":"https:\/\/www.moriartyinjurylawyer.com\/es\/especialidades\/"},{"@type":"ListItem","position":3,"name":"Negligencia M\u00e9dica"}]},{"@type":"WebSite","@id":"https:\/\/www.moriartyinjurylawyer.com\/#website","url":"https:\/\/www.moriartyinjurylawyer.com\/","name":"Moriarty Injury Lawyer","description":"","potentialAction":[{"@type":"SearchAction","target":{"@type":"EntryPoint","urlTemplate":"https:\/\/www.moriartyinjurylawyer.com\/?s={search_term_string}"},"query-input":{"@type":"PropertyValueSpecification","valueRequired":true,"valueName":"search_term_string"}}],"inLanguage":"es"}]}},"_links":{"self":[{"href":"https:\/\/www.moriartyinjurylawyer.com\/es\/wp-json\/wp\/v2\/pages\/5387","targetHints":{"allow":["GET"]}}],"collection":[{"href":"https:\/\/www.moriartyinjurylawyer.com\/es\/wp-json\/wp\/v2\/pages"}],"about":[{"href":"https:\/\/www.moriartyinjurylawyer.com\/es\/wp-json\/wp\/v2\/types\/page"}],"author":[{"embeddable":true,"href":"https:\/\/www.moriartyinjurylawyer.com\/es\/wp-json\/wp\/v2\/users\/1"}],"replies":[{"embeddable":true,"href":"https:\/\/www.moriartyinjurylawyer.com\/es\/wp-json\/wp\/v2\/comments?post=5387"}],"version-history":[{"count":1,"href":"https:\/\/www.moriartyinjurylawyer.com\/es\/wp-json\/wp\/v2\/pages\/5387\/revisions"}],"predecessor-version":[{"id":5388,"href":"https:\/\/www.moriartyinjurylawyer.com\/es\/wp-json\/wp\/v2\/pages\/5387\/revisions\/5388"}],"up":[{"embeddable":true,"href":"https:\/\/www.moriartyinjurylawyer.com\/es\/wp-json\/wp\/v2\/pages\/5799"}],"wp:attachment":[{"href":"https:\/\/www.moriartyinjurylawyer.com\/es\/wp-json\/wp\/v2\/media?parent=5387"}],"curies":[{"name":"wp","href":"https:\/\/api.w.org\/{rel}","templated":true}]}}