{"id":5394,"date":"2021-06-18T13:22:37","date_gmt":"2021-06-18T13:22:37","guid":{"rendered":"https:\/\/www.moriartyinjurylawyer.com\/?page_id=5394"},"modified":"2021-06-18T13:22:46","modified_gmt":"2021-06-18T13:22:46","slug":"perforacion-esofagica","status":"publish","type":"page","link":"https:\/\/www.moriartyinjurylawyer.com\/es\/perforacion-esofagica\/","title":{"rendered":"Perforaci\u00f3n Esof\u00e1gica"},"content":{"rendered":"<h2>Perforaci\u00f3n Esof\u00e1gica Tras Disectom\u00eda Cervical Anterior con Fusi\u00f3n (DCAF)<\/h2>\n<p>Cuando existe dolor, hormigueo o entumecimiento de un disco cervical como consecuencia de una hernia o por enfermedad degenerativa, una de las opciones para su tratamiento pudiera consistir en practicar una disectom\u00eda cervical anterior con fusi\u00f3n (DCAF) o ACDF, por sus siglas en ingl\u00e9s. Esta cirug\u00eda combina la disectom\u00eda cervical y la fusi\u00f3n vertebral, con acceso quir\u00fargico desde una posici\u00f3n frontal o anterior en el cuello. Una complicaci\u00f3n no deseada durante este procedimiento quir\u00fargico ser\u00eda la perforaci\u00f3n esof\u00e1gica, que podr\u00eda indicar que hubo negligencia m\u00e9dica durante la cirug\u00eda, causando dolor y tratamientos adicionales duraderos e indeseados.<\/p>\n<p>Los problemas en los discos cervicales pueden causar dolor insoportable, entumecimiento y dificultad de movimientos en cuello, hombros, brazos y manos. La presi\u00f3n que ejerce una hernia o un disco cervical da\u00f1ado sobre la m\u00e9dula espinal encuentra en la cirug\u00eda DCAF \/ ACDF, en la mayor\u00eda de los casos, una de las pocas opciones de alivio permanente. Si bien este procedimiento puede ser muy beneficioso, en caso de que el cirujano ortop\u00e9dico o neur\u00f3logo llegaran a perforar la pared del es\u00f3fago por error de c\u00e1lculo o negligencia, se podr\u00edan provocar serias complicaciones al paciente.<\/p>\n<h3>Lesiones por Perforaci\u00f3n Esof\u00e1gica Durante DCAF \/ ACDF<\/h3>\n<p>La perforaci\u00f3n esof\u00e1gica es un incidente grave y potencialmente mortal, aunque poco frecuente, de la cirug\u00eda de DCAF \/ ACDF. Debido a ello, los cirujanos deben evitar cuidadosamente cualquier posibilidad de debilitamiento en esta \u00e1rea. A la mayor\u00eda de los pacientes con esta afecci\u00f3n, les sucede despu\u00e9s de la cirug\u00eda. Sin embargo, tambi\u00e9n hay casos en los que la perforaci\u00f3n se produce varios a\u00f1os despu\u00e9s de la finalizaci\u00f3n del procedimiento, a pesar de lo cual, se sigue considerando a\u00fan como una complicaci\u00f3n de la misma cirug\u00eda. La perforaci\u00f3n esof\u00e1gica podr\u00eda causar infecci\u00f3n, disfagia, dificultad para respirar, hipotensi\u00f3n (presi\u00f3n arterial baja) e incluso la muerte.<\/p>\n<p>Si usted o alg\u00fan familiar presentan una perforaci\u00f3n esof\u00e1gica despu\u00e9s de haber sido sometido a un procedimiento de disectom\u00eda cervical anterior con fusi\u00f3n (DCAF) o ACDF, por sus siglas en ingl\u00e9s, \u00e9sta podr\u00eda deberse a una negligencia m\u00e9dica. Consulte a nuestro equipo en Moriarty Injury Lawyer \/ Abogado Especialista en Lesiones para analizar su caso, ya que podr\u00eda recibir una compensaci\u00f3n econ\u00f3mica por las lesiones sufridas o por la p\u00e9rdida de un ser querido.<\/p>\n","protected":false},"excerpt":{"rendered":"<p>Perforaci\u00f3n Esof\u00e1gica Tras Disectom\u00eda Cervical Anterior con Fusi\u00f3n (DCAF) Cuando existe dolor, hormigueo o entumecimiento de un disco cervical como consecuencia de una hernia o por enfermedad degenerativa, una de las opciones para su tratamiento pudiera consistir en practicar una disectom\u00eda cervical anterior con fusi\u00f3n (DCAF) o ACDF, por sus siglas en ingl\u00e9s. Esta cirug\u00eda&hellip;<\/p>\n","protected":false},"author":1,"featured_media":0,"parent":5387,"menu_order":0,"comment_status":"closed","ping_status":"closed","template":"","meta":{"_acf_changed":false,"footnotes":""},"class_list":["post-5394","page","type-page","status-publish"],"acf":[],"yoast_head":"<!-- This site is optimized with the Yoast SEO plugin v25.6 - https:\/\/yoast.com\/wordpress\/plugins\/seo\/ -->\n<title>Abogado Especialista en Perforaci\u00f3n Esof\u00e1gica Durante Disectom\u00eda Cervical Anterior con Fusi\u00f3n (DCAF \/ ACDF)<\/title>\n<meta name=\"description\" content=\"\u00bfUsted o alg\u00fan ser querido han sufrido una perforaci\u00f3n esof\u00e1gica durante o despu\u00e9s de una disectom\u00eda cervical anterior con fusi\u00f3n (DCAF) o ACDF, por sus siglas en ingl\u00e9s? P\u00f3ngase en contacto con nosotros en Moriarty Injury Lawyer \/ Abogado Especialista en Lesiones y analizaremos su caso como uno probable de negligencia m\u00e9dica, ya que usted podr\u00eda ser beneficiario de una indemnizaci\u00f3n.\" \/>\n<meta name=\"robots\" content=\"index, follow, max-snippet:-1, max-image-preview:large, max-video-preview:-1\" \/>\n<link rel=\"canonical\" href=\"https:\/\/www.moriartyinjurylawyer.com\/es\/perforacion-esofagica\/\" \/>\n<meta property=\"og:locale\" content=\"es_ES\" \/>\n<meta property=\"og:type\" content=\"article\" \/>\n<meta property=\"og:title\" content=\"Abogado Especialista en Perforaci\u00f3n Esof\u00e1gica Durante Disectom\u00eda Cervical Anterior con Fusi\u00f3n (DCAF \/ ACDF)\" \/>\n<meta property=\"og:description\" content=\"\u00bfUsted o alg\u00fan ser querido han sufrido una perforaci\u00f3n esof\u00e1gica durante o despu\u00e9s de una disectom\u00eda cervical anterior con fusi\u00f3n (DCAF) o ACDF, por sus siglas en ingl\u00e9s? P\u00f3ngase en contacto con nosotros en Moriarty Injury Lawyer \/ Abogado Especialista en Lesiones y analizaremos su caso como uno probable de negligencia m\u00e9dica, ya que usted podr\u00eda ser beneficiario de una indemnizaci\u00f3n.\" \/>\n<meta property=\"og:url\" content=\"https:\/\/www.moriartyinjurylawyer.com\/es\/perforacion-esofagica\/\" \/>\n<meta property=\"og:site_name\" content=\"Moriarty Injury Lawyer\" \/>\n<meta property=\"article:modified_time\" content=\"2021-06-18T13:22:46+00:00\" \/>\n<meta name=\"twitter:card\" content=\"summary_large_image\" \/>\n<meta name=\"twitter:label1\" content=\"Tiempo de lectura\" \/>\n\t<meta name=\"twitter:data1\" content=\"2 minutos\" \/>\n<!-- \/ Yoast SEO plugin. -->","yoast_head_json":{"title":"Abogado Especialista en Perforaci\u00f3n Esof\u00e1gica Durante Disectom\u00eda Cervical Anterior con Fusi\u00f3n (DCAF \/ ACDF)","description":"\u00bfUsted o alg\u00fan ser querido han sufrido una perforaci\u00f3n esof\u00e1gica durante o despu\u00e9s de una disectom\u00eda cervical anterior con fusi\u00f3n (DCAF) o ACDF, por sus siglas en ingl\u00e9s? P\u00f3ngase en contacto con nosotros en Moriarty Injury Lawyer \/ Abogado Especialista en Lesiones y analizaremos su caso como uno probable de negligencia m\u00e9dica, ya que usted podr\u00eda ser beneficiario de una indemnizaci\u00f3n.","robots":{"index":"index","follow":"follow","max-snippet":"max-snippet:-1","max-image-preview":"max-image-preview:large","max-video-preview":"max-video-preview:-1"},"canonical":"https:\/\/www.moriartyinjurylawyer.com\/es\/perforacion-esofagica\/","og_locale":"es_ES","og_type":"article","og_title":"Abogado Especialista en Perforaci\u00f3n Esof\u00e1gica Durante Disectom\u00eda Cervical Anterior con Fusi\u00f3n (DCAF \/ ACDF)","og_description":"\u00bfUsted o alg\u00fan ser querido han sufrido una perforaci\u00f3n esof\u00e1gica durante o despu\u00e9s de una disectom\u00eda cervical anterior con fusi\u00f3n (DCAF) o ACDF, por sus siglas en ingl\u00e9s? P\u00f3ngase en contacto con nosotros en Moriarty Injury Lawyer \/ Abogado Especialista en Lesiones y analizaremos su caso como uno probable de negligencia m\u00e9dica, ya que usted podr\u00eda ser beneficiario de una indemnizaci\u00f3n.","og_url":"https:\/\/www.moriartyinjurylawyer.com\/es\/perforacion-esofagica\/","og_site_name":"Moriarty Injury Lawyer","article_modified_time":"2021-06-18T13:22:46+00:00","twitter_card":"summary_large_image","twitter_misc":{"Tiempo de lectura":"2 minutos"},"schema":{"@context":"https:\/\/schema.org","@graph":[{"@type":"WebPage","@id":"https:\/\/www.moriartyinjurylawyer.com\/es\/perforacion-esofagica\/","url":"https:\/\/www.moriartyinjurylawyer.com\/es\/perforacion-esofagica\/","name":"Abogado Especialista en Perforaci\u00f3n Esof\u00e1gica Durante Disectom\u00eda Cervical Anterior con Fusi\u00f3n (DCAF \/ ACDF)","isPartOf":{"@id":"https:\/\/www.moriartyinjurylawyer.com\/#website"},"datePublished":"2021-06-18T13:22:37+00:00","dateModified":"2021-06-18T13:22:46+00:00","description":"\u00bfUsted o alg\u00fan ser querido han sufrido una perforaci\u00f3n esof\u00e1gica durante o despu\u00e9s de una disectom\u00eda cervical anterior con fusi\u00f3n (DCAF) o ACDF, por sus siglas en ingl\u00e9s? P\u00f3ngase en contacto con nosotros en Moriarty Injury Lawyer \/ Abogado Especialista en Lesiones y analizaremos su caso como uno probable de negligencia m\u00e9dica, ya que usted podr\u00eda ser beneficiario de una indemnizaci\u00f3n.","breadcrumb":{"@id":"https:\/\/www.moriartyinjurylawyer.com\/es\/perforacion-esofagica\/#breadcrumb"},"inLanguage":"es","potentialAction":[{"@type":"ReadAction","target":["https:\/\/www.moriartyinjurylawyer.com\/es\/perforacion-esofagica\/"]}]},{"@type":"BreadcrumbList","@id":"https:\/\/www.moriartyinjurylawyer.com\/es\/perforacion-esofagica\/#breadcrumb","itemListElement":[{"@type":"ListItem","position":1,"name":"Home","item":"https:\/\/www.moriartyinjurylawyer.com\/es\/"},{"@type":"ListItem","position":2,"name":"Especialidades","item":"https:\/\/www.moriartyinjurylawyer.com\/es\/especialidades\/"},{"@type":"ListItem","position":3,"name":"Negligencia M\u00e9dica","item":"https:\/\/www.moriartyinjurylawyer.com\/es\/demandas-por-negligencia-medica\/"},{"@type":"ListItem","position":4,"name":"Perforaci\u00f3n Esof\u00e1gica"}]},{"@type":"WebSite","@id":"https:\/\/www.moriartyinjurylawyer.com\/#website","url":"https:\/\/www.moriartyinjurylawyer.com\/","name":"Moriarty Injury Lawyer","description":"","potentialAction":[{"@type":"SearchAction","target":{"@type":"EntryPoint","urlTemplate":"https:\/\/www.moriartyinjurylawyer.com\/?s={search_term_string}"},"query-input":{"@type":"PropertyValueSpecification","valueRequired":true,"valueName":"search_term_string"}}],"inLanguage":"es"}]}},"_links":{"self":[{"href":"https:\/\/www.moriartyinjurylawyer.com\/es\/wp-json\/wp\/v2\/pages\/5394","targetHints":{"allow":["GET"]}}],"collection":[{"href":"https:\/\/www.moriartyinjurylawyer.com\/es\/wp-json\/wp\/v2\/pages"}],"about":[{"href":"https:\/\/www.moriartyinjurylawyer.com\/es\/wp-json\/wp\/v2\/types\/page"}],"author":[{"embeddable":true,"href":"https:\/\/www.moriartyinjurylawyer.com\/es\/wp-json\/wp\/v2\/users\/1"}],"replies":[{"embeddable":true,"href":"https:\/\/www.moriartyinjurylawyer.com\/es\/wp-json\/wp\/v2\/comments?post=5394"}],"version-history":[{"count":2,"href":"https:\/\/www.moriartyinjurylawyer.com\/es\/wp-json\/wp\/v2\/pages\/5394\/revisions"}],"predecessor-version":[{"id":5397,"href":"https:\/\/www.moriartyinjurylawyer.com\/es\/wp-json\/wp\/v2\/pages\/5394\/revisions\/5397"}],"up":[{"embeddable":true,"href":"https:\/\/www.moriartyinjurylawyer.com\/es\/wp-json\/wp\/v2\/pages\/5387"}],"wp:attachment":[{"href":"https:\/\/www.moriartyinjurylawyer.com\/es\/wp-json\/wp\/v2\/media?parent=5394"}],"curies":[{"name":"wp","href":"https:\/\/api.w.org\/{rel}","templated":true}]}}