{"id":5401,"date":"2021-06-18T13:37:00","date_gmt":"2021-06-18T13:37:00","guid":{"rendered":"https:\/\/www.moriartyinjurylawyer.com\/?page_id=5401"},"modified":"2021-06-18T13:37:19","modified_gmt":"2021-06-18T13:37:19","slug":"fascitis-necrotizante","status":"publish","type":"page","link":"https:\/\/www.moriartyinjurylawyer.com\/es\/fascitis-necrotizante\/","title":{"rendered":"Fascitis Necrotizante"},"content":{"rendered":"<h2>Abogado Especialista en Fascitis Necrotizante por Diagn\u00f3stico Err\u00f3neo<\/h2>\n<p>Las graves infecciones bacterianas que se presentan con la fascitis necrotizante podr\u00edan ser debilitantes y potencialmente mortales. Tambi\u00e9n llamada la \u201cenfermedad devora-carne\u201d, la fascitis necrotizante aparece de formas muy diversas y puede acelerarse en gran medida. La detecci\u00f3n oportuna y el tratamiento precoz son, sin duda, la mejor opci\u00f3n para una recuperaci\u00f3n y supervivencia a la misma. Cuando esta agresiva enfermedad es mal diagnosticada, la vida del paciente puede ponerse en riesgo, resultando en da\u00f1os graves o incluso la muerte.<\/p>\n<p>Cualquier persona, sin importar su edad, puede sucumbir frente a la fascitis necrotizante. Un peque\u00f1o corte o una infecci\u00f3n interna pueden evolucionar, si no se tratan correctamente, hasta convertirse en una fascitis necrotizante. Sin embargo, es m\u00e1s probable que esto ocurra en aquellos que tienen un sistema inmunol\u00f3gico debilitado debido a otra dolencia. Los adultos mayores, beb\u00e9s, diab\u00e9ticos y aquellas personas con deficiencias en su sistema inmunol\u00f3gico podr\u00edan tener un mayor riesgo de ser v\u00edctimas de esta infecci\u00f3n de acci\u00f3n r\u00e1pida.<\/p>\n<h3>Diagn\u00f3stico y Tratamiento de la Fascitis Necrotizante<\/h3>\n<p>Los tratamientos m\u00e1s eficaces contra la fascitis necrotizante deben iniciarse en cuanto es detectada, por lo que un diagn\u00f3stico precoz es fundamental para procurar, generalmente seguido de una hospitalizaci\u00f3n, el inmediato suministro de antibi\u00f3ticos intravenosos y el desbridamiento del tejido infectado o muerto. Cuando la infecci\u00f3n es detectada en sus primeras fases, el paciente puede recibir los cuidados m\u00e9dicos necesarios para combatirla adecuadamente y mitigar as\u00ed las lesiones que provoca.<\/p>\n<p>Los casos de peor pron\u00f3stico ocurren cuando los profesionales m\u00e9dicos son incapaces de reconocer las se\u00f1ales y s\u00edntomas de la fascitis necrotizante y no la diagnostican inmediatamente. Esto podr\u00eda provocar que la infecci\u00f3n se propague m\u00e1s profundamente y a m\u00e1s \u00e1reas del cuerpo, lo que causar\u00e1 que su tratamiento se vuelva m\u00e1s dif\u00edcil cuando finalmente sea diagnosticada, pudiendo provocar entonces lesiones graves, problemas severos de salud a largo plazo o, desafortunadamente, incluso la muerte.<\/p>\n<p>Si usted o un miembro de su familia han sido mal diagnosticados de una fascitis necrotizante, es posible que hayan acumulado una gran cantidad de facturas de gastos m\u00e9dicos y est\u00e9n sufriendo una experiencia dolorosa. P\u00f3ngase en contacto con nuestro equipo en Moriarty Injury Lawyer \/ Abogado Especialista en Lesiones, donde analizaremos con usted la posibilidad de presentar una demanda por negligencia y obtener as\u00ed una indemnizaci\u00f3n que le compense por sus p\u00e9rdidas.<\/p>\n","protected":false},"excerpt":{"rendered":"<p>Abogado Especialista en Fascitis Necrotizante por Diagn\u00f3stico Err\u00f3neo Las graves infecciones bacterianas que se presentan con la fascitis necrotizante podr\u00edan ser debilitantes y potencialmente mortales. Tambi\u00e9n llamada la \u201cenfermedad devora-carne\u201d, la fascitis necrotizante aparece de formas muy diversas y puede acelerarse en gran medida. La detecci\u00f3n oportuna y el tratamiento precoz son, sin duda, la&hellip;<\/p>\n","protected":false},"author":1,"featured_media":0,"parent":5387,"menu_order":0,"comment_status":"closed","ping_status":"closed","template":"","meta":{"_acf_changed":false,"footnotes":""},"class_list":["post-5401","page","type-page","status-publish"],"acf":[],"yoast_head":"<!-- This site is optimized with the Yoast SEO plugin v25.6 - https:\/\/yoast.com\/wordpress\/plugins\/seo\/ -->\n<title>Demanda por Diagn\u00f3stico Err\u00f3neo de Fascitis Necrotizante en Atlanta, Georgia | Abogado Especialista en Mala Praxis<\/title>\n<meta name=\"description\" content=\"Una fascitis necrotizante o \u201cenfermedad come-carne\u201d err\u00f3nea o tard\u00edamente diagnosticada puede ser la causa de lesiones graves e incluso la muerte. Si usted o un ser querido han recibido un diagnosticados equivocado de esta dolencia, comun\u00edquese con Moriarty Injury Lawyer \/ Abogado Especialista en Lesiones y obtendr\u00e1 m\u00e1s informaci\u00f3n sobre sus opciones legales.\" \/>\n<meta name=\"robots\" content=\"index, follow, max-snippet:-1, max-image-preview:large, max-video-preview:-1\" \/>\n<link rel=\"canonical\" href=\"https:\/\/www.moriartyinjurylawyer.com\/es\/fascitis-necrotizante\/\" \/>\n<meta property=\"og:locale\" content=\"es_ES\" \/>\n<meta property=\"og:type\" content=\"article\" \/>\n<meta property=\"og:title\" content=\"Demanda por Diagn\u00f3stico Err\u00f3neo de Fascitis Necrotizante en Atlanta, Georgia | Abogado Especialista en Mala Praxis\" \/>\n<meta property=\"og:description\" content=\"Una fascitis necrotizante o \u201cenfermedad come-carne\u201d err\u00f3nea o tard\u00edamente diagnosticada puede ser la causa de lesiones graves e incluso la muerte. Si usted o un ser querido han recibido un diagnosticados equivocado de esta dolencia, comun\u00edquese con Moriarty Injury Lawyer \/ Abogado Especialista en Lesiones y obtendr\u00e1 m\u00e1s informaci\u00f3n sobre sus opciones legales.\" \/>\n<meta property=\"og:url\" content=\"https:\/\/www.moriartyinjurylawyer.com\/es\/fascitis-necrotizante\/\" \/>\n<meta property=\"og:site_name\" content=\"Moriarty Injury Lawyer\" \/>\n<meta property=\"article:modified_time\" content=\"2021-06-18T13:37:19+00:00\" \/>\n<meta name=\"twitter:card\" content=\"summary_large_image\" \/>\n<meta name=\"twitter:label1\" content=\"Tiempo de lectura\" \/>\n\t<meta name=\"twitter:data1\" content=\"2 minutos\" \/>\n<!-- \/ Yoast SEO plugin. -->","yoast_head_json":{"title":"Demanda por Diagn\u00f3stico Err\u00f3neo de Fascitis Necrotizante en Atlanta, Georgia | Abogado Especialista en Mala Praxis","description":"Una fascitis necrotizante o \u201cenfermedad come-carne\u201d err\u00f3nea o tard\u00edamente diagnosticada puede ser la causa de lesiones graves e incluso la muerte. Si usted o un ser querido han recibido un diagnosticados equivocado de esta dolencia, comun\u00edquese con Moriarty Injury Lawyer \/ Abogado Especialista en Lesiones y obtendr\u00e1 m\u00e1s informaci\u00f3n sobre sus opciones legales.","robots":{"index":"index","follow":"follow","max-snippet":"max-snippet:-1","max-image-preview":"max-image-preview:large","max-video-preview":"max-video-preview:-1"},"canonical":"https:\/\/www.moriartyinjurylawyer.com\/es\/fascitis-necrotizante\/","og_locale":"es_ES","og_type":"article","og_title":"Demanda por Diagn\u00f3stico Err\u00f3neo de Fascitis Necrotizante en Atlanta, Georgia | Abogado Especialista en Mala Praxis","og_description":"Una fascitis necrotizante o \u201cenfermedad come-carne\u201d err\u00f3nea o tard\u00edamente diagnosticada puede ser la causa de lesiones graves e incluso la muerte. Si usted o un ser querido han recibido un diagnosticados equivocado de esta dolencia, comun\u00edquese con Moriarty Injury Lawyer \/ Abogado Especialista en Lesiones y obtendr\u00e1 m\u00e1s informaci\u00f3n sobre sus opciones legales.","og_url":"https:\/\/www.moriartyinjurylawyer.com\/es\/fascitis-necrotizante\/","og_site_name":"Moriarty Injury Lawyer","article_modified_time":"2021-06-18T13:37:19+00:00","twitter_card":"summary_large_image","twitter_misc":{"Tiempo de lectura":"2 minutos"},"schema":{"@context":"https:\/\/schema.org","@graph":[{"@type":"WebPage","@id":"https:\/\/www.moriartyinjurylawyer.com\/es\/fascitis-necrotizante\/","url":"https:\/\/www.moriartyinjurylawyer.com\/es\/fascitis-necrotizante\/","name":"Demanda por Diagn\u00f3stico Err\u00f3neo de Fascitis Necrotizante en Atlanta, Georgia | Abogado Especialista en Mala Praxis","isPartOf":{"@id":"https:\/\/www.moriartyinjurylawyer.com\/#website"},"datePublished":"2021-06-18T13:37:00+00:00","dateModified":"2021-06-18T13:37:19+00:00","description":"Una fascitis necrotizante o \u201cenfermedad come-carne\u201d err\u00f3nea o tard\u00edamente diagnosticada puede ser la causa de lesiones graves e incluso la muerte. Si usted o un ser querido han recibido un diagnosticados equivocado de esta dolencia, comun\u00edquese con Moriarty Injury Lawyer \/ Abogado Especialista en Lesiones y obtendr\u00e1 m\u00e1s informaci\u00f3n sobre sus opciones legales.","breadcrumb":{"@id":"https:\/\/www.moriartyinjurylawyer.com\/es\/fascitis-necrotizante\/#breadcrumb"},"inLanguage":"es","potentialAction":[{"@type":"ReadAction","target":["https:\/\/www.moriartyinjurylawyer.com\/es\/fascitis-necrotizante\/"]}]},{"@type":"BreadcrumbList","@id":"https:\/\/www.moriartyinjurylawyer.com\/es\/fascitis-necrotizante\/#breadcrumb","itemListElement":[{"@type":"ListItem","position":1,"name":"Home","item":"https:\/\/www.moriartyinjurylawyer.com\/es\/"},{"@type":"ListItem","position":2,"name":"Especialidades","item":"https:\/\/www.moriartyinjurylawyer.com\/es\/especialidades\/"},{"@type":"ListItem","position":3,"name":"Negligencia M\u00e9dica","item":"https:\/\/www.moriartyinjurylawyer.com\/es\/demandas-por-negligencia-medica\/"},{"@type":"ListItem","position":4,"name":"Fascitis Necrotizante"}]},{"@type":"WebSite","@id":"https:\/\/www.moriartyinjurylawyer.com\/#website","url":"https:\/\/www.moriartyinjurylawyer.com\/","name":"Moriarty Injury Lawyer","description":"","potentialAction":[{"@type":"SearchAction","target":{"@type":"EntryPoint","urlTemplate":"https:\/\/www.moriartyinjurylawyer.com\/?s={search_term_string}"},"query-input":{"@type":"PropertyValueSpecification","valueRequired":true,"valueName":"search_term_string"}}],"inLanguage":"es"}]}},"_links":{"self":[{"href":"https:\/\/www.moriartyinjurylawyer.com\/es\/wp-json\/wp\/v2\/pages\/5401","targetHints":{"allow":["GET"]}}],"collection":[{"href":"https:\/\/www.moriartyinjurylawyer.com\/es\/wp-json\/wp\/v2\/pages"}],"about":[{"href":"https:\/\/www.moriartyinjurylawyer.com\/es\/wp-json\/wp\/v2\/types\/page"}],"author":[{"embeddable":true,"href":"https:\/\/www.moriartyinjurylawyer.com\/es\/wp-json\/wp\/v2\/users\/1"}],"replies":[{"embeddable":true,"href":"https:\/\/www.moriartyinjurylawyer.com\/es\/wp-json\/wp\/v2\/comments?post=5401"}],"version-history":[{"count":2,"href":"https:\/\/www.moriartyinjurylawyer.com\/es\/wp-json\/wp\/v2\/pages\/5401\/revisions"}],"predecessor-version":[{"id":5403,"href":"https:\/\/www.moriartyinjurylawyer.com\/es\/wp-json\/wp\/v2\/pages\/5401\/revisions\/5403"}],"up":[{"embeddable":true,"href":"https:\/\/www.moriartyinjurylawyer.com\/es\/wp-json\/wp\/v2\/pages\/5387"}],"wp:attachment":[{"href":"https:\/\/www.moriartyinjurylawyer.com\/es\/wp-json\/wp\/v2\/media?parent=5401"}],"curies":[{"name":"wp","href":"https:\/\/api.w.org\/{rel}","templated":true}]}}