{"id":5404,"date":"2021-06-18T13:44:15","date_gmt":"2021-06-18T13:44:15","guid":{"rendered":"https:\/\/www.moriartyinjurylawyer.com\/?page_id=5404"},"modified":"2021-06-18T13:44:29","modified_gmt":"2021-06-18T13:44:29","slug":"paralisis-tras-disectomia-cervical-anterior-con-fusion","status":"publish","type":"page","link":"https:\/\/www.moriartyinjurylawyer.com\/es\/paralisis-tras-disectomia-cervical-anterior-con-fusion\/","title":{"rendered":"Par\u00e1lisis Tras Disectom\u00eda Cervical Anterior con Fusi\u00f3n (DCAF)"},"content":{"rendered":"<h2>Abogado Especialista en Par\u00e1lisis Tras Disectom\u00eda Cervical Anterior con Fusi\u00f3n (DCAF \/ ACDF)<\/h2>\n<p>En ocasiones, un disco cervical se da\u00f1a debido a una enfermedad degenerativa o a una hernia, pudiendo entonces ejercer presi\u00f3n sobre los nervios y la m\u00e9dula espinal, causando dolor, debilidad y entumecimiento. Cuando la cirug\u00eda es la mejor opci\u00f3n para tratar esta dolencia, a menudo se utiliza la fusi\u00f3n de disco cervical anterior (DCAF) o ACDF por sus siglas en ingl\u00e9s, procedimiento mediante el cual se elimina el disco da\u00f1ado y se fusionan las v\u00e9rtebras para generar una mayor estabilidad. Desafortunadamente, esta cirug\u00eda, aunque com\u00fan, puede salir mal y, si se llegaran a cometer errores quir\u00fargicos graves, el resultado para el paciente podr\u00eda derivar en par\u00e1lisis.<\/p>\n<p>Cualquier procedimiento quir\u00fargico lleva asociado riesgos potenciales de sufrir complicaciones, por lo que es crucial entender los mismos y ponderarlos al considerar la cirug\u00eda como tratamiento. Los cirujanos ortop\u00e9dicos que realizan procedimientos de DCAF \/ ACDF deben explicar en todo momento los riesgos impl\u00edcitos que conllevan. Pero tambi\u00e9n debe quedar claro que, cuando la lesi\u00f3n sucede debido a la incompetencia o los errores m\u00e9dicos, ya no estar\u00edamos frente a una \u201ccomplicaci\u00f3n\u201d quir\u00fargica, sino que podr\u00eda tratarse de una negligencia m\u00e9dica, que suele ser lo habitual cuando hablamos de par\u00e1lisis posterior a cirug\u00eda de DCAF \/ ACDF.<\/p>\n<h3>Lesi\u00f3n Medular por DCAF \/ ACDF<\/h3>\n<p>La cirug\u00eda de DCAF o ACDF, por sus siglas en ingl\u00e9s, implica trabajos pr\u00f3ximos a la m\u00e9dula espinal. Cualquier lesi\u00f3n en esta delicada zona puede provocar consecuencias nefastas en el paciente, que van desde debilidad o dolor hasta la p\u00e9rdida de sensibilidad o incluso la par\u00e1lisis. El alcance de esta \u00faltima depender\u00e1 de la gravedad de la lesi\u00f3n producida en la m\u00e9dula espinal o en las ra\u00edces nerviosas, pudiendo provocar una par\u00e1lisis muy localizada o incluso afectar cualquier extremidad u \u00f3rgano situado por debajo del punto de lesi\u00f3n.<\/p>\n<p>La par\u00e1lisis de las cuerdas vocales es una complicaci\u00f3n com\u00fan despu\u00e9s de una cirug\u00eda de DCAF \/ ADCF, pero eso no significa que dicho riesgo deba ser aceptado. Mientras que la mayor\u00eda de las par\u00e1lisis de las cuerdas vocales y lesiones por procedimientos de DCAF \/ ADCF sanan con el tiempo, no siempre es as\u00ed. Si la lesi\u00f3n en las cuerdas vocales pudo ser evitada y en realidad se produjo como consecuencia de un error quir\u00fargico, podr\u00edamos estar frente a una negligencia m\u00e9dica.<\/p>\n<p>Si por haber sido sometido a una cirug\u00eda de DCAF \/ ADCF, usted experimenta cualquier tipo de par\u00e1lisis, p\u00f3ngase en contacto hoy mismo con nuestro equipo en Moriarty Injury Lawyer \/ Abogado Especialista en Lesiones. Juntos analizaremos su caso y le ayudaremos a determinar si tiene opciones legales de recibir una compensaci\u00f3n por las lesiones sufridas por la cirug\u00eda.<\/p>\n","protected":false},"excerpt":{"rendered":"<p>Abogado Especialista en Par\u00e1lisis Tras Disectom\u00eda Cervical Anterior con Fusi\u00f3n (DCAF \/ ACDF) En ocasiones, un disco cervical se da\u00f1a debido a una enfermedad degenerativa o a una hernia, pudiendo entonces ejercer presi\u00f3n sobre los nervios y la m\u00e9dula espinal, causando dolor, debilidad y entumecimiento. Cuando la cirug\u00eda es la mejor opci\u00f3n para tratar esta&hellip;<\/p>\n","protected":false},"author":1,"featured_media":0,"parent":5387,"menu_order":0,"comment_status":"closed","ping_status":"closed","template":"","meta":{"_acf_changed":false,"footnotes":""},"class_list":["post-5404","page","type-page","status-publish"],"acf":[],"yoast_head":"<!-- This site is optimized with the Yoast SEO plugin v25.6 - https:\/\/yoast.com\/wordpress\/plugins\/seo\/ -->\n<title>Abogado Especialista en Par\u00e1lisis Tras Disectom\u00eda Cervical Anterior con Fusi\u00f3n (DCAF \/ ACDF)<\/title>\n<meta name=\"description\" content=\"Si como consecuencia de haber sido sometido a una cirug\u00eda de Disectom\u00eda Cervical Anterior con Fusi\u00f3n (DCAF) o ADCF, por sus siglas en ingl\u00e9s, usted ha experimentado cualquier tipo de par\u00e1lisis, p\u00f3ngase en contacto con el equipo de Moriarty Injury Lawyer \/ Abogado Especialista en Lesiones ya que, a trav\u00e9s de una demanda por negligencia m\u00e9dica, podr\u00eda ser beneficiario de una indemnizaci\u00f3n.\" \/>\n<meta name=\"robots\" content=\"index, follow, max-snippet:-1, max-image-preview:large, max-video-preview:-1\" \/>\n<link rel=\"canonical\" href=\"https:\/\/www.moriartyinjurylawyer.com\/es\/paralisis-tras-disectomia-cervical-anterior-con-fusion\/\" \/>\n<meta property=\"og:locale\" content=\"es_ES\" \/>\n<meta property=\"og:type\" content=\"article\" \/>\n<meta property=\"og:title\" content=\"Abogado Especialista en Par\u00e1lisis Tras Disectom\u00eda Cervical Anterior con Fusi\u00f3n (DCAF \/ ACDF)\" \/>\n<meta property=\"og:description\" content=\"Si como consecuencia de haber sido sometido a una cirug\u00eda de Disectom\u00eda Cervical Anterior con Fusi\u00f3n (DCAF) o ADCF, por sus siglas en ingl\u00e9s, usted ha experimentado cualquier tipo de par\u00e1lisis, p\u00f3ngase en contacto con el equipo de Moriarty Injury Lawyer \/ Abogado Especialista en Lesiones ya que, a trav\u00e9s de una demanda por negligencia m\u00e9dica, podr\u00eda ser beneficiario de una indemnizaci\u00f3n.\" \/>\n<meta property=\"og:url\" content=\"https:\/\/www.moriartyinjurylawyer.com\/es\/paralisis-tras-disectomia-cervical-anterior-con-fusion\/\" \/>\n<meta property=\"og:site_name\" content=\"Moriarty Injury Lawyer\" \/>\n<meta property=\"article:modified_time\" content=\"2021-06-18T13:44:29+00:00\" \/>\n<meta name=\"twitter:card\" content=\"summary_large_image\" \/>\n<meta name=\"twitter:label1\" content=\"Tiempo de lectura\" \/>\n\t<meta name=\"twitter:data1\" content=\"3 minutos\" \/>\n<!-- \/ Yoast SEO plugin. -->","yoast_head_json":{"title":"Abogado Especialista en Par\u00e1lisis Tras Disectom\u00eda Cervical Anterior con Fusi\u00f3n (DCAF \/ ACDF)","description":"Si como consecuencia de haber sido sometido a una cirug\u00eda de Disectom\u00eda Cervical Anterior con Fusi\u00f3n (DCAF) o ADCF, por sus siglas en ingl\u00e9s, usted ha experimentado cualquier tipo de par\u00e1lisis, p\u00f3ngase en contacto con el equipo de Moriarty Injury Lawyer \/ Abogado Especialista en Lesiones ya que, a trav\u00e9s de una demanda por negligencia m\u00e9dica, podr\u00eda ser beneficiario de una indemnizaci\u00f3n.","robots":{"index":"index","follow":"follow","max-snippet":"max-snippet:-1","max-image-preview":"max-image-preview:large","max-video-preview":"max-video-preview:-1"},"canonical":"https:\/\/www.moriartyinjurylawyer.com\/es\/paralisis-tras-disectomia-cervical-anterior-con-fusion\/","og_locale":"es_ES","og_type":"article","og_title":"Abogado Especialista en Par\u00e1lisis Tras Disectom\u00eda Cervical Anterior con Fusi\u00f3n (DCAF \/ ACDF)","og_description":"Si como consecuencia de haber sido sometido a una cirug\u00eda de Disectom\u00eda Cervical Anterior con Fusi\u00f3n (DCAF) o ADCF, por sus siglas en ingl\u00e9s, usted ha experimentado cualquier tipo de par\u00e1lisis, p\u00f3ngase en contacto con el equipo de Moriarty Injury Lawyer \/ Abogado Especialista en Lesiones ya que, a trav\u00e9s de una demanda por negligencia m\u00e9dica, podr\u00eda ser beneficiario de una indemnizaci\u00f3n.","og_url":"https:\/\/www.moriartyinjurylawyer.com\/es\/paralisis-tras-disectomia-cervical-anterior-con-fusion\/","og_site_name":"Moriarty Injury Lawyer","article_modified_time":"2021-06-18T13:44:29+00:00","twitter_card":"summary_large_image","twitter_misc":{"Tiempo de lectura":"3 minutos"},"schema":{"@context":"https:\/\/schema.org","@graph":[{"@type":"WebPage","@id":"https:\/\/www.moriartyinjurylawyer.com\/es\/paralisis-tras-disectomia-cervical-anterior-con-fusion\/","url":"https:\/\/www.moriartyinjurylawyer.com\/es\/paralisis-tras-disectomia-cervical-anterior-con-fusion\/","name":"Abogado Especialista en Par\u00e1lisis Tras Disectom\u00eda Cervical Anterior con Fusi\u00f3n (DCAF \/ ACDF)","isPartOf":{"@id":"https:\/\/www.moriartyinjurylawyer.com\/#website"},"datePublished":"2021-06-18T13:44:15+00:00","dateModified":"2021-06-18T13:44:29+00:00","description":"Si como consecuencia de haber sido sometido a una cirug\u00eda de Disectom\u00eda Cervical Anterior con Fusi\u00f3n (DCAF) o ADCF, por sus siglas en ingl\u00e9s, usted ha experimentado cualquier tipo de par\u00e1lisis, p\u00f3ngase en contacto con el equipo de Moriarty Injury Lawyer \/ Abogado Especialista en Lesiones ya que, a trav\u00e9s de una demanda por negligencia m\u00e9dica, podr\u00eda ser beneficiario de una indemnizaci\u00f3n.","breadcrumb":{"@id":"https:\/\/www.moriartyinjurylawyer.com\/es\/paralisis-tras-disectomia-cervical-anterior-con-fusion\/#breadcrumb"},"inLanguage":"es","potentialAction":[{"@type":"ReadAction","target":["https:\/\/www.moriartyinjurylawyer.com\/es\/paralisis-tras-disectomia-cervical-anterior-con-fusion\/"]}]},{"@type":"BreadcrumbList","@id":"https:\/\/www.moriartyinjurylawyer.com\/es\/paralisis-tras-disectomia-cervical-anterior-con-fusion\/#breadcrumb","itemListElement":[{"@type":"ListItem","position":1,"name":"Home","item":"https:\/\/www.moriartyinjurylawyer.com\/es\/"},{"@type":"ListItem","position":2,"name":"Especialidades","item":"https:\/\/www.moriartyinjurylawyer.com\/es\/especialidades\/"},{"@type":"ListItem","position":3,"name":"Negligencia M\u00e9dica","item":"https:\/\/www.moriartyinjurylawyer.com\/es\/demandas-por-negligencia-medica\/"},{"@type":"ListItem","position":4,"name":"Par\u00e1lisis Tras Disectom\u00eda Cervical Anterior con Fusi\u00f3n (DCAF)"}]},{"@type":"WebSite","@id":"https:\/\/www.moriartyinjurylawyer.com\/#website","url":"https:\/\/www.moriartyinjurylawyer.com\/","name":"Moriarty Injury Lawyer","description":"","potentialAction":[{"@type":"SearchAction","target":{"@type":"EntryPoint","urlTemplate":"https:\/\/www.moriartyinjurylawyer.com\/?s={search_term_string}"},"query-input":{"@type":"PropertyValueSpecification","valueRequired":true,"valueName":"search_term_string"}}],"inLanguage":"es"}]}},"_links":{"self":[{"href":"https:\/\/www.moriartyinjurylawyer.com\/es\/wp-json\/wp\/v2\/pages\/5404","targetHints":{"allow":["GET"]}}],"collection":[{"href":"https:\/\/www.moriartyinjurylawyer.com\/es\/wp-json\/wp\/v2\/pages"}],"about":[{"href":"https:\/\/www.moriartyinjurylawyer.com\/es\/wp-json\/wp\/v2\/types\/page"}],"author":[{"embeddable":true,"href":"https:\/\/www.moriartyinjurylawyer.com\/es\/wp-json\/wp\/v2\/users\/1"}],"replies":[{"embeddable":true,"href":"https:\/\/www.moriartyinjurylawyer.com\/es\/wp-json\/wp\/v2\/comments?post=5404"}],"version-history":[{"count":2,"href":"https:\/\/www.moriartyinjurylawyer.com\/es\/wp-json\/wp\/v2\/pages\/5404\/revisions"}],"predecessor-version":[{"id":5406,"href":"https:\/\/www.moriartyinjurylawyer.com\/es\/wp-json\/wp\/v2\/pages\/5404\/revisions\/5406"}],"up":[{"embeddable":true,"href":"https:\/\/www.moriartyinjurylawyer.com\/es\/wp-json\/wp\/v2\/pages\/5387"}],"wp:attachment":[{"href":"https:\/\/www.moriartyinjurylawyer.com\/es\/wp-json\/wp\/v2\/media?parent=5404"}],"curies":[{"name":"wp","href":"https:\/\/api.w.org\/{rel}","templated":true}]}}