{"id":5410,"date":"2021-06-18T13:59:11","date_gmt":"2021-06-18T13:59:11","guid":{"rendered":"https:\/\/www.moriartyinjurylawyer.com\/?page_id=5410"},"modified":"2021-06-18T13:59:11","modified_gmt":"2021-06-18T13:59:11","slug":"lesion-en-la-medula-espinal","status":"publish","type":"page","link":"https:\/\/www.moriartyinjurylawyer.com\/es\/lesion-en-la-medula-espinal\/","title":{"rendered":"Lesi\u00f3n en la M\u00e9dula Espinal"},"content":{"rendered":"<h2>Abogado Especialista en Lesiones en la M\u00e9dula Espinal<\/h2>\n<p>Cuando se produce una lesi\u00f3n medular, \u00e9sta puede afectar tanto a la v\u00edctima como a las personas de su familia por el resto de sus vidas. Si bien la mayor\u00eda de las lesiones medulares son causadas por accidentes, no siempre es as\u00ed. Es bastante dif\u00edcil vivir con la carga de una lesi\u00f3n en la m\u00e9dula espinal, teniendo la duda de si pudiera haberse evitado. Cuando el da\u00f1o en la m\u00e9dula espinal es causado por negligencia m\u00e9dica, la v\u00edctima merece tener todos los recursos legales disponibles para conseguir que se cubran los gastos que sus cuidados requieren, adem\u00e1s de perseguir que se haga justicia para evitar que cualquier otra persona sufra su misma suerte.<\/p>\n<p>Las lesiones en la m\u00e9dula espinal que ocurren como consecuencia de errores m\u00e9dicos son dif\u00edciles de reconocer. \u00c9stas pueden suceder durante una cirug\u00eda u otros tratamientos encaminados a beneficiar al paciente, pero que terminan causando un da\u00f1o permanente. Algunas de las causas m\u00e1s comunes de lesiones en la m\u00e9dula espinal por malas pr\u00e1cticas o negligencias m\u00e9dicas suelen ser:<\/p>\n<ul>\n<li>Cirug\u00edas de espalda o cuello mal realizadas<\/li>\n<li>Errores en diagn\u00f3sticos de tumor espinal<\/li>\n<li>Diagn\u00f3stico incorrecto de un problema m\u00e9dico que afecta a la m\u00e9dula espinal<\/li>\n<li>Errores en la medicaci\u00f3n<\/li>\n<li>Errores en la anestesia<\/li>\n<li>Lesiones en centros m\u00e9dicos a pacientes que derivan en da\u00f1o a la m\u00e9dula espinal<\/li>\n<\/ul>\n<p>Cuando se descubre que una mala pr\u00e1ctica m\u00e9dica, un error o una negligencia es la causa principal de una lesi\u00f3n medular, el paciente y su familia merecen ser compensados.<\/p>\n<h3>Costo de las Lesiones en la M\u00e9dula Espinal<\/h3>\n<p>Los gastos asociados a una lesi\u00f3n en la m\u00e9dula espinal pueden llegar a ser astron\u00f3micos. Si el da\u00f1o es grave, puede alcanzar $100,000 d\u00f3lares o m\u00e1s, tan solo el primer a\u00f1o, debiendo a\u00f1adir a este monto, los costos m\u00e9dicos y las terapias continuas a las que el paciente deber\u00e1 someterse por el resto de su vida. Pero adem\u00e1s de dichos gastos m\u00e9dicos, ser\u00e1 necesario considerar tambi\u00e9n el equipamiento que ayude a su movilidad, las modificaciones que se deban hacer en los espacios donde habite y la p\u00e9rdida de su trabajo, entre otros muchos factores. Una demanda por negligencia m\u00e9dica puede ayudar a cubrir todos estos enormes gastos, que es lo m\u00ednimo que se debe hacer para asegurar que la v\u00edctima reciba la atenci\u00f3n que necesita y merece.<\/p>\n<p>Si usted o uno de sus familiares han sufrido una lesi\u00f3n en la m\u00e9dula espinal como consecuencia de una negligencia m\u00e9dica, p\u00f3ngase hoy mismo en contacto con nuestro equipo en Moriarty Injury Lawyer \/ Abogado Especialista en Lesiones, donde podremos asesorarle para determinar si le conviene levantar una demanda por negligencia m\u00e9dica.<\/p>\n","protected":false},"excerpt":{"rendered":"<p>Abogado Especialista en Lesiones en la M\u00e9dula Espinal Cuando se produce una lesi\u00f3n medular, \u00e9sta puede afectar tanto a la v\u00edctima como a las personas de su familia por el resto de sus vidas. Si bien la mayor\u00eda de las lesiones medulares son causadas por accidentes, no siempre es as\u00ed. Es bastante dif\u00edcil vivir con&hellip;<\/p>\n","protected":false},"author":1,"featured_media":0,"parent":5387,"menu_order":0,"comment_status":"closed","ping_status":"closed","template":"","meta":{"_acf_changed":false,"footnotes":""},"class_list":["post-5410","page","type-page","status-publish"],"acf":[],"yoast_head":"<!-- This site is optimized with the Yoast SEO plugin v25.6 - https:\/\/yoast.com\/wordpress\/plugins\/seo\/ -->\n<title>Demanda por Lesiones en la M\u00e9dula Espinal en Atlanta, Georgia | Lesi\u00f3n de Columna por Mala Praxis<\/title>\n<meta name=\"description\" content=\"Si una lesi\u00f3n en la m\u00e9dula espinal es causada por una mala praxis o una negligencia m\u00e9dica, la v\u00edctima podr\u00eda ser beneficiaria de una considerable indemnizaci\u00f3n que le compense, en la medida de lo posible, por el da\u00f1o sufrido. P\u00f3ngase en contacto con Moriarty Injury Lawyer \/ Abogado Especialista en Lesiones, donde le asesoraremos durante una consulta gratuita sobre lesiones medulares por negligencia m\u00e9dica.\" \/>\n<meta name=\"robots\" content=\"index, follow, max-snippet:-1, max-image-preview:large, max-video-preview:-1\" \/>\n<link rel=\"canonical\" href=\"https:\/\/www.moriartyinjurylawyer.com\/es\/lesion-en-la-medula-espinal\/\" \/>\n<meta property=\"og:locale\" content=\"es_ES\" \/>\n<meta property=\"og:type\" content=\"article\" \/>\n<meta property=\"og:title\" content=\"Demanda por Lesiones en la M\u00e9dula Espinal en Atlanta, Georgia | Lesi\u00f3n de Columna por Mala Praxis\" \/>\n<meta property=\"og:description\" content=\"Si una lesi\u00f3n en la m\u00e9dula espinal es causada por una mala praxis o una negligencia m\u00e9dica, la v\u00edctima podr\u00eda ser beneficiaria de una considerable indemnizaci\u00f3n que le compense, en la medida de lo posible, por el da\u00f1o sufrido. P\u00f3ngase en contacto con Moriarty Injury Lawyer \/ Abogado Especialista en Lesiones, donde le asesoraremos durante una consulta gratuita sobre lesiones medulares por negligencia m\u00e9dica.\" \/>\n<meta property=\"og:url\" content=\"https:\/\/www.moriartyinjurylawyer.com\/es\/lesion-en-la-medula-espinal\/\" \/>\n<meta property=\"og:site_name\" content=\"Moriarty Injury Lawyer\" \/>\n<meta name=\"twitter:card\" content=\"summary_large_image\" \/>\n<meta name=\"twitter:label1\" content=\"Tiempo de lectura\" \/>\n\t<meta name=\"twitter:data1\" content=\"2 minutos\" \/>\n<!-- \/ Yoast SEO plugin. -->","yoast_head_json":{"title":"Demanda por Lesiones en la M\u00e9dula Espinal en Atlanta, Georgia | Lesi\u00f3n de Columna por Mala Praxis","description":"Si una lesi\u00f3n en la m\u00e9dula espinal es causada por una mala praxis o una negligencia m\u00e9dica, la v\u00edctima podr\u00eda ser beneficiaria de una considerable indemnizaci\u00f3n que le compense, en la medida de lo posible, por el da\u00f1o sufrido. P\u00f3ngase en contacto con Moriarty Injury Lawyer \/ Abogado Especialista en Lesiones, donde le asesoraremos durante una consulta gratuita sobre lesiones medulares por negligencia m\u00e9dica.","robots":{"index":"index","follow":"follow","max-snippet":"max-snippet:-1","max-image-preview":"max-image-preview:large","max-video-preview":"max-video-preview:-1"},"canonical":"https:\/\/www.moriartyinjurylawyer.com\/es\/lesion-en-la-medula-espinal\/","og_locale":"es_ES","og_type":"article","og_title":"Demanda por Lesiones en la M\u00e9dula Espinal en Atlanta, Georgia | Lesi\u00f3n de Columna por Mala Praxis","og_description":"Si una lesi\u00f3n en la m\u00e9dula espinal es causada por una mala praxis o una negligencia m\u00e9dica, la v\u00edctima podr\u00eda ser beneficiaria de una considerable indemnizaci\u00f3n que le compense, en la medida de lo posible, por el da\u00f1o sufrido. P\u00f3ngase en contacto con Moriarty Injury Lawyer \/ Abogado Especialista en Lesiones, donde le asesoraremos durante una consulta gratuita sobre lesiones medulares por negligencia m\u00e9dica.","og_url":"https:\/\/www.moriartyinjurylawyer.com\/es\/lesion-en-la-medula-espinal\/","og_site_name":"Moriarty Injury Lawyer","twitter_card":"summary_large_image","twitter_misc":{"Tiempo de lectura":"2 minutos"},"schema":{"@context":"https:\/\/schema.org","@graph":[{"@type":"WebPage","@id":"https:\/\/www.moriartyinjurylawyer.com\/es\/lesion-en-la-medula-espinal\/","url":"https:\/\/www.moriartyinjurylawyer.com\/es\/lesion-en-la-medula-espinal\/","name":"Demanda por Lesiones en la M\u00e9dula Espinal en Atlanta, Georgia | Lesi\u00f3n de Columna por Mala Praxis","isPartOf":{"@id":"https:\/\/www.moriartyinjurylawyer.com\/#website"},"datePublished":"2021-06-18T13:59:11+00:00","description":"Si una lesi\u00f3n en la m\u00e9dula espinal es causada por una mala praxis o una negligencia m\u00e9dica, la v\u00edctima podr\u00eda ser beneficiaria de una considerable indemnizaci\u00f3n que le compense, en la medida de lo posible, por el da\u00f1o sufrido. P\u00f3ngase en contacto con Moriarty Injury Lawyer \/ Abogado Especialista en Lesiones, donde le asesoraremos durante una consulta gratuita sobre lesiones medulares por negligencia m\u00e9dica.","breadcrumb":{"@id":"https:\/\/www.moriartyinjurylawyer.com\/es\/lesion-en-la-medula-espinal\/#breadcrumb"},"inLanguage":"es","potentialAction":[{"@type":"ReadAction","target":["https:\/\/www.moriartyinjurylawyer.com\/es\/lesion-en-la-medula-espinal\/"]}]},{"@type":"BreadcrumbList","@id":"https:\/\/www.moriartyinjurylawyer.com\/es\/lesion-en-la-medula-espinal\/#breadcrumb","itemListElement":[{"@type":"ListItem","position":1,"name":"Home","item":"https:\/\/www.moriartyinjurylawyer.com\/es\/"},{"@type":"ListItem","position":2,"name":"Especialidades","item":"https:\/\/www.moriartyinjurylawyer.com\/es\/especialidades\/"},{"@type":"ListItem","position":3,"name":"Negligencia M\u00e9dica","item":"https:\/\/www.moriartyinjurylawyer.com\/es\/demandas-por-negligencia-medica\/"},{"@type":"ListItem","position":4,"name":"Lesi\u00f3n en la M\u00e9dula Espinal"}]},{"@type":"WebSite","@id":"https:\/\/www.moriartyinjurylawyer.com\/#website","url":"https:\/\/www.moriartyinjurylawyer.com\/","name":"Moriarty Injury Lawyer","description":"","potentialAction":[{"@type":"SearchAction","target":{"@type":"EntryPoint","urlTemplate":"https:\/\/www.moriartyinjurylawyer.com\/?s={search_term_string}"},"query-input":{"@type":"PropertyValueSpecification","valueRequired":true,"valueName":"search_term_string"}}],"inLanguage":"es"}]}},"_links":{"self":[{"href":"https:\/\/www.moriartyinjurylawyer.com\/es\/wp-json\/wp\/v2\/pages\/5410","targetHints":{"allow":["GET"]}}],"collection":[{"href":"https:\/\/www.moriartyinjurylawyer.com\/es\/wp-json\/wp\/v2\/pages"}],"about":[{"href":"https:\/\/www.moriartyinjurylawyer.com\/es\/wp-json\/wp\/v2\/types\/page"}],"author":[{"embeddable":true,"href":"https:\/\/www.moriartyinjurylawyer.com\/es\/wp-json\/wp\/v2\/users\/1"}],"replies":[{"embeddable":true,"href":"https:\/\/www.moriartyinjurylawyer.com\/es\/wp-json\/wp\/v2\/comments?post=5410"}],"version-history":[{"count":2,"href":"https:\/\/www.moriartyinjurylawyer.com\/es\/wp-json\/wp\/v2\/pages\/5410\/revisions"}],"predecessor-version":[{"id":5412,"href":"https:\/\/www.moriartyinjurylawyer.com\/es\/wp-json\/wp\/v2\/pages\/5410\/revisions\/5412"}],"up":[{"embeddable":true,"href":"https:\/\/www.moriartyinjurylawyer.com\/es\/wp-json\/wp\/v2\/pages\/5387"}],"wp:attachment":[{"href":"https:\/\/www.moriartyinjurylawyer.com\/es\/wp-json\/wp\/v2\/media?parent=5410"}],"curies":[{"name":"wp","href":"https:\/\/api.w.org\/{rel}","templated":true}]}}