{"id":5416,"date":"2021-06-18T14:14:45","date_gmt":"2021-06-18T14:14:45","guid":{"rendered":"https:\/\/www.moriartyinjurylawyer.com\/?page_id=5416"},"modified":"2021-06-18T14:14:45","modified_gmt":"2021-06-18T14:14:45","slug":"hipoxia","status":"publish","type":"page","link":"https:\/\/www.moriartyinjurylawyer.com\/es\/hipoxia-por-error-en-anestesia\/","title":{"rendered":"Hipoxia"},"content":{"rendered":"<h2>Abogado Especialista en Hipoxia Provocada por Error en la Anestesia<\/h2>\n<p>El cerebro requiere ox\u00edgeno en todo momento para sobrevivir. La falta de \u00e9ste por tan s\u00f3lo unos minutos puede provocar que las c\u00e9lulas cerebrales mueran y se produzcan lesiones, en ocasiones, irreversibles. La privaci\u00f3n significativa de ox\u00edgeno al cerebro se llama hipoxia y \u00e9sta puede causar lesiones cerebrales graves y hasta la muerte. La hipoxia puede producirse cuando existen errores durante la anestesia que provocan la falta de ox\u00edgeno en el paciente.<\/p>\n<p>El anestesi\u00f3logo y su equipo necesitan monitorear al paciente en todo momento, mientras est\u00e9 bajo los efectos de la anestesia, comprobando los niveles respiratorios, card\u00edacos y de oxigenaci\u00f3n. Si la anestesia es general, un paciente podr\u00eda necesitar un respirador artificial y el ox\u00edgeno suficiente que asegurasen que est\u00e1 recibiendo la oxigenaci\u00f3n requerida en todo momento. Si esto no se controla correctamente o si se produjera una intubaci\u00f3n inadecuada, el cerebro del paciente podr\u00eda quedar privado de ox\u00edgeno, lo que conducir\u00eda a la hipoxia.<\/p>\n<h3>Da\u00f1o Cerebral por Hipoxia<\/h3>\n<p>Si un error durante la anestesia provoca una hipoxia, el paciente podr\u00eda sufrir lesiones cerebrales graves, ya que despu\u00e9s de aproximadamente cinco minutos sin ox\u00edgeno, las c\u00e9lulas cerebrales pueden comenzar a morir. Algunos ejemplos de las lesiones a largo plazo que pueden afectar a los pacientes que sufren hipoxia, son los siguientes:<\/p>\n<ul>\n<li>Espasticidad<\/li>\n<li>Problemas de coordinaci\u00f3n y equilibrio<\/li>\n<li>P\u00e9rdida de memoria<\/li>\n<li>Deficiencias en el habla<\/li>\n<li>Deficiencias visuales<\/li>\n<li>Deterioro cognitivo<\/li>\n<li>Muerte<\/li>\n<\/ul>\n<p>Es frustrante que ocurra una hipoxia durante la anestesia ya que \u00e9sta es generalmente evitable. Los errores en la valoraci\u00f3n y las deficiencias en el monitoreo del paciente pueden favorecer que el cerebro quede privado del ox\u00edgeno que necesita, lo que provocar\u00eda un da\u00f1o cerebral temporal o permanente. Incluso si el paciente recuperara las funciones perdidas debido a la hipoxia, podr\u00eda tomarle meses e incluso a\u00f1os de rehabilitaci\u00f3n. Esto se traduce a menudo en importantes gastos m\u00e9dicos, reducci\u00f3n en los ingresos por incapacidad laboral y p\u00e9rdida de calidad de vida.<\/p>\n<p>Si su familia o usted se han visto afectados por una hipoxia provocada por un error durante una anestesia, p\u00f3ngase en contacto hoy mismo con nosotros en Moriarty Injury Lawyer \/ Abogado Especialista en Lesiones, donde estaremos encantados de analizar su caso y asesorarle para determinar si deber\u00eda solicitar una compensaci\u00f3n.<\/p>\n","protected":false},"excerpt":{"rendered":"<p>Abogado Especialista en Hipoxia Provocada por Error en la Anestesia El cerebro requiere ox\u00edgeno en todo momento para sobrevivir. La falta de \u00e9ste por tan s\u00f3lo unos minutos puede provocar que las c\u00e9lulas cerebrales mueran y se produzcan lesiones, en ocasiones, irreversibles. La privaci\u00f3n significativa de ox\u00edgeno al cerebro se llama hipoxia y \u00e9sta puede&hellip;<\/p>\n","protected":false},"author":1,"featured_media":0,"parent":5413,"menu_order":0,"comment_status":"closed","ping_status":"closed","template":"","meta":{"_acf_changed":false,"footnotes":""},"class_list":["post-5416","page","type-page","status-publish"],"acf":[],"yoast_head":"<!-- This site is optimized with the Yoast SEO plugin v25.6 - https:\/\/yoast.com\/wordpress\/plugins\/seo\/ -->\n<title>Demanda por Hipoxia en Atlanta, Georgia | Abogado Especialista en Da\u00f1o Cerebral por Errores durante la Anestesia<\/title>\n<meta name=\"description\" content=\"\u00bfUsted o alg\u00fan ser querido han sufrido lesiones cerebrales o hipoxia como consecuencia de un error en la anestesia durante una cirug\u00eda? P\u00f3ngase en contacto con Moriarty Injury Lawyer \/ Abogado Especialista en Lesiones, ya que usted podr\u00eda solicitar una indemnizaci\u00f3n mediante una demanda por negligencia m\u00e9dica y obtener as\u00ed la compensaci\u00f3n que merece.\" \/>\n<meta name=\"robots\" content=\"index, follow, max-snippet:-1, max-image-preview:large, max-video-preview:-1\" \/>\n<link rel=\"canonical\" href=\"https:\/\/www.moriartyinjurylawyer.com\/es\/hipoxia-por-error-en-anestesia\/\" \/>\n<meta property=\"og:locale\" content=\"es_ES\" \/>\n<meta property=\"og:type\" content=\"article\" \/>\n<meta property=\"og:title\" content=\"Demanda por Hipoxia en Atlanta, Georgia | Abogado Especialista en Da\u00f1o Cerebral por Errores durante la Anestesia\" \/>\n<meta property=\"og:description\" content=\"\u00bfUsted o alg\u00fan ser querido han sufrido lesiones cerebrales o hipoxia como consecuencia de un error en la anestesia durante una cirug\u00eda? P\u00f3ngase en contacto con Moriarty Injury Lawyer \/ Abogado Especialista en Lesiones, ya que usted podr\u00eda solicitar una indemnizaci\u00f3n mediante una demanda por negligencia m\u00e9dica y obtener as\u00ed la compensaci\u00f3n que merece.\" \/>\n<meta property=\"og:url\" content=\"https:\/\/www.moriartyinjurylawyer.com\/es\/hipoxia-por-error-en-anestesia\/\" \/>\n<meta property=\"og:site_name\" content=\"Moriarty Injury Lawyer\" \/>\n<meta name=\"twitter:card\" content=\"summary_large_image\" \/>\n<meta name=\"twitter:label1\" content=\"Tiempo de lectura\" \/>\n\t<meta name=\"twitter:data1\" content=\"2 minutos\" \/>\n<!-- \/ Yoast SEO plugin. -->","yoast_head_json":{"title":"Demanda por Hipoxia en Atlanta, Georgia | Abogado Especialista en Da\u00f1o Cerebral por Errores durante la Anestesia","description":"\u00bfUsted o alg\u00fan ser querido han sufrido lesiones cerebrales o hipoxia como consecuencia de un error en la anestesia durante una cirug\u00eda? P\u00f3ngase en contacto con Moriarty Injury Lawyer \/ Abogado Especialista en Lesiones, ya que usted podr\u00eda solicitar una indemnizaci\u00f3n mediante una demanda por negligencia m\u00e9dica y obtener as\u00ed la compensaci\u00f3n que merece.","robots":{"index":"index","follow":"follow","max-snippet":"max-snippet:-1","max-image-preview":"max-image-preview:large","max-video-preview":"max-video-preview:-1"},"canonical":"https:\/\/www.moriartyinjurylawyer.com\/es\/hipoxia-por-error-en-anestesia\/","og_locale":"es_ES","og_type":"article","og_title":"Demanda por Hipoxia en Atlanta, Georgia | Abogado Especialista en Da\u00f1o Cerebral por Errores durante la Anestesia","og_description":"\u00bfUsted o alg\u00fan ser querido han sufrido lesiones cerebrales o hipoxia como consecuencia de un error en la anestesia durante una cirug\u00eda? P\u00f3ngase en contacto con Moriarty Injury Lawyer \/ Abogado Especialista en Lesiones, ya que usted podr\u00eda solicitar una indemnizaci\u00f3n mediante una demanda por negligencia m\u00e9dica y obtener as\u00ed la compensaci\u00f3n que merece.","og_url":"https:\/\/www.moriartyinjurylawyer.com\/es\/hipoxia-por-error-en-anestesia\/","og_site_name":"Moriarty Injury Lawyer","twitter_card":"summary_large_image","twitter_misc":{"Tiempo de lectura":"2 minutos"},"schema":{"@context":"https:\/\/schema.org","@graph":[{"@type":"WebPage","@id":"https:\/\/www.moriartyinjurylawyer.com\/es\/hipoxia-por-error-en-anestesia\/","url":"https:\/\/www.moriartyinjurylawyer.com\/es\/hipoxia-por-error-en-anestesia\/","name":"Demanda por Hipoxia en Atlanta, Georgia | Abogado Especialista en Da\u00f1o Cerebral por Errores durante la Anestesia","isPartOf":{"@id":"https:\/\/www.moriartyinjurylawyer.com\/#website"},"datePublished":"2021-06-18T14:14:45+00:00","description":"\u00bfUsted o alg\u00fan ser querido han sufrido lesiones cerebrales o hipoxia como consecuencia de un error en la anestesia durante una cirug\u00eda? P\u00f3ngase en contacto con Moriarty Injury Lawyer \/ Abogado Especialista en Lesiones, ya que usted podr\u00eda solicitar una indemnizaci\u00f3n mediante una demanda por negligencia m\u00e9dica y obtener as\u00ed la compensaci\u00f3n que merece.","breadcrumb":{"@id":"https:\/\/www.moriartyinjurylawyer.com\/es\/hipoxia-por-error-en-anestesia\/#breadcrumb"},"inLanguage":"es","potentialAction":[{"@type":"ReadAction","target":["https:\/\/www.moriartyinjurylawyer.com\/es\/hipoxia-por-error-en-anestesia\/"]}]},{"@type":"BreadcrumbList","@id":"https:\/\/www.moriartyinjurylawyer.com\/es\/hipoxia-por-error-en-anestesia\/#breadcrumb","itemListElement":[{"@type":"ListItem","position":1,"name":"Home","item":"https:\/\/www.moriartyinjurylawyer.com\/es\/"},{"@type":"ListItem","position":2,"name":"Especialidades","item":"https:\/\/www.moriartyinjurylawyer.com\/es\/especialidades\/"},{"@type":"ListItem","position":3,"name":"Negligencia M\u00e9dica \u2013 Errores en la Anestesia","item":"https:\/\/www.moriartyinjurylawyer.com\/es\/errores-en-la-anestesia\/"},{"@type":"ListItem","position":4,"name":"Hipoxia"}]},{"@type":"WebSite","@id":"https:\/\/www.moriartyinjurylawyer.com\/#website","url":"https:\/\/www.moriartyinjurylawyer.com\/","name":"Moriarty Injury Lawyer","description":"","potentialAction":[{"@type":"SearchAction","target":{"@type":"EntryPoint","urlTemplate":"https:\/\/www.moriartyinjurylawyer.com\/?s={search_term_string}"},"query-input":{"@type":"PropertyValueSpecification","valueRequired":true,"valueName":"search_term_string"}}],"inLanguage":"es"}]}},"_links":{"self":[{"href":"https:\/\/www.moriartyinjurylawyer.com\/es\/wp-json\/wp\/v2\/pages\/5416","targetHints":{"allow":["GET"]}}],"collection":[{"href":"https:\/\/www.moriartyinjurylawyer.com\/es\/wp-json\/wp\/v2\/pages"}],"about":[{"href":"https:\/\/www.moriartyinjurylawyer.com\/es\/wp-json\/wp\/v2\/types\/page"}],"author":[{"embeddable":true,"href":"https:\/\/www.moriartyinjurylawyer.com\/es\/wp-json\/wp\/v2\/users\/1"}],"replies":[{"embeddable":true,"href":"https:\/\/www.moriartyinjurylawyer.com\/es\/wp-json\/wp\/v2\/comments?post=5416"}],"version-history":[{"count":2,"href":"https:\/\/www.moriartyinjurylawyer.com\/es\/wp-json\/wp\/v2\/pages\/5416\/revisions"}],"predecessor-version":[{"id":5418,"href":"https:\/\/www.moriartyinjurylawyer.com\/es\/wp-json\/wp\/v2\/pages\/5416\/revisions\/5418"}],"up":[{"embeddable":true,"href":"https:\/\/www.moriartyinjurylawyer.com\/es\/wp-json\/wp\/v2\/pages\/5413"}],"wp:attachment":[{"href":"https:\/\/www.moriartyinjurylawyer.com\/es\/wp-json\/wp\/v2\/media?parent=5416"}],"curies":[{"name":"wp","href":"https:\/\/api.w.org\/{rel}","templated":true}]}}