{"id":5419,"date":"2021-06-18T14:21:33","date_gmt":"2021-06-18T14:21:33","guid":{"rendered":"https:\/\/www.moriartyinjurylawyer.com\/?page_id=5419"},"modified":"2021-06-18T14:21:33","modified_gmt":"2021-06-18T14:21:33","slug":"paralisis","status":"publish","type":"page","link":"https:\/\/www.moriartyinjurylawyer.com\/es\/paralisis-por-error-en-anestesia\/","title":{"rendered":"Par\u00e1lisis"},"content":{"rendered":"<h2>Abogado Especialista en Par\u00e1lisis Provocada por Error en la Anestesia<\/h2>\n<p>Existen muchos tipos de anestesias: la local, que adormece un \u00e1rea peque\u00f1a; la regional, para \u00e1reas m\u00e1s grandes; y la general, que afecta a todo el cuerpo. Cada tipo de anestesia puede llevar impl\u00edcitos riesgos y complicaciones diferentes, pero, adicionalmente, tambi\u00e9n existe el peligro de errores en la administraci\u00f3n de estos medicamentos. La par\u00e1lisis, tanto temporal como permanente, provocada por un error durante la anestesia, podr\u00eda afectar la vida y el sustento del que la sufre.<\/p>\n<p>La par\u00e1lisis puede ser causada por una obstrucci\u00f3n en los nervios que unen el cerebro con los m\u00fasculos afectados o, directamente, por una lesi\u00f3n cerebral. Ambas opciones pueden ocurrir por errores en la administraci\u00f3n de la anestesia. El primero es m\u00e1s com\u00fan y suele suceder durante procedimientos con anestesia local y regional. Mientras que cuando hay da\u00f1o cerebral, casi siempre se est\u00e1 bajo los efectos de una anestesia general, momento en que el paciente est\u00e1 inconsciente y confiado en que el anestesi\u00f3logo y el equipo m\u00e9dico cuidan que la dosis que est\u00e1 recibiendo es correcta, y la oxigenaci\u00f3n es suficiente. La hipoxia o privaci\u00f3n de ox\u00edgeno, puede causar da\u00f1o cerebral, lo que podr\u00eda afectar la funci\u00f3n motriz.<\/p>\n<h3>Par\u00e1lisis por Da\u00f1o Nervioso a Consecuencia de la Anestesia<\/h3>\n<p>La anestesia local es utilizada principalmente por los dentistas para adormecer un diente, tambi\u00e9n cuando un sanitario necesita restar sensibilidad en un \u00e1rea peque\u00f1a para aplicar puntos de sutura en una herida, y por cirujanos pl\u00e1sticos, en muchos procedimientos est\u00e9ticos. Es administrada mediante peque\u00f1as agujas hipod\u00e9rmicas, siendo entonces cuando pudiera producirse una lesi\u00f3n nerviosa y par\u00e1lisis. Un error en la colocaci\u00f3n de la aguja podr\u00eda da\u00f1ar permanentemente un nervio y paralizar el m\u00fasculo afectado.<\/p>\n<p>La anestesia regional generalmente se administra en la columna vertebral. Un bloqueo epidural durante el parto constituye la anestesia de este tipo m\u00e1s com\u00fan, eliminando el dolor, aunque no la consciencia, desde el torso medio hasta las extremidades inferiores. Dado que esta inyecci\u00f3n se administra junto a la m\u00e9dula espinal, un error en su colocaci\u00f3n pudiera da\u00f1ar los nervios, lo que provocar\u00eda probablemente una par\u00e1lisis temporal o permanente, dependiendo de qu\u00e9 tan afectado haya resultado el nervio.<\/p>\n<p>Si usted ha sufrido una par\u00e1lisis despu\u00e9s de someterse a una anestesia local, regional o general, podr\u00eda haber sido v\u00edctima de un error en la administraci\u00f3n de la anestesia. P\u00f3ngase en contacto con nuestro equipo en Moriarty Injury Lawyer \/ Abogado Especialista en Lesiones, donde analizaremos su caso. Nuestros expertos m\u00e9dicos y legales podr\u00e1n ayudarle a recibir una compensaci\u00f3n por las lesiones sufridas como consecuencia de una negligencia m\u00e9dica.<\/p>\n","protected":false},"excerpt":{"rendered":"<p>Abogado Especialista en Par\u00e1lisis Provocada por Error en la Anestesia Existen muchos tipos de anestesias: la local, que adormece un \u00e1rea peque\u00f1a; la regional, para \u00e1reas m\u00e1s grandes; y la general, que afecta a todo el cuerpo. Cada tipo de anestesia puede llevar impl\u00edcitos riesgos y complicaciones diferentes, pero, adicionalmente, tambi\u00e9n existe el peligro de&hellip;<\/p>\n","protected":false},"author":1,"featured_media":0,"parent":5413,"menu_order":0,"comment_status":"closed","ping_status":"closed","template":"","meta":{"_acf_changed":false,"footnotes":""},"class_list":["post-5419","page","type-page","status-publish"],"acf":[],"yoast_head":"<!-- This site is optimized with the Yoast SEO plugin v25.6 - https:\/\/yoast.com\/wordpress\/plugins\/seo\/ -->\n<title>Abogado Especialista en Demandas por Par\u00e1lisis Provocadas por Error en la Anestesia en Atlanta, Georgia<\/title>\n<meta name=\"description\" content=\"Cuando se cometen errores durante la administraci\u00f3n de una anestesia, existe el riesgo de que se produzca una par\u00e1lisis temporal o permanente. Si sufre de par\u00e1lisis causada por una anestesia, p\u00f3ngase en contacto con el equipo de Moriarty Injury Lawyer \/ Abogado Especialista en Lesiones, ya que usted podr\u00eda tener razones suficientes para iniciar una demanda por negligencia m\u00e9dica.\" \/>\n<meta name=\"robots\" content=\"index, follow, max-snippet:-1, max-image-preview:large, max-video-preview:-1\" \/>\n<link rel=\"canonical\" href=\"https:\/\/www.moriartyinjurylawyer.com\/es\/paralisis-por-error-en-anestesia\/\" \/>\n<meta property=\"og:locale\" content=\"es_ES\" \/>\n<meta property=\"og:type\" content=\"article\" \/>\n<meta property=\"og:title\" content=\"Abogado Especialista en Demandas por Par\u00e1lisis Provocadas por Error en la Anestesia en Atlanta, Georgia\" \/>\n<meta property=\"og:description\" content=\"Cuando se cometen errores durante la administraci\u00f3n de una anestesia, existe el riesgo de que se produzca una par\u00e1lisis temporal o permanente. Si sufre de par\u00e1lisis causada por una anestesia, p\u00f3ngase en contacto con el equipo de Moriarty Injury Lawyer \/ Abogado Especialista en Lesiones, ya que usted podr\u00eda tener razones suficientes para iniciar una demanda por negligencia m\u00e9dica.\" \/>\n<meta property=\"og:url\" content=\"https:\/\/www.moriartyinjurylawyer.com\/es\/paralisis-por-error-en-anestesia\/\" \/>\n<meta property=\"og:site_name\" content=\"Moriarty Injury Lawyer\" \/>\n<meta name=\"twitter:card\" content=\"summary_large_image\" \/>\n<meta name=\"twitter:label1\" content=\"Tiempo de lectura\" \/>\n\t<meta name=\"twitter:data1\" content=\"2 minutos\" \/>\n<!-- \/ Yoast SEO plugin. -->","yoast_head_json":{"title":"Abogado Especialista en Demandas por Par\u00e1lisis Provocadas por Error en la Anestesia en Atlanta, Georgia","description":"Cuando se cometen errores durante la administraci\u00f3n de una anestesia, existe el riesgo de que se produzca una par\u00e1lisis temporal o permanente. Si sufre de par\u00e1lisis causada por una anestesia, p\u00f3ngase en contacto con el equipo de Moriarty Injury Lawyer \/ Abogado Especialista en Lesiones, ya que usted podr\u00eda tener razones suficientes para iniciar una demanda por negligencia m\u00e9dica.","robots":{"index":"index","follow":"follow","max-snippet":"max-snippet:-1","max-image-preview":"max-image-preview:large","max-video-preview":"max-video-preview:-1"},"canonical":"https:\/\/www.moriartyinjurylawyer.com\/es\/paralisis-por-error-en-anestesia\/","og_locale":"es_ES","og_type":"article","og_title":"Abogado Especialista en Demandas por Par\u00e1lisis Provocadas por Error en la Anestesia en Atlanta, Georgia","og_description":"Cuando se cometen errores durante la administraci\u00f3n de una anestesia, existe el riesgo de que se produzca una par\u00e1lisis temporal o permanente. Si sufre de par\u00e1lisis causada por una anestesia, p\u00f3ngase en contacto con el equipo de Moriarty Injury Lawyer \/ Abogado Especialista en Lesiones, ya que usted podr\u00eda tener razones suficientes para iniciar una demanda por negligencia m\u00e9dica.","og_url":"https:\/\/www.moriartyinjurylawyer.com\/es\/paralisis-por-error-en-anestesia\/","og_site_name":"Moriarty Injury Lawyer","twitter_card":"summary_large_image","twitter_misc":{"Tiempo de lectura":"2 minutos"},"schema":{"@context":"https:\/\/schema.org","@graph":[{"@type":"WebPage","@id":"https:\/\/www.moriartyinjurylawyer.com\/es\/paralisis-por-error-en-anestesia\/","url":"https:\/\/www.moriartyinjurylawyer.com\/es\/paralisis-por-error-en-anestesia\/","name":"Abogado Especialista en Demandas por Par\u00e1lisis Provocadas por Error en la Anestesia en Atlanta, Georgia","isPartOf":{"@id":"https:\/\/www.moriartyinjurylawyer.com\/#website"},"datePublished":"2021-06-18T14:21:33+00:00","description":"Cuando se cometen errores durante la administraci\u00f3n de una anestesia, existe el riesgo de que se produzca una par\u00e1lisis temporal o permanente. Si sufre de par\u00e1lisis causada por una anestesia, p\u00f3ngase en contacto con el equipo de Moriarty Injury Lawyer \/ Abogado Especialista en Lesiones, ya que usted podr\u00eda tener razones suficientes para iniciar una demanda por negligencia m\u00e9dica.","breadcrumb":{"@id":"https:\/\/www.moriartyinjurylawyer.com\/es\/paralisis-por-error-en-anestesia\/#breadcrumb"},"inLanguage":"es","potentialAction":[{"@type":"ReadAction","target":["https:\/\/www.moriartyinjurylawyer.com\/es\/paralisis-por-error-en-anestesia\/"]}]},{"@type":"BreadcrumbList","@id":"https:\/\/www.moriartyinjurylawyer.com\/es\/paralisis-por-error-en-anestesia\/#breadcrumb","itemListElement":[{"@type":"ListItem","position":1,"name":"Home","item":"https:\/\/www.moriartyinjurylawyer.com\/es\/"},{"@type":"ListItem","position":2,"name":"Especialidades","item":"https:\/\/www.moriartyinjurylawyer.com\/es\/especialidades\/"},{"@type":"ListItem","position":3,"name":"Negligencia M\u00e9dica \u2013 Errores en la Anestesia","item":"https:\/\/www.moriartyinjurylawyer.com\/es\/errores-en-la-anestesia\/"},{"@type":"ListItem","position":4,"name":"Par\u00e1lisis"}]},{"@type":"WebSite","@id":"https:\/\/www.moriartyinjurylawyer.com\/#website","url":"https:\/\/www.moriartyinjurylawyer.com\/","name":"Moriarty Injury Lawyer","description":"","potentialAction":[{"@type":"SearchAction","target":{"@type":"EntryPoint","urlTemplate":"https:\/\/www.moriartyinjurylawyer.com\/?s={search_term_string}"},"query-input":{"@type":"PropertyValueSpecification","valueRequired":true,"valueName":"search_term_string"}}],"inLanguage":"es"}]}},"_links":{"self":[{"href":"https:\/\/www.moriartyinjurylawyer.com\/es\/wp-json\/wp\/v2\/pages\/5419","targetHints":{"allow":["GET"]}}],"collection":[{"href":"https:\/\/www.moriartyinjurylawyer.com\/es\/wp-json\/wp\/v2\/pages"}],"about":[{"href":"https:\/\/www.moriartyinjurylawyer.com\/es\/wp-json\/wp\/v2\/types\/page"}],"author":[{"embeddable":true,"href":"https:\/\/www.moriartyinjurylawyer.com\/es\/wp-json\/wp\/v2\/users\/1"}],"replies":[{"embeddable":true,"href":"https:\/\/www.moriartyinjurylawyer.com\/es\/wp-json\/wp\/v2\/comments?post=5419"}],"version-history":[{"count":2,"href":"https:\/\/www.moriartyinjurylawyer.com\/es\/wp-json\/wp\/v2\/pages\/5419\/revisions"}],"predecessor-version":[{"id":5421,"href":"https:\/\/www.moriartyinjurylawyer.com\/es\/wp-json\/wp\/v2\/pages\/5419\/revisions\/5421"}],"up":[{"embeddable":true,"href":"https:\/\/www.moriartyinjurylawyer.com\/es\/wp-json\/wp\/v2\/pages\/5413"}],"wp:attachment":[{"href":"https:\/\/www.moriartyinjurylawyer.com\/es\/wp-json\/wp\/v2\/media?parent=5419"}],"curies":[{"name":"wp","href":"https:\/\/api.w.org\/{rel}","templated":true}]}}