{"id":5423,"date":"2021-06-18T14:28:32","date_gmt":"2021-06-18T14:28:32","guid":{"rendered":"https:\/\/www.moriartyinjurylawyer.com\/?page_id=5423"},"modified":"2021-06-18T14:28:32","modified_gmt":"2021-06-18T14:28:32","slug":"negligencia-medica-lesion-durante-el-parto","status":"publish","type":"page","link":"https:\/\/www.moriartyinjurylawyer.com\/es\/lesion-por-negligencia-durante-el-parto\/","title":{"rendered":"Negligencia M\u00e9dica \u2013 Lesi\u00f3n Durante el Parto"},"content":{"rendered":"<h2>Negligencia M\u00e9dica \u2013 Abogado Especialista en Lesiones Durante el Parto<\/h2>\n<p>Dar a luz a un hijo es uno de los momentos m\u00e1s emocionantes en la vida, sobre todo cuando, despu\u00e9s de meses de embarazo, finalmente se le tiene entre los brazos. Desafortunadamente, el momento del parto conlleva riesgos, tanto para la madre como para el beb\u00e9, por lo que es deber del equipo m\u00e9dico minimizar las posibilidades de que se produzcan lesiones. Pero cuando se cometen errores, las consecuencias podr\u00edan padecerse de por vida. Cuando un beb\u00e9 sufre alg\u00fan da\u00f1o durante el parto debido a una mala pr\u00e1ctica o atenci\u00f3n deficiente por parte del equipo m\u00e9dico, podr\u00edamos estar frente a un caso de negligencia m\u00e9dica.<\/p>\n<p>Durante el trabajo de parto y el nacimiento, el equipo m\u00e9dico debe estar consciente, en todo momento, del estado de salud tanto del beb\u00e9 como de la madre, con el objeto de evitar posibles lesiones. Si en esos momentos los procedimientos se realizan de manera incorrecta o el beb\u00e9 no es monitoreado adecuadamente en busca de s\u00edntomas de posible sufrimiento fetal o falta de ox\u00edgeno, pudiera provoc\u00e1rsele un da\u00f1o que se traducir\u00eda en lesiones f\u00edsicas o incluso da\u00f1o cerebral grave. Por ello, es deber del equipo m\u00e9dico utilizar todas las herramientas y conocimientos que tiene a su disposici\u00f3n para garantizar la mejor atenci\u00f3n para la madre y el beb\u00e9, evitando as\u00ed las lesiones.<\/p>\n<h3>Tipos de Lesiones evitables Durante el Parto<\/h3>\n<p>Cuando un feto sano sufre lesiones durante el parto, su vida entera puede cambiar para siempre. Podr\u00eda enfrentar una discapacidad, tanto cognitiva como f\u00edsica, que requiriese de una amplia y prolongada atenci\u00f3n m\u00e9dica. Algunas de las lesiones m\u00e1s comunes que se producen durante el parto debido a negligencias m\u00e9dicas y que pueden ser prevenidas, son las siguientes:<\/p>\n<ul>\n<li>Asfixia del nacimiento<\/li>\n<li>Par\u00e1lisis del plexo braquial<\/li>\n<li>Bradicardia<\/li>\n<li>Par\u00e1lisis cerebral<\/li>\n<li>Fractura de clav\u00edcula<\/li>\n<li>Prolapso de cord\u00f3n umbilical<\/li>\n<li>Retraso en la realizaci\u00f3n de una ces\u00e1rea<\/li>\n<li>Par\u00e1lisis de Erb<\/li>\n<li>Par\u00e1lisis facial<\/li>\n<li>Sufrimiento fetal<\/li>\n<li>Frecuencia card\u00edaca fetal irregular<\/li>\n<li>Registro de frecuencia card\u00edaca fetal<\/li>\n<li>Secuencia de monitoreo fetal<\/li>\n<li>Hipoxia<\/li>\n<li>Encefalopat\u00eda isqu\u00e9mica hip\u00f3xica<\/li>\n<li>Uso inapropiado de f\u00f3rceps<\/li>\n<li>Uso inadecuado de ventosa<\/li>\n<li>Uso de pitocina<\/li>\n<li>Desprendimiento de placenta<\/li>\n<li>Placenta previa<\/li>\n<li>Trabajo de parto prolongado<\/li>\n<li>Distocia de hombro<\/li>\n<li>Taquicardia<\/li>\n<li>Cord\u00f3n umbilical enredado<\/li>\n<li>Desgarro uterino<\/li>\n<\/ul>\n<p>Si usted o el beb\u00e9 que dio a luz sufrieron lesiones durante el parto que pudieran haberse evitado, es posible que haya sido v\u00edctima de negligencia m\u00e9dica. P\u00f3ngase en contacto con nuestro equipo de expertos de Moriarty Injury Lawyer \/ Abogado Especialista en Lesiones, donde analizaremos su caso. Usted podr\u00eda ser beneficiario de una compensaci\u00f3n que cubra los gastos m\u00e9dicos y otros relacionados con las lesiones sufridas por negligencia m\u00e9dica durante el parto.<\/p>\n","protected":false},"excerpt":{"rendered":"<p>Negligencia M\u00e9dica \u2013 Abogado Especialista en Lesiones Durante el Parto Dar a luz a un hijo es uno de los momentos m\u00e1s emocionantes en la vida, sobre todo cuando, despu\u00e9s de meses de embarazo, finalmente se le tiene entre los brazos. Desafortunadamente, el momento del parto conlleva riesgos, tanto para la madre como para el&hellip;<\/p>\n","protected":false},"author":1,"featured_media":0,"parent":5799,"menu_order":0,"comment_status":"closed","ping_status":"closed","template":"","meta":{"_acf_changed":false,"footnotes":""},"class_list":["post-5423","page","type-page","status-publish"],"acf":[],"yoast_head":"<!-- This site is optimized with the Yoast SEO plugin v25.6 - https:\/\/yoast.com\/wordpress\/plugins\/seo\/ -->\n<title>Abogado Especialista en Lesiones Durante el Parto en Atlanta, Georgia | Demandas por Negligencia Durante el Parto<\/title>\n<meta name=\"description\" content=\"Si un beb\u00e9 o su madre sufren lesiones como consecuencia de una mala pr\u00e1ctica m\u00e9dica durante el parto, podr\u00eda deberse a una negligencia m\u00e9dica. P\u00f3ngase en contacto con los expertos de Moriarty Injury Lawyer \/ Abogado Especialista en Lesiones, donde analizaremos su caso y le asesoraremos sobre la conveniencia de solicitar una compensaci\u00f3n por las lesiones sufridas durante el parto.\" \/>\n<meta name=\"robots\" content=\"index, follow, max-snippet:-1, max-image-preview:large, max-video-preview:-1\" \/>\n<link rel=\"canonical\" href=\"https:\/\/www.moriartyinjurylawyer.com\/es\/lesion-por-negligencia-durante-el-parto\/\" \/>\n<meta property=\"og:locale\" content=\"es_ES\" \/>\n<meta property=\"og:type\" content=\"article\" \/>\n<meta property=\"og:title\" content=\"Abogado Especialista en Lesiones Durante el Parto en Atlanta, Georgia | Demandas por Negligencia Durante el Parto\" \/>\n<meta property=\"og:description\" content=\"Si un beb\u00e9 o su madre sufren lesiones como consecuencia de una mala pr\u00e1ctica m\u00e9dica durante el parto, podr\u00eda deberse a una negligencia m\u00e9dica. P\u00f3ngase en contacto con los expertos de Moriarty Injury Lawyer \/ Abogado Especialista en Lesiones, donde analizaremos su caso y le asesoraremos sobre la conveniencia de solicitar una compensaci\u00f3n por las lesiones sufridas durante el parto.\" \/>\n<meta property=\"og:url\" content=\"https:\/\/www.moriartyinjurylawyer.com\/es\/lesion-por-negligencia-durante-el-parto\/\" \/>\n<meta property=\"og:site_name\" content=\"Moriarty Injury Lawyer\" \/>\n<meta name=\"twitter:card\" content=\"summary_large_image\" \/>\n<meta name=\"twitter:label1\" content=\"Tiempo de lectura\" \/>\n\t<meta name=\"twitter:data1\" content=\"2 minutos\" \/>\n<!-- \/ Yoast SEO plugin. -->","yoast_head_json":{"title":"Abogado Especialista en Lesiones Durante el Parto en Atlanta, Georgia | Demandas por Negligencia Durante el Parto","description":"Si un beb\u00e9 o su madre sufren lesiones como consecuencia de una mala pr\u00e1ctica m\u00e9dica durante el parto, podr\u00eda deberse a una negligencia m\u00e9dica. P\u00f3ngase en contacto con los expertos de Moriarty Injury Lawyer \/ Abogado Especialista en Lesiones, donde analizaremos su caso y le asesoraremos sobre la conveniencia de solicitar una compensaci\u00f3n por las lesiones sufridas durante el parto.","robots":{"index":"index","follow":"follow","max-snippet":"max-snippet:-1","max-image-preview":"max-image-preview:large","max-video-preview":"max-video-preview:-1"},"canonical":"https:\/\/www.moriartyinjurylawyer.com\/es\/lesion-por-negligencia-durante-el-parto\/","og_locale":"es_ES","og_type":"article","og_title":"Abogado Especialista en Lesiones Durante el Parto en Atlanta, Georgia | Demandas por Negligencia Durante el Parto","og_description":"Si un beb\u00e9 o su madre sufren lesiones como consecuencia de una mala pr\u00e1ctica m\u00e9dica durante el parto, podr\u00eda deberse a una negligencia m\u00e9dica. P\u00f3ngase en contacto con los expertos de Moriarty Injury Lawyer \/ Abogado Especialista en Lesiones, donde analizaremos su caso y le asesoraremos sobre la conveniencia de solicitar una compensaci\u00f3n por las lesiones sufridas durante el parto.","og_url":"https:\/\/www.moriartyinjurylawyer.com\/es\/lesion-por-negligencia-durante-el-parto\/","og_site_name":"Moriarty Injury Lawyer","twitter_card":"summary_large_image","twitter_misc":{"Tiempo de lectura":"2 minutos"},"schema":{"@context":"https:\/\/schema.org","@graph":[{"@type":"WebPage","@id":"https:\/\/www.moriartyinjurylawyer.com\/es\/lesion-por-negligencia-durante-el-parto\/","url":"https:\/\/www.moriartyinjurylawyer.com\/es\/lesion-por-negligencia-durante-el-parto\/","name":"Abogado Especialista en Lesiones Durante el Parto en Atlanta, Georgia | Demandas por Negligencia Durante el Parto","isPartOf":{"@id":"https:\/\/www.moriartyinjurylawyer.com\/#website"},"datePublished":"2021-06-18T14:28:32+00:00","description":"Si un beb\u00e9 o su madre sufren lesiones como consecuencia de una mala pr\u00e1ctica m\u00e9dica durante el parto, podr\u00eda deberse a una negligencia m\u00e9dica. P\u00f3ngase en contacto con los expertos de Moriarty Injury Lawyer \/ Abogado Especialista en Lesiones, donde analizaremos su caso y le asesoraremos sobre la conveniencia de solicitar una compensaci\u00f3n por las lesiones sufridas durante el parto.","breadcrumb":{"@id":"https:\/\/www.moriartyinjurylawyer.com\/es\/lesion-por-negligencia-durante-el-parto\/#breadcrumb"},"inLanguage":"es","potentialAction":[{"@type":"ReadAction","target":["https:\/\/www.moriartyinjurylawyer.com\/es\/lesion-por-negligencia-durante-el-parto\/"]}]},{"@type":"BreadcrumbList","@id":"https:\/\/www.moriartyinjurylawyer.com\/es\/lesion-por-negligencia-durante-el-parto\/#breadcrumb","itemListElement":[{"@type":"ListItem","position":1,"name":"Home","item":"https:\/\/www.moriartyinjurylawyer.com\/es\/"},{"@type":"ListItem","position":2,"name":"Especialidades","item":"https:\/\/www.moriartyinjurylawyer.com\/es\/especialidades\/"},{"@type":"ListItem","position":3,"name":"Negligencia M\u00e9dica \u2013 Lesi\u00f3n Durante el Parto"}]},{"@type":"WebSite","@id":"https:\/\/www.moriartyinjurylawyer.com\/#website","url":"https:\/\/www.moriartyinjurylawyer.com\/","name":"Moriarty Injury Lawyer","description":"","potentialAction":[{"@type":"SearchAction","target":{"@type":"EntryPoint","urlTemplate":"https:\/\/www.moriartyinjurylawyer.com\/?s={search_term_string}"},"query-input":{"@type":"PropertyValueSpecification","valueRequired":true,"valueName":"search_term_string"}}],"inLanguage":"es"}]}},"_links":{"self":[{"href":"https:\/\/www.moriartyinjurylawyer.com\/es\/wp-json\/wp\/v2\/pages\/5423","targetHints":{"allow":["GET"]}}],"collection":[{"href":"https:\/\/www.moriartyinjurylawyer.com\/es\/wp-json\/wp\/v2\/pages"}],"about":[{"href":"https:\/\/www.moriartyinjurylawyer.com\/es\/wp-json\/wp\/v2\/types\/page"}],"author":[{"embeddable":true,"href":"https:\/\/www.moriartyinjurylawyer.com\/es\/wp-json\/wp\/v2\/users\/1"}],"replies":[{"embeddable":true,"href":"https:\/\/www.moriartyinjurylawyer.com\/es\/wp-json\/wp\/v2\/comments?post=5423"}],"version-history":[{"count":2,"href":"https:\/\/www.moriartyinjurylawyer.com\/es\/wp-json\/wp\/v2\/pages\/5423\/revisions"}],"predecessor-version":[{"id":5425,"href":"https:\/\/www.moriartyinjurylawyer.com\/es\/wp-json\/wp\/v2\/pages\/5423\/revisions\/5425"}],"up":[{"embeddable":true,"href":"https:\/\/www.moriartyinjurylawyer.com\/es\/wp-json\/wp\/v2\/pages\/5799"}],"wp:attachment":[{"href":"https:\/\/www.moriartyinjurylawyer.com\/es\/wp-json\/wp\/v2\/media?parent=5423"}],"curies":[{"name":"wp","href":"https:\/\/api.w.org\/{rel}","templated":true}]}}