{"id":5426,"date":"2021-06-18T14:33:30","date_gmt":"2021-06-18T14:33:30","guid":{"rendered":"https:\/\/www.moriartyinjurylawyer.com\/?page_id=5426"},"modified":"2021-06-18T14:33:30","modified_gmt":"2021-06-18T14:33:30","slug":"paralisis-cerebral","status":"publish","type":"page","link":"https:\/\/www.moriartyinjurylawyer.com\/es\/lesiones-por-paralisis-cerebral-durante-el-parto\/","title":{"rendered":"Par\u00e1lisis Cerebral"},"content":{"rendered":"<h2>Abogado Especialista en Lesiones Durante el Parto Causantes de Par\u00e1lisis Cerebral<\/h2>\n<p>La mayor\u00eda de los casos de par\u00e1lisis cerebral no son culpa de nadie, de hecho, algunos beb\u00e9s sufren desde el embarazo este padecimiento que suele describir toda una combinaci\u00f3n de trastornos cerebrales y nerviosos relacionados. Sin embargo, hay casos en que la par\u00e1lisis cerebral no exist\u00eda antes del parto, sino que sobrevino como consecuencia de una lesi\u00f3n durante \u00e9ste. Cuando esto ocurre y, por lo tanto, el equipo m\u00e9dico pudo haberlo evitado, constituye un hecho desgarrador y estar\u00edamos frente a un caso de negligencia m\u00e9dica.<\/p>\n<p>La par\u00e1lisis cerebral es causada por el da\u00f1o al cerebro que, com\u00fanmente, ocurre durante el embarazo, aunque tambi\u00e9n puede suceder durante o despu\u00e9s del parto. En los casos en que la par\u00e1lisis cerebral est\u00e1 relacionada con el parto, suele deberse a una lesi\u00f3n en la cabeza o a la falta de ox\u00edgeno en el cerebro durante el trabajo de parto o el nacimiento en s\u00ed. Algunas de estas lesiones podr\u00edan ser evitadas por el equipo m\u00e9dico asistente, especialmente si se utilizaran las t\u00e9cnicas correctas y si se produjera una r\u00e1pida reacci\u00f3n ante la existencia de sufrimiento fetal.<\/p>\n<p>Los beb\u00e9s nacidos con par\u00e1lisis cerebral tienen un largo camino por delante lleno de necesidades especiales y atenciones m\u00e9dicas que, probablemente, requerir\u00e1n por el resto de sus vidas. Si una lesi\u00f3n pudo haberse evitado o fue directamente provocada por el equipo de parto, ser\u00eda justo que los padres recibieran una compensaci\u00f3n con la que pudieran proporcionar la mejor atenci\u00f3n posible a su hijo por el tiempo que fuera necesaria.<\/p>\n<h3>Par\u00e1lisis de Erb Causada por Lesiones Durante el Parto<\/h3>\n<p>La par\u00e1lisis de Erb a menudo es confundida con la par\u00e1lisis cerebral, a pesar de que ambos son padecimientos muy diferentes. Lo que las dos tienen en com\u00fan es que pueden haber sido causadas por errores m\u00e9dicos cometidos durante el parto. En el caso de la par\u00e1lisis de Erb, un parto con complicaciones podr\u00eda llegar a da\u00f1ar los nervios, y un signo revelador de ello ser\u00eda la par\u00e1lisis en la parte superior del brazo y la rotaci\u00f3n de la parte inferior del mismo.<\/p>\n<p>Si su hijo sufre de par\u00e1lisis cerebral o de Erb y hubo complicaciones durante el parto, ser\u00eda importante que ustedes, como padres, exploraran las circunstancias ocurridas, ya que rara vez los centros de salud admiten errores, y un tercero podr\u00eda ayudarles a investigar lo sucedido en el nacimiento. P\u00f3ngase en contacto con nuestro equipo en Moriarty Injury Lawyer \/ Abogado Especialista en Lesiones, donde analizaremos lo ocurrido. Su hijo podr\u00eda haber sido v\u00edctima de negligencia m\u00e9dica, en cuyo caso, recibir\u00eda una compensaci\u00f3n que le ayude con la atenci\u00f3n m\u00e9dica que necesita.<\/p>\n","protected":false},"excerpt":{"rendered":"<p>Abogado Especialista en Lesiones Durante el Parto Causantes de Par\u00e1lisis Cerebral La mayor\u00eda de los casos de par\u00e1lisis cerebral no son culpa de nadie, de hecho, algunos beb\u00e9s sufren desde el embarazo este padecimiento que suele describir toda una combinaci\u00f3n de trastornos cerebrales y nerviosos relacionados. Sin embargo, hay casos en que la par\u00e1lisis cerebral&hellip;<\/p>\n","protected":false},"author":1,"featured_media":0,"parent":5423,"menu_order":0,"comment_status":"closed","ping_status":"closed","template":"","meta":{"_acf_changed":false,"footnotes":""},"class_list":["post-5426","page","type-page","status-publish"],"acf":[],"yoast_head":"<!-- This site is optimized with the Yoast SEO plugin v25.6 - https:\/\/yoast.com\/wordpress\/plugins\/seo\/ -->\n<title>Abogado Especialista en Lesiones por Par\u00e1lisis Cerebral durante el Parto en Atlanta, Georgia | Demandas por Par\u00e1lisis de Erb<\/title>\n<meta name=\"description\" content=\"En ocasiones, la par\u00e1lisis cerebral y la par\u00e1lisis de Erb pueden ser causadas por errores m\u00e9dicos cometidos durante el parto. Si usted tuvo un parto dif\u00edcil y cree que su hijo result\u00f3 da\u00f1ado, comun\u00edquese con Moriarty Injury Lawyer \/ Abogado Especialista en Lesiones, donde analizaremos la posibilidad de levantar una demanda por lesiones durante el parto causantes de par\u00e1lisis cerebral.\" \/>\n<meta name=\"robots\" content=\"index, follow, max-snippet:-1, max-image-preview:large, max-video-preview:-1\" \/>\n<link rel=\"canonical\" href=\"https:\/\/www.moriartyinjurylawyer.com\/es\/lesiones-por-paralisis-cerebral-durante-el-parto\/\" \/>\n<meta property=\"og:locale\" content=\"es_ES\" \/>\n<meta property=\"og:type\" content=\"article\" \/>\n<meta property=\"og:title\" content=\"Abogado Especialista en Lesiones por Par\u00e1lisis Cerebral durante el Parto en Atlanta, Georgia | Demandas por Par\u00e1lisis de Erb\" \/>\n<meta property=\"og:description\" content=\"En ocasiones, la par\u00e1lisis cerebral y la par\u00e1lisis de Erb pueden ser causadas por errores m\u00e9dicos cometidos durante el parto. Si usted tuvo un parto dif\u00edcil y cree que su hijo result\u00f3 da\u00f1ado, comun\u00edquese con Moriarty Injury Lawyer \/ Abogado Especialista en Lesiones, donde analizaremos la posibilidad de levantar una demanda por lesiones durante el parto causantes de par\u00e1lisis cerebral.\" \/>\n<meta property=\"og:url\" content=\"https:\/\/www.moriartyinjurylawyer.com\/es\/lesiones-por-paralisis-cerebral-durante-el-parto\/\" \/>\n<meta property=\"og:site_name\" content=\"Moriarty Injury Lawyer\" \/>\n<meta name=\"twitter:card\" content=\"summary_large_image\" \/>\n<meta name=\"twitter:label1\" content=\"Tiempo de lectura\" \/>\n\t<meta name=\"twitter:data1\" content=\"2 minutos\" \/>\n<!-- \/ Yoast SEO plugin. -->","yoast_head_json":{"title":"Abogado Especialista en Lesiones por Par\u00e1lisis Cerebral durante el Parto en Atlanta, Georgia | Demandas por Par\u00e1lisis de Erb","description":"En ocasiones, la par\u00e1lisis cerebral y la par\u00e1lisis de Erb pueden ser causadas por errores m\u00e9dicos cometidos durante el parto. Si usted tuvo un parto dif\u00edcil y cree que su hijo result\u00f3 da\u00f1ado, comun\u00edquese con Moriarty Injury Lawyer \/ Abogado Especialista en Lesiones, donde analizaremos la posibilidad de levantar una demanda por lesiones durante el parto causantes de par\u00e1lisis cerebral.","robots":{"index":"index","follow":"follow","max-snippet":"max-snippet:-1","max-image-preview":"max-image-preview:large","max-video-preview":"max-video-preview:-1"},"canonical":"https:\/\/www.moriartyinjurylawyer.com\/es\/lesiones-por-paralisis-cerebral-durante-el-parto\/","og_locale":"es_ES","og_type":"article","og_title":"Abogado Especialista en Lesiones por Par\u00e1lisis Cerebral durante el Parto en Atlanta, Georgia | Demandas por Par\u00e1lisis de Erb","og_description":"En ocasiones, la par\u00e1lisis cerebral y la par\u00e1lisis de Erb pueden ser causadas por errores m\u00e9dicos cometidos durante el parto. Si usted tuvo un parto dif\u00edcil y cree que su hijo result\u00f3 da\u00f1ado, comun\u00edquese con Moriarty Injury Lawyer \/ Abogado Especialista en Lesiones, donde analizaremos la posibilidad de levantar una demanda por lesiones durante el parto causantes de par\u00e1lisis cerebral.","og_url":"https:\/\/www.moriartyinjurylawyer.com\/es\/lesiones-por-paralisis-cerebral-durante-el-parto\/","og_site_name":"Moriarty Injury Lawyer","twitter_card":"summary_large_image","twitter_misc":{"Tiempo de lectura":"2 minutos"},"schema":{"@context":"https:\/\/schema.org","@graph":[{"@type":"WebPage","@id":"https:\/\/www.moriartyinjurylawyer.com\/es\/lesiones-por-paralisis-cerebral-durante-el-parto\/","url":"https:\/\/www.moriartyinjurylawyer.com\/es\/lesiones-por-paralisis-cerebral-durante-el-parto\/","name":"Abogado Especialista en Lesiones por Par\u00e1lisis Cerebral durante el Parto en Atlanta, Georgia | Demandas por Par\u00e1lisis de Erb","isPartOf":{"@id":"https:\/\/www.moriartyinjurylawyer.com\/#website"},"datePublished":"2021-06-18T14:33:30+00:00","description":"En ocasiones, la par\u00e1lisis cerebral y la par\u00e1lisis de Erb pueden ser causadas por errores m\u00e9dicos cometidos durante el parto. Si usted tuvo un parto dif\u00edcil y cree que su hijo result\u00f3 da\u00f1ado, comun\u00edquese con Moriarty Injury Lawyer \/ Abogado Especialista en Lesiones, donde analizaremos la posibilidad de levantar una demanda por lesiones durante el parto causantes de par\u00e1lisis cerebral.","breadcrumb":{"@id":"https:\/\/www.moriartyinjurylawyer.com\/es\/lesiones-por-paralisis-cerebral-durante-el-parto\/#breadcrumb"},"inLanguage":"es","potentialAction":[{"@type":"ReadAction","target":["https:\/\/www.moriartyinjurylawyer.com\/es\/lesiones-por-paralisis-cerebral-durante-el-parto\/"]}]},{"@type":"BreadcrumbList","@id":"https:\/\/www.moriartyinjurylawyer.com\/es\/lesiones-por-paralisis-cerebral-durante-el-parto\/#breadcrumb","itemListElement":[{"@type":"ListItem","position":1,"name":"Home","item":"https:\/\/www.moriartyinjurylawyer.com\/es\/"},{"@type":"ListItem","position":2,"name":"Especialidades","item":"https:\/\/www.moriartyinjurylawyer.com\/es\/especialidades\/"},{"@type":"ListItem","position":3,"name":"Negligencia M\u00e9dica \u2013 Lesi\u00f3n Durante el Parto","item":"https:\/\/www.moriartyinjurylawyer.com\/es\/lesion-por-negligencia-durante-el-parto\/"},{"@type":"ListItem","position":4,"name":"Par\u00e1lisis Cerebral"}]},{"@type":"WebSite","@id":"https:\/\/www.moriartyinjurylawyer.com\/#website","url":"https:\/\/www.moriartyinjurylawyer.com\/","name":"Moriarty Injury Lawyer","description":"","potentialAction":[{"@type":"SearchAction","target":{"@type":"EntryPoint","urlTemplate":"https:\/\/www.moriartyinjurylawyer.com\/?s={search_term_string}"},"query-input":{"@type":"PropertyValueSpecification","valueRequired":true,"valueName":"search_term_string"}}],"inLanguage":"es"}]}},"_links":{"self":[{"href":"https:\/\/www.moriartyinjurylawyer.com\/es\/wp-json\/wp\/v2\/pages\/5426","targetHints":{"allow":["GET"]}}],"collection":[{"href":"https:\/\/www.moriartyinjurylawyer.com\/es\/wp-json\/wp\/v2\/pages"}],"about":[{"href":"https:\/\/www.moriartyinjurylawyer.com\/es\/wp-json\/wp\/v2\/types\/page"}],"author":[{"embeddable":true,"href":"https:\/\/www.moriartyinjurylawyer.com\/es\/wp-json\/wp\/v2\/users\/1"}],"replies":[{"embeddable":true,"href":"https:\/\/www.moriartyinjurylawyer.com\/es\/wp-json\/wp\/v2\/comments?post=5426"}],"version-history":[{"count":2,"href":"https:\/\/www.moriartyinjurylawyer.com\/es\/wp-json\/wp\/v2\/pages\/5426\/revisions"}],"predecessor-version":[{"id":5428,"href":"https:\/\/www.moriartyinjurylawyer.com\/es\/wp-json\/wp\/v2\/pages\/5426\/revisions\/5428"}],"up":[{"embeddable":true,"href":"https:\/\/www.moriartyinjurylawyer.com\/es\/wp-json\/wp\/v2\/pages\/5423"}],"wp:attachment":[{"href":"https:\/\/www.moriartyinjurylawyer.com\/es\/wp-json\/wp\/v2\/media?parent=5426"}],"curies":[{"name":"wp","href":"https:\/\/api.w.org\/{rel}","templated":true}]}}