{"id":5429,"date":"2021-06-18T14:38:15","date_gmt":"2021-06-18T14:38:15","guid":{"rendered":"https:\/\/www.moriartyinjurylawyer.com\/?page_id=5429"},"modified":"2021-06-18T14:38:15","modified_gmt":"2021-06-18T14:38:15","slug":"pitocina","status":"publish","type":"page","link":"https:\/\/www.moriartyinjurylawyer.com\/es\/lesiones-durante-el-parto-por-pitocina\/","title":{"rendered":"Pitocina"},"content":{"rendered":"<h2>Abogado Especialista en Lesiones Causadas por Uso de Pitocina<\/h2>\n<p>En algunos partos, se utiliza la pitocina como medicamento estimulante de las contracciones uterinas. Este compuesto es una versi\u00f3n sint\u00e9tica, sustituta de una hormona denominada oxitocina que, de manera natural, hace que el \u00fatero se contraiga. Si bien su utilizaci\u00f3n pudiera ser segura, cuando los ginec\u00f3logos, obstetras o enfermeras usan este medicamento de manera incorrecta, abusiva o mientras existen s\u00edntomas de sufrimiento fetal, podr\u00eda causar lesiones graves al feto.<\/p>\n<p>El principal problema que se puede dar con el uso de la pitocina radica en c\u00f3mo afectar\u00e1 a los niveles de recuperaci\u00f3n de ox\u00edgeno del feto. Si las contracciones uterinas se vuelven demasiado frecuentes o intensas, podr\u00edan interferir con la transferencia de ox\u00edgeno que existe entre la placenta y el \u00fatero, haciendo que el cord\u00f3n umbilical se comprima, reduciendo o cortando el suministro de ox\u00edgeno. Cuando el feto es privado de ox\u00edgeno, se producen signos de sufrimiento fetal, momento en que el monitor fetal muestra altibajos del ritmo card\u00edaco. Si estos signos son ignorados y el suministro de pitocina contin\u00faa con la misma intensidad, el feto podr\u00eda sufrir da\u00f1os irreversibles.<\/p>\n<h3>Lesiones por el Uso de Pitocina<\/h3>\n<p>La mayor\u00eda de los hospitales y salas de parto cuentan con protocolos para el uso de la pitocina de manera segura. Uno de los principales factores debe ser el monitoreo constante y cuidadoso en busca de signos de sufrimiento fetal en el momento de las contracciones. Cuando \u00e9ste existe, por ejemplo, en forma de una desaceleraci\u00f3n del ritmo card\u00edaco, la administraci\u00f3n de la pitocina debe cesar, pero esto no siempre sucede. Si se contin\u00faa utilizando mientras el feto est\u00e1 experimentando una falla en la oxigenaci\u00f3n, podr\u00eda provocarse da\u00f1o cerebral, problemas neurol\u00f3gicos y lesiones en los \u00f3rganos que afectar\u00e1n la salud y el bienestar del beb\u00e9, lo que requerir\u00e1 de una excesiva atenci\u00f3n m\u00e9dica.<\/p>\n<p>Si su hijo naci\u00f3 con lesiones derivadas de la falta de ox\u00edgeno y durante el parto se utiliz\u00f3 pitocina, usted necesitar\u00e1 un equipo legal que le ayude a averiguar si el uso inadecuado de \u00e9sta pudo haber causado dichas lesiones. P\u00f3ngase en contacto con nuestro equipo en Moriarty Injury Lawyer \/ Abogado Especialista en Lesiones, donde analizaremos su caso. Usted podr\u00eda recibir una compensaci\u00f3n econ\u00f3mica que le ayude a dar la mejor atenci\u00f3n m\u00e9dica a su hijo.<\/p>\n","protected":false},"excerpt":{"rendered":"<p>Abogado Especialista en Lesiones Causadas por Uso de Pitocina En algunos partos, se utiliza la pitocina como medicamento estimulante de las contracciones uterinas. Este compuesto es una versi\u00f3n sint\u00e9tica, sustituta de una hormona denominada oxitocina que, de manera natural, hace que el \u00fatero se contraiga. Si bien su utilizaci\u00f3n pudiera ser segura, cuando los ginec\u00f3logos,&hellip;<\/p>\n","protected":false},"author":1,"featured_media":0,"parent":5423,"menu_order":0,"comment_status":"closed","ping_status":"closed","template":"","meta":{"_acf_changed":false,"footnotes":""},"class_list":["post-5429","page","type-page","status-publish"],"acf":[],"yoast_head":"<!-- This site is optimized with the Yoast SEO plugin v25.6 - https:\/\/yoast.com\/wordpress\/plugins\/seo\/ -->\n<title>Abogado Especialista en Demandas por Uso de Pitocina en Atlanta, Georgia | Negligencia Obst\u00e9trica<\/title>\n<meta name=\"description\" content=\"Est\u00e1 demostrado que el uso inadecuado de la pitocina para acelerar el parto, en determinadas circunstancias, puede causar lesiones al beb\u00e9. En Moriarty Injury Lawyer \/ Abogado Especialista en Lesiones podemos analizar su caso y ayudarle a determinar si el mal uso de la pitocina pudiera haber sido lo que caus\u00f3 las lesiones a su hijo durante el parto.\" \/>\n<meta name=\"robots\" content=\"index, follow, max-snippet:-1, max-image-preview:large, max-video-preview:-1\" \/>\n<link rel=\"canonical\" href=\"https:\/\/www.moriartyinjurylawyer.com\/es\/lesiones-durante-el-parto-por-pitocina\/\" \/>\n<meta property=\"og:locale\" content=\"es_ES\" \/>\n<meta property=\"og:type\" content=\"article\" \/>\n<meta property=\"og:title\" content=\"Abogado Especialista en Demandas por Uso de Pitocina en Atlanta, Georgia | Negligencia Obst\u00e9trica\" \/>\n<meta property=\"og:description\" content=\"Est\u00e1 demostrado que el uso inadecuado de la pitocina para acelerar el parto, en determinadas circunstancias, puede causar lesiones al beb\u00e9. En Moriarty Injury Lawyer \/ Abogado Especialista en Lesiones podemos analizar su caso y ayudarle a determinar si el mal uso de la pitocina pudiera haber sido lo que caus\u00f3 las lesiones a su hijo durante el parto.\" \/>\n<meta property=\"og:url\" content=\"https:\/\/www.moriartyinjurylawyer.com\/es\/lesiones-durante-el-parto-por-pitocina\/\" \/>\n<meta property=\"og:site_name\" content=\"Moriarty Injury Lawyer\" \/>\n<meta name=\"twitter:card\" content=\"summary_large_image\" \/>\n<meta name=\"twitter:label1\" content=\"Tiempo de lectura\" \/>\n\t<meta name=\"twitter:data1\" content=\"2 minutos\" \/>\n<!-- \/ Yoast SEO plugin. -->","yoast_head_json":{"title":"Abogado Especialista en Demandas por Uso de Pitocina en Atlanta, Georgia | Negligencia Obst\u00e9trica","description":"Est\u00e1 demostrado que el uso inadecuado de la pitocina para acelerar el parto, en determinadas circunstancias, puede causar lesiones al beb\u00e9. En Moriarty Injury Lawyer \/ Abogado Especialista en Lesiones podemos analizar su caso y ayudarle a determinar si el mal uso de la pitocina pudiera haber sido lo que caus\u00f3 las lesiones a su hijo durante el parto.","robots":{"index":"index","follow":"follow","max-snippet":"max-snippet:-1","max-image-preview":"max-image-preview:large","max-video-preview":"max-video-preview:-1"},"canonical":"https:\/\/www.moriartyinjurylawyer.com\/es\/lesiones-durante-el-parto-por-pitocina\/","og_locale":"es_ES","og_type":"article","og_title":"Abogado Especialista en Demandas por Uso de Pitocina en Atlanta, Georgia | Negligencia Obst\u00e9trica","og_description":"Est\u00e1 demostrado que el uso inadecuado de la pitocina para acelerar el parto, en determinadas circunstancias, puede causar lesiones al beb\u00e9. En Moriarty Injury Lawyer \/ Abogado Especialista en Lesiones podemos analizar su caso y ayudarle a determinar si el mal uso de la pitocina pudiera haber sido lo que caus\u00f3 las lesiones a su hijo durante el parto.","og_url":"https:\/\/www.moriartyinjurylawyer.com\/es\/lesiones-durante-el-parto-por-pitocina\/","og_site_name":"Moriarty Injury Lawyer","twitter_card":"summary_large_image","twitter_misc":{"Tiempo de lectura":"2 minutos"},"schema":{"@context":"https:\/\/schema.org","@graph":[{"@type":"WebPage","@id":"https:\/\/www.moriartyinjurylawyer.com\/es\/lesiones-durante-el-parto-por-pitocina\/","url":"https:\/\/www.moriartyinjurylawyer.com\/es\/lesiones-durante-el-parto-por-pitocina\/","name":"Abogado Especialista en Demandas por Uso de Pitocina en Atlanta, Georgia | Negligencia Obst\u00e9trica","isPartOf":{"@id":"https:\/\/www.moriartyinjurylawyer.com\/#website"},"datePublished":"2021-06-18T14:38:15+00:00","description":"Est\u00e1 demostrado que el uso inadecuado de la pitocina para acelerar el parto, en determinadas circunstancias, puede causar lesiones al beb\u00e9. En Moriarty Injury Lawyer \/ Abogado Especialista en Lesiones podemos analizar su caso y ayudarle a determinar si el mal uso de la pitocina pudiera haber sido lo que caus\u00f3 las lesiones a su hijo durante el parto.","breadcrumb":{"@id":"https:\/\/www.moriartyinjurylawyer.com\/es\/lesiones-durante-el-parto-por-pitocina\/#breadcrumb"},"inLanguage":"es","potentialAction":[{"@type":"ReadAction","target":["https:\/\/www.moriartyinjurylawyer.com\/es\/lesiones-durante-el-parto-por-pitocina\/"]}]},{"@type":"BreadcrumbList","@id":"https:\/\/www.moriartyinjurylawyer.com\/es\/lesiones-durante-el-parto-por-pitocina\/#breadcrumb","itemListElement":[{"@type":"ListItem","position":1,"name":"Home","item":"https:\/\/www.moriartyinjurylawyer.com\/es\/"},{"@type":"ListItem","position":2,"name":"Especialidades","item":"https:\/\/www.moriartyinjurylawyer.com\/es\/especialidades\/"},{"@type":"ListItem","position":3,"name":"Negligencia M\u00e9dica \u2013 Lesi\u00f3n Durante el Parto","item":"https:\/\/www.moriartyinjurylawyer.com\/es\/lesion-por-negligencia-durante-el-parto\/"},{"@type":"ListItem","position":4,"name":"Pitocina"}]},{"@type":"WebSite","@id":"https:\/\/www.moriartyinjurylawyer.com\/#website","url":"https:\/\/www.moriartyinjurylawyer.com\/","name":"Moriarty Injury Lawyer","description":"","potentialAction":[{"@type":"SearchAction","target":{"@type":"EntryPoint","urlTemplate":"https:\/\/www.moriartyinjurylawyer.com\/?s={search_term_string}"},"query-input":{"@type":"PropertyValueSpecification","valueRequired":true,"valueName":"search_term_string"}}],"inLanguage":"es"}]}},"_links":{"self":[{"href":"https:\/\/www.moriartyinjurylawyer.com\/es\/wp-json\/wp\/v2\/pages\/5429","targetHints":{"allow":["GET"]}}],"collection":[{"href":"https:\/\/www.moriartyinjurylawyer.com\/es\/wp-json\/wp\/v2\/pages"}],"about":[{"href":"https:\/\/www.moriartyinjurylawyer.com\/es\/wp-json\/wp\/v2\/types\/page"}],"author":[{"embeddable":true,"href":"https:\/\/www.moriartyinjurylawyer.com\/es\/wp-json\/wp\/v2\/users\/1"}],"replies":[{"embeddable":true,"href":"https:\/\/www.moriartyinjurylawyer.com\/es\/wp-json\/wp\/v2\/comments?post=5429"}],"version-history":[{"count":2,"href":"https:\/\/www.moriartyinjurylawyer.com\/es\/wp-json\/wp\/v2\/pages\/5429\/revisions"}],"predecessor-version":[{"id":5431,"href":"https:\/\/www.moriartyinjurylawyer.com\/es\/wp-json\/wp\/v2\/pages\/5429\/revisions\/5431"}],"up":[{"embeddable":true,"href":"https:\/\/www.moriartyinjurylawyer.com\/es\/wp-json\/wp\/v2\/pages\/5423"}],"wp:attachment":[{"href":"https:\/\/www.moriartyinjurylawyer.com\/es\/wp-json\/wp\/v2\/media?parent=5429"}],"curies":[{"name":"wp","href":"https:\/\/api.w.org\/{rel}","templated":true}]}}