{"id":5432,"date":"2021-06-18T14:45:15","date_gmt":"2021-06-18T14:45:15","guid":{"rendered":"https:\/\/www.moriartyinjurylawyer.com\/?page_id=5432"},"modified":"2021-06-18T14:46:23","modified_gmt":"2021-06-18T14:46:23","slug":"negligencia-medica-errores-quirurgicos","status":"publish","type":"page","link":"https:\/\/www.moriartyinjurylawyer.com\/es\/errores-quirurgicos-por-negligencia\/","title":{"rendered":"Negligencia M\u00e9dica \u2013 Errores Quir\u00fargicos"},"content":{"rendered":"<p>Cuando se realiza un procedimiento quir\u00fargico existen muchos riesgos conocidos, pero si durante dicha cirug\u00eda se produce un error, \u00e9ste podr\u00eda provocar una lesi\u00f3n o incluso una muerte que pudiera haber sido evitada. Siempre se espera que los cirujanos, anestesi\u00f3logos y el resto del equipo quir\u00fargico realice sus funciones con el m\u00e1ximo cuidado para la seguridad del paciente, pero, desafortunadamente, los errores quir\u00fargicos y la negligencia no son infrecuentes, a pesar de que la industria m\u00e9dica los define como eventos que \u201cnunca debieran ocurrir\u201d. Se estima que m\u00e1s de 4,000 eventos de este tipo suelen ocurrir cada a\u00f1o en Estados Unidos, lo que se traduce en lesiones o incluso la muerte de otros tantos pacientes.<\/p>\n<p>El establecimiento de procedimientos rutinarios puede prevenir errores quir\u00fargicos, pero, a pesar de ello, \u00e9stos contin\u00faan ocurriendo y ponen en peligro a los pacientes. Cuando uno de estos eventos que \u201cnunca debieran ocurrir\u201d sucede durante una cirug\u00eda, puede que ni el paciente ni su familia sean conscientes inmediatamente de que se cometi\u00f3 un error. Podr\u00eda requerirse una investigaci\u00f3n y un peritaje m\u00e9dico y legal para determinar si existi\u00f3 alguna negligencia y, de ser as\u00ed, hacer que los profesionales y el centro m\u00e9dico responsables del mismo rindan cuentas por las lesiones y gastos que el paciente y su familia tendr\u00e1n que afrontar.<\/p>\n<h2>Tipos de Errores Quir\u00fargicos<\/h2>\n<p>Existe una extensa lista de eventos que \u201cnunca debieran ocurrir\u201d y que han sido compilados por la industria m\u00e9dica en un claro esfuerzo por reducir las lesiones prevenibles durante una cirug\u00eda. Algunos de los problemas que pueden derivar en la muerte o lesi\u00f3n del paciente y que resultan m\u00e1s comunes son:<\/p>\n<ul>\n<li>Dejar alg\u00fan instrumento quir\u00fargico dentro del cuerpo del paciente<\/li>\n<li>Dejar alguna gasa o esponja quir\u00fargica dentro del cuerpo del paciente<\/li>\n<li>Realizar una cirug\u00eda innecesaria<\/li>\n<li>Amputaci\u00f3n incorrecta o equivocada de extremidades<\/li>\n<\/ul>\n<p>Si usted o alg\u00fan ser querido han sufrido alguna lesi\u00f3n o muerte como consecuencia de un error quir\u00fargico prevenible, o bien uno de aquellos eventos que \u201cnunca debieran ocurrir\u201d, existen alternativas para conseguir que se haga justicia y sea compensado por el da\u00f1o o la p\u00e9rdida sufridos. Nuestro equipo en Moriarty Injury Lawyer \/ Abogado Especialista en Lesiones cuenta con expertos m\u00e9dicos y legales que le ayudar\u00e1n investigando y determinando si se cometieron errores y, de ser as\u00ed, buscar\u00e1n una compensaci\u00f3n para usted y su familia. Comun\u00edquese con nuestra oficina en Atlanta para programar una consulta gratuita en la que analizaremos su caso de negligencia m\u00e9dica por error quir\u00fargico.<\/p>\n","protected":false},"excerpt":{"rendered":"<p>Cuando se realiza un procedimiento quir\u00fargico existen muchos riesgos conocidos, pero si durante dicha cirug\u00eda se produce un error, \u00e9ste podr\u00eda provocar una lesi\u00f3n o incluso una muerte que pudiera haber sido evitada. Siempre se espera que los cirujanos, anestesi\u00f3logos y el resto del equipo quir\u00fargico realice sus funciones con el m\u00e1ximo cuidado para la&hellip;<\/p>\n","protected":false},"author":1,"featured_media":0,"parent":5799,"menu_order":0,"comment_status":"closed","ping_status":"closed","template":"","meta":{"_acf_changed":false,"footnotes":""},"class_list":["post-5432","page","type-page","status-publish"],"acf":[],"yoast_head":"<!-- This site is optimized with the Yoast SEO plugin v25.6 - https:\/\/yoast.com\/wordpress\/plugins\/seo\/ -->\n<title>Abogado Especialista en Errores Quir\u00fargicos en Atlanta, Georgia | Negligencia por Mala Praxis M\u00e9dica<\/title>\n<meta name=\"description\" content=\"Nadie debe sufrir lesiones a causa de un error quir\u00fargico prevenible. Si usted ha sufrido alg\u00fan da\u00f1o o ha perdido a un ser querido como consecuencia de un error quir\u00fargico, comun\u00edquese con nuestro equipo en Atlanta de Moriarty Injury Lawyer \/ Abogado Especialista en Lesiones, donde analizaremos las opciones de iniciar una demanda por negligencia m\u00e9dica.\" \/>\n<meta name=\"robots\" content=\"index, follow, max-snippet:-1, max-image-preview:large, max-video-preview:-1\" \/>\n<link rel=\"canonical\" href=\"https:\/\/www.moriartyinjurylawyer.com\/es\/errores-quirurgicos-por-negligencia\/\" \/>\n<meta property=\"og:locale\" content=\"es_ES\" \/>\n<meta property=\"og:type\" content=\"article\" \/>\n<meta property=\"og:title\" content=\"Abogado Especialista en Errores Quir\u00fargicos en Atlanta, Georgia | Negligencia por Mala Praxis M\u00e9dica\" \/>\n<meta property=\"og:description\" content=\"Nadie debe sufrir lesiones a causa de un error quir\u00fargico prevenible. Si usted ha sufrido alg\u00fan da\u00f1o o ha perdido a un ser querido como consecuencia de un error quir\u00fargico, comun\u00edquese con nuestro equipo en Atlanta de Moriarty Injury Lawyer \/ Abogado Especialista en Lesiones, donde analizaremos las opciones de iniciar una demanda por negligencia m\u00e9dica.\" \/>\n<meta property=\"og:url\" content=\"https:\/\/www.moriartyinjurylawyer.com\/es\/errores-quirurgicos-por-negligencia\/\" \/>\n<meta property=\"og:site_name\" content=\"Moriarty Injury Lawyer\" \/>\n<meta property=\"article:modified_time\" content=\"2021-06-18T14:46:23+00:00\" \/>\n<meta name=\"twitter:card\" content=\"summary_large_image\" \/>\n<meta name=\"twitter:label1\" content=\"Tiempo de lectura\" \/>\n\t<meta name=\"twitter:data1\" content=\"2 minutos\" \/>\n<!-- \/ Yoast SEO plugin. -->","yoast_head_json":{"title":"Abogado Especialista en Errores Quir\u00fargicos en Atlanta, Georgia | Negligencia por Mala Praxis M\u00e9dica","description":"Nadie debe sufrir lesiones a causa de un error quir\u00fargico prevenible. Si usted ha sufrido alg\u00fan da\u00f1o o ha perdido a un ser querido como consecuencia de un error quir\u00fargico, comun\u00edquese con nuestro equipo en Atlanta de Moriarty Injury Lawyer \/ Abogado Especialista en Lesiones, donde analizaremos las opciones de iniciar una demanda por negligencia m\u00e9dica.","robots":{"index":"index","follow":"follow","max-snippet":"max-snippet:-1","max-image-preview":"max-image-preview:large","max-video-preview":"max-video-preview:-1"},"canonical":"https:\/\/www.moriartyinjurylawyer.com\/es\/errores-quirurgicos-por-negligencia\/","og_locale":"es_ES","og_type":"article","og_title":"Abogado Especialista en Errores Quir\u00fargicos en Atlanta, Georgia | Negligencia por Mala Praxis M\u00e9dica","og_description":"Nadie debe sufrir lesiones a causa de un error quir\u00fargico prevenible. Si usted ha sufrido alg\u00fan da\u00f1o o ha perdido a un ser querido como consecuencia de un error quir\u00fargico, comun\u00edquese con nuestro equipo en Atlanta de Moriarty Injury Lawyer \/ Abogado Especialista en Lesiones, donde analizaremos las opciones de iniciar una demanda por negligencia m\u00e9dica.","og_url":"https:\/\/www.moriartyinjurylawyer.com\/es\/errores-quirurgicos-por-negligencia\/","og_site_name":"Moriarty Injury Lawyer","article_modified_time":"2021-06-18T14:46:23+00:00","twitter_card":"summary_large_image","twitter_misc":{"Tiempo de lectura":"2 minutos"},"schema":{"@context":"https:\/\/schema.org","@graph":[{"@type":"WebPage","@id":"https:\/\/www.moriartyinjurylawyer.com\/es\/errores-quirurgicos-por-negligencia\/","url":"https:\/\/www.moriartyinjurylawyer.com\/es\/errores-quirurgicos-por-negligencia\/","name":"Abogado Especialista en Errores Quir\u00fargicos en Atlanta, Georgia | Negligencia por Mala Praxis M\u00e9dica","isPartOf":{"@id":"https:\/\/www.moriartyinjurylawyer.com\/#website"},"datePublished":"2021-06-18T14:45:15+00:00","dateModified":"2021-06-18T14:46:23+00:00","description":"Nadie debe sufrir lesiones a causa de un error quir\u00fargico prevenible. Si usted ha sufrido alg\u00fan da\u00f1o o ha perdido a un ser querido como consecuencia de un error quir\u00fargico, comun\u00edquese con nuestro equipo en Atlanta de Moriarty Injury Lawyer \/ Abogado Especialista en Lesiones, donde analizaremos las opciones de iniciar una demanda por negligencia m\u00e9dica.","breadcrumb":{"@id":"https:\/\/www.moriartyinjurylawyer.com\/es\/errores-quirurgicos-por-negligencia\/#breadcrumb"},"inLanguage":"es","potentialAction":[{"@type":"ReadAction","target":["https:\/\/www.moriartyinjurylawyer.com\/es\/errores-quirurgicos-por-negligencia\/"]}]},{"@type":"BreadcrumbList","@id":"https:\/\/www.moriartyinjurylawyer.com\/es\/errores-quirurgicos-por-negligencia\/#breadcrumb","itemListElement":[{"@type":"ListItem","position":1,"name":"Home","item":"https:\/\/www.moriartyinjurylawyer.com\/es\/"},{"@type":"ListItem","position":2,"name":"Especialidades","item":"https:\/\/www.moriartyinjurylawyer.com\/es\/especialidades\/"},{"@type":"ListItem","position":3,"name":"Negligencia M\u00e9dica \u2013 Errores Quir\u00fargicos"}]},{"@type":"WebSite","@id":"https:\/\/www.moriartyinjurylawyer.com\/#website","url":"https:\/\/www.moriartyinjurylawyer.com\/","name":"Moriarty Injury Lawyer","description":"","potentialAction":[{"@type":"SearchAction","target":{"@type":"EntryPoint","urlTemplate":"https:\/\/www.moriartyinjurylawyer.com\/?s={search_term_string}"},"query-input":{"@type":"PropertyValueSpecification","valueRequired":true,"valueName":"search_term_string"}}],"inLanguage":"es"}]}},"_links":{"self":[{"href":"https:\/\/www.moriartyinjurylawyer.com\/es\/wp-json\/wp\/v2\/pages\/5432","targetHints":{"allow":["GET"]}}],"collection":[{"href":"https:\/\/www.moriartyinjurylawyer.com\/es\/wp-json\/wp\/v2\/pages"}],"about":[{"href":"https:\/\/www.moriartyinjurylawyer.com\/es\/wp-json\/wp\/v2\/types\/page"}],"author":[{"embeddable":true,"href":"https:\/\/www.moriartyinjurylawyer.com\/es\/wp-json\/wp\/v2\/users\/1"}],"replies":[{"embeddable":true,"href":"https:\/\/www.moriartyinjurylawyer.com\/es\/wp-json\/wp\/v2\/comments?post=5432"}],"version-history":[{"count":2,"href":"https:\/\/www.moriartyinjurylawyer.com\/es\/wp-json\/wp\/v2\/pages\/5432\/revisions"}],"predecessor-version":[{"id":5435,"href":"https:\/\/www.moriartyinjurylawyer.com\/es\/wp-json\/wp\/v2\/pages\/5432\/revisions\/5435"}],"up":[{"embeddable":true,"href":"https:\/\/www.moriartyinjurylawyer.com\/es\/wp-json\/wp\/v2\/pages\/5799"}],"wp:attachment":[{"href":"https:\/\/www.moriartyinjurylawyer.com\/es\/wp-json\/wp\/v2\/media?parent=5432"}],"curies":[{"name":"wp","href":"https:\/\/api.w.org\/{rel}","templated":true}]}}