{"id":5436,"date":"2021-06-18T14:51:18","date_gmt":"2021-06-18T14:51:18","guid":{"rendered":"https:\/\/www.moriartyinjurylawyer.com\/?page_id=5436"},"modified":"2021-06-18T14:51:18","modified_gmt":"2021-06-18T14:51:18","slug":"negligencia-medica-error-de-diagnostico","status":"publish","type":"page","link":"https:\/\/www.moriartyinjurylawyer.com\/es\/negligencia-por-error-de-diagnostico\/","title":{"rendered":"Negligencia M\u00e9dica \u2013 Error de Diagn\u00f3stico"},"content":{"rendered":"<h2>Negligencia M\u00e9dica &#8211; Abogado Especialista en Errores de Diagn\u00f3stico<\/h2>\n<p>No todos los casos de negligencia m\u00e9dica tratados por Moriarty Injury Lawyer \/ Abogado Especialista en Lesiones son debidos a procedimientos negligentes realizados por profesionales m\u00e9dicos. A menudo, los peores casos ocurren cuando no se hizo nada para proteger la salud del paciente, v\u00edctima de negligencia m\u00e9dica. No diagnosticar una enfermedad o un padecimiento, o hacerlo err\u00f3neamente puede ser uno de los tipos de negligencia m\u00e9dica m\u00e1s da\u00f1inos que existen y, casi siempre, son evitables.<\/p>\n<p>Una de las obligaciones de los doctores es escuchar a sus pacientes y examinar todos los s\u00edntomas que \u00e9stos presentan y comentan cuando acuden a consulta para recibir atenci\u00f3n m\u00e9dica. La amplia capacitaci\u00f3n acad\u00e9mica y profesional que reciben est\u00e1 dise\u00f1ada para que adquieran las herramientas necesarias para determinar las causas de una enfermedad. No se espera que todos los doctores conozcan todos los s\u00edntomas de cada una de las enfermedades y padecimientos existentes en la actualidad, pero tienen acceso a una innumerable variedad de pruebas de laboratorio, radiol\u00f3gicas, etc., que les proporcionar\u00e1n informaci\u00f3n complementaria para dar un diagn\u00f3stico correcto. Cuando ignoran los signos y s\u00edntomas obvios, o no realizan las pruebas necesarias para diagnosticar la enfermedad de un paciente y esto conduce a da\u00f1os, podr\u00edan ser responsables por inacci\u00f3n o falta en la toma de medidas.<\/p>\n<h3>Retraso en el Diagn\u00f3stico de Afecciones M\u00e9dicas<\/h3>\n<p>El retraso en el diagn\u00f3stico o la falla en \u00e9ste, son formas no poco comunes de mala pr\u00e1ctica m\u00e9dica o negligencia. Cuando una enfermedad o estado de salud de un paciente presenta s\u00edntomas o indicadores comunes de un padecimiento, se espera que el doctor explore y realice todas las pruebas necesarias para obtener un diagn\u00f3stico correcto del mismo. Dado que la mayor\u00eda de las enfermedades tienen un riesgo mucho menor de ocasionar lesiones o la muerte cuando se detectan y tratan a tiempo, el error o el retraso en el diagn\u00f3stico podr\u00edan ser fatales para el paciente. Algunos de los problemas m\u00e9dicos que, a menudo, se diagnostican tard\u00eda o err\u00f3neamente son:<\/p>\n<ul>\n<li>C\u00e1ncer<\/li>\n<li>Absceso cervical<\/li>\n<li>S\u00edndrome compartimental<\/li>\n<li>Absceso epidural<\/li>\n<li>Infarto de miocardio \/ Ataque al coraz\u00f3n<\/li>\n<li>Meningitis<\/li>\n<li>Ausencia de EKG \/ Ausencia de ECK<\/li>\n<li>Infecci\u00f3n postoperatoria<\/li>\n<li>Embolia pulmonar<\/li>\n<li>Absceso espinal<\/li>\n<li>Apoplej\u00eda<\/li>\n<\/ul>\n<p>Si usted o un alg\u00fan ser querido han padecido alguna de estas enfermedades y recibi\u00f3 un diagn\u00f3stico err\u00f3neo o tard\u00edo, caus\u00e1ndole un agravamiento de su problema m\u00e9dico, podr\u00edan haber sido v\u00edctimas de negligencia m\u00e9dica. P\u00f3ngase en contacto hoy mismo con nosotros y programe una consulta gratuita con el equipo de Moriarty Injury Lawyer \/ Abogado Especialista en Lesiones, donde analizaremos su caso y le asesoraremos en la b\u00fasqueda de una demanda por compensaci\u00f3n por diagn\u00f3stico err\u00f3neo o tard\u00edo.<\/p>\n","protected":false},"excerpt":{"rendered":"<p>Negligencia M\u00e9dica &#8211; Abogado Especialista en Errores de Diagn\u00f3stico No todos los casos de negligencia m\u00e9dica tratados por Moriarty Injury Lawyer \/ Abogado Especialista en Lesiones son debidos a procedimientos negligentes realizados por profesionales m\u00e9dicos. A menudo, los peores casos ocurren cuando no se hizo nada para proteger la salud del paciente, v\u00edctima de negligencia&hellip;<\/p>\n","protected":false},"author":1,"featured_media":0,"parent":5799,"menu_order":0,"comment_status":"closed","ping_status":"closed","template":"","meta":{"_acf_changed":false,"footnotes":""},"class_list":["post-5436","page","type-page","status-publish"],"acf":[],"yoast_head":"<!-- This site is optimized with the Yoast SEO plugin v25.6 - https:\/\/yoast.com\/wordpress\/plugins\/seo\/ -->\n<title>Abogado Especialista en Demandas por Error de Diagn\u00f3stico en Atlanta, Georgia | Abogado Especialista en Negligencias M\u00e9dicas<\/title>\n<meta name=\"description\" content=\"\u00bfUsted se ha enfermado o ha perdido a un ser querido debido al error de un doctor en el diagn\u00f3stico de un problema m\u00e9dico grave? Si es as\u00ed, p\u00f3ngase en contacto con el equipo de Moriarty Injury Lawyer \/ Abogado Especialista en Lesiones, donde analizaremos su caso y le asesoraremos sobre una posible compensaci\u00f3n por negligencia m\u00e9dica.\" \/>\n<meta name=\"robots\" content=\"index, follow, max-snippet:-1, max-image-preview:large, max-video-preview:-1\" \/>\n<link rel=\"canonical\" href=\"https:\/\/www.moriartyinjurylawyer.com\/es\/negligencia-por-error-de-diagnostico\/\" \/>\n<meta property=\"og:locale\" content=\"es_ES\" \/>\n<meta property=\"og:type\" content=\"article\" \/>\n<meta property=\"og:title\" content=\"Abogado Especialista en Demandas por Error de Diagn\u00f3stico en Atlanta, Georgia | Abogado Especialista en Negligencias M\u00e9dicas\" \/>\n<meta property=\"og:description\" content=\"\u00bfUsted se ha enfermado o ha perdido a un ser querido debido al error de un doctor en el diagn\u00f3stico de un problema m\u00e9dico grave? Si es as\u00ed, p\u00f3ngase en contacto con el equipo de Moriarty Injury Lawyer \/ Abogado Especialista en Lesiones, donde analizaremos su caso y le asesoraremos sobre una posible compensaci\u00f3n por negligencia m\u00e9dica.\" \/>\n<meta property=\"og:url\" content=\"https:\/\/www.moriartyinjurylawyer.com\/es\/negligencia-por-error-de-diagnostico\/\" \/>\n<meta property=\"og:site_name\" content=\"Moriarty Injury Lawyer\" \/>\n<meta name=\"twitter:card\" content=\"summary_large_image\" \/>\n<meta name=\"twitter:label1\" content=\"Tiempo de lectura\" \/>\n\t<meta name=\"twitter:data1\" content=\"2 minutos\" \/>\n<!-- \/ Yoast SEO plugin. -->","yoast_head_json":{"title":"Abogado Especialista en Demandas por Error de Diagn\u00f3stico en Atlanta, Georgia | Abogado Especialista en Negligencias M\u00e9dicas","description":"\u00bfUsted se ha enfermado o ha perdido a un ser querido debido al error de un doctor en el diagn\u00f3stico de un problema m\u00e9dico grave? Si es as\u00ed, p\u00f3ngase en contacto con el equipo de Moriarty Injury Lawyer \/ Abogado Especialista en Lesiones, donde analizaremos su caso y le asesoraremos sobre una posible compensaci\u00f3n por negligencia m\u00e9dica.","robots":{"index":"index","follow":"follow","max-snippet":"max-snippet:-1","max-image-preview":"max-image-preview:large","max-video-preview":"max-video-preview:-1"},"canonical":"https:\/\/www.moriartyinjurylawyer.com\/es\/negligencia-por-error-de-diagnostico\/","og_locale":"es_ES","og_type":"article","og_title":"Abogado Especialista en Demandas por Error de Diagn\u00f3stico en Atlanta, Georgia | Abogado Especialista en Negligencias M\u00e9dicas","og_description":"\u00bfUsted se ha enfermado o ha perdido a un ser querido debido al error de un doctor en el diagn\u00f3stico de un problema m\u00e9dico grave? Si es as\u00ed, p\u00f3ngase en contacto con el equipo de Moriarty Injury Lawyer \/ Abogado Especialista en Lesiones, donde analizaremos su caso y le asesoraremos sobre una posible compensaci\u00f3n por negligencia m\u00e9dica.","og_url":"https:\/\/www.moriartyinjurylawyer.com\/es\/negligencia-por-error-de-diagnostico\/","og_site_name":"Moriarty Injury Lawyer","twitter_card":"summary_large_image","twitter_misc":{"Tiempo de lectura":"2 minutos"},"schema":{"@context":"https:\/\/schema.org","@graph":[{"@type":"WebPage","@id":"https:\/\/www.moriartyinjurylawyer.com\/es\/negligencia-por-error-de-diagnostico\/","url":"https:\/\/www.moriartyinjurylawyer.com\/es\/negligencia-por-error-de-diagnostico\/","name":"Abogado Especialista en Demandas por Error de Diagn\u00f3stico en Atlanta, Georgia | Abogado Especialista en Negligencias M\u00e9dicas","isPartOf":{"@id":"https:\/\/www.moriartyinjurylawyer.com\/#website"},"datePublished":"2021-06-18T14:51:18+00:00","description":"\u00bfUsted se ha enfermado o ha perdido a un ser querido debido al error de un doctor en el diagn\u00f3stico de un problema m\u00e9dico grave? Si es as\u00ed, p\u00f3ngase en contacto con el equipo de Moriarty Injury Lawyer \/ Abogado Especialista en Lesiones, donde analizaremos su caso y le asesoraremos sobre una posible compensaci\u00f3n por negligencia m\u00e9dica.","breadcrumb":{"@id":"https:\/\/www.moriartyinjurylawyer.com\/es\/negligencia-por-error-de-diagnostico\/#breadcrumb"},"inLanguage":"es","potentialAction":[{"@type":"ReadAction","target":["https:\/\/www.moriartyinjurylawyer.com\/es\/negligencia-por-error-de-diagnostico\/"]}]},{"@type":"BreadcrumbList","@id":"https:\/\/www.moriartyinjurylawyer.com\/es\/negligencia-por-error-de-diagnostico\/#breadcrumb","itemListElement":[{"@type":"ListItem","position":1,"name":"Home","item":"https:\/\/www.moriartyinjurylawyer.com\/es\/"},{"@type":"ListItem","position":2,"name":"Especialidades","item":"https:\/\/www.moriartyinjurylawyer.com\/es\/especialidades\/"},{"@type":"ListItem","position":3,"name":"Negligencia M\u00e9dica \u2013 Error de Diagn\u00f3stico"}]},{"@type":"WebSite","@id":"https:\/\/www.moriartyinjurylawyer.com\/#website","url":"https:\/\/www.moriartyinjurylawyer.com\/","name":"Moriarty Injury Lawyer","description":"","potentialAction":[{"@type":"SearchAction","target":{"@type":"EntryPoint","urlTemplate":"https:\/\/www.moriartyinjurylawyer.com\/?s={search_term_string}"},"query-input":{"@type":"PropertyValueSpecification","valueRequired":true,"valueName":"search_term_string"}}],"inLanguage":"es"}]}},"_links":{"self":[{"href":"https:\/\/www.moriartyinjurylawyer.com\/es\/wp-json\/wp\/v2\/pages\/5436","targetHints":{"allow":["GET"]}}],"collection":[{"href":"https:\/\/www.moriartyinjurylawyer.com\/es\/wp-json\/wp\/v2\/pages"}],"about":[{"href":"https:\/\/www.moriartyinjurylawyer.com\/es\/wp-json\/wp\/v2\/types\/page"}],"author":[{"embeddable":true,"href":"https:\/\/www.moriartyinjurylawyer.com\/es\/wp-json\/wp\/v2\/users\/1"}],"replies":[{"embeddable":true,"href":"https:\/\/www.moriartyinjurylawyer.com\/es\/wp-json\/wp\/v2\/comments?post=5436"}],"version-history":[{"count":2,"href":"https:\/\/www.moriartyinjurylawyer.com\/es\/wp-json\/wp\/v2\/pages\/5436\/revisions"}],"predecessor-version":[{"id":5438,"href":"https:\/\/www.moriartyinjurylawyer.com\/es\/wp-json\/wp\/v2\/pages\/5436\/revisions\/5438"}],"up":[{"embeddable":true,"href":"https:\/\/www.moriartyinjurylawyer.com\/es\/wp-json\/wp\/v2\/pages\/5799"}],"wp:attachment":[{"href":"https:\/\/www.moriartyinjurylawyer.com\/es\/wp-json\/wp\/v2\/media?parent=5436"}],"curies":[{"name":"wp","href":"https:\/\/api.w.org\/{rel}","templated":true}]}}